{"id":10,"date":"2023-02-08T22:17:40","date_gmt":"2023-02-08T21:17:40","guid":{"rendered":"https:\/\/thierry-derparseghian.com\/?page_id=10"},"modified":"2024-05-28T13:53:56","modified_gmt":"2024-05-28T11:53:56","slug":"contact","status":"publish","type":"page","link":"https:\/\/thierry-derparseghian.com\/?page_id=10","title":{"rendered":"CONTACT"},"content":{"rendered":"\n<div style=\"height:100px\" aria-hidden=\"true\" class=\"wp-block-spacer\"><\/div>\n\n\n\n<div class=\"alignwide\"><div id=\"metaslider-id-2156\" style=\"width: 100%;\" class=\"ml-slider-3-28-3 metaslider metaslider-flex metaslider-2156 ml-slider\">\n    <div id=\"metaslider_container_2156\">\n        <div id=\"metaslider_2156\" class=\"flexslider\">\n            <ul aria-live=\"polite\" class=\"slides\">\n                <li style=\"display: block; width: 100%;\" class=\"slide-2157 ms-image\"><img decoding=\"async\" src=\"https:\/\/thierry-derparseghian.com\/wp-content\/uploads\/2023\/11\/les-desserts-gourmands-de-pierrette-tarte-aux-pommes-tarte-aux-fraises-0x0.jpg\" alt=\"\" class=\"slider-2156 slide-2157\" title=\"la-cuisine-armenienne-de-pierrette 4\" \/><\/li>\n                <li style=\"display: none; width: 100%;\" class=\"slide-2159 ms-image\"><img decoding=\"async\" src=\"https:\/\/thierry-derparseghian.com\/wp-content\/uploads\/2023\/11\/les-desserts-gourmands-de-pierrette-croquenbouche-0x0.jpg\" alt=\"\" class=\"slider-2156 slide-2159\" title=\"la-cuisine-armenienne-de-pierrette 4\" \/><\/li>\n                <li style=\"display: none; width: 100%;\" class=\"slide-2161 ms-image\"><img decoding=\"async\" src=\"https:\/\/thierry-derparseghian.com\/wp-content\/uploads\/2023\/02\/la-cuisine-armenienne-de-pierrette-aubergine-farcies-imanbayeldi-0x0.jpg\" alt=\"\" class=\"slider-2156 slide-2161\" title=\"la-cuisine-armenienne-de-pierrette 4\" \/><\/li>\n                <li style=\"display: none; width: 100%;\" class=\"slide-2158 ms-image\"><img decoding=\"async\" src=\"https:\/\/thierry-derparseghian.com\/wp-content\/uploads\/2023\/11\/les-desserts-gourmands-de-pierrette-sorbet-myrtilles-sorbet-fraises-0x0.jpg\" alt=\"\" class=\"slider-2156 slide-2158\" title=\"la-cuisine-armenienne-de-pierrette 4\" \/><\/li>\n                <li style=\"display: none; width: 100%;\" class=\"slide-2192 ms-image\"><img decoding=\"async\" src=\"https:\/\/thierry-derparseghian.com\/wp-content\/uploads\/2023\/11\/la-cuisine-meridionale-de-pierrette-salade-de-poulpe-huitres-gratineees-0x0.jpg\" alt=\"\" class=\"slider-2156 slide-2192\" title=\"la-cuisine-armenienne-de-pierrette 4\" \/><\/li>\n                <li style=\"display: none; width: 100%;\" class=\"slide-2162 ms-image\"><img decoding=\"async\" src=\"https:\/\/thierry-derparseghian.com\/wp-content\/uploads\/2023\/02\/la-cuisine-armenienne-de-pierrette-recette-baba-ganouch-houmous-0x0.jpg\" alt=\"\" class=\"slider-2156 slide-2162\" title=\"la-cuisine-armenienne-de-pierrette 4\" \/><\/li>\n                <li style=\"display: none; width: 100%;\" class=\"slide-2193 ms-image\"><img decoding=\"async\" src=\"https:\/\/thierry-derparseghian.com\/wp-content\/uploads\/2023\/11\/la-cuisine-meridionale-de-pierrette-bouillabaisse-0x0.jpg\" alt=\"\" class=\"slider-2156 slide-2193\" title=\"la-cuisine-armenienne-de-pierrette 4\" \/><\/li>\n                <li style=\"display: none; width: 100%;\" class=\"slide-2160 ms-image\"><img decoding=\"async\" src=\"https:\/\/thierry-derparseghian.com\/wp-content\/uploads\/2023\/02\/la-cuisine-armenienne-de-pierrette-salade-aubergine-roulades-noix-0x0.jpg\" alt=\"\" class=\"slider-2156 slide-2160\" title=\"la-cuisine-armenienne-de-pierrette 4\" \/><\/li>\n                <li style=\"display: none; width: 100%;\" class=\"slide-2194 ms-image\"><img decoding=\"async\" src=\"https:\/\/thierry-derparseghian.com\/wp-content\/uploads\/2023\/11\/la-cuisine-meridionale-de-pierrette_homard-provencale-bar-monegasque-0x0.jpg\" alt=\"\" class=\"slider-2156 slide-2194\" title=\"la-cuisine-armenienne-de-pierrette 4\" \/><\/li>\n            <\/ul>\n        <\/div>\n        \n    <\/div>\n<\/div><\/div>\n\n\n\n<h3 class=\"wp-block-heading has-text-align-center\">CONTACT<\/h3>\n\n\n\n<div class=\"wp-block-contact-form-7-contact-form-selector\">\n<div class=\"wpcf7 no-js\" id=\"wpcf7-f48-o1\" lang=\"fr-FR\" dir=\"ltr\">\n<div class=\"screen-reader-response\"><p role=\"status\" aria-live=\"polite\" aria-atomic=\"true\"><\/p> <ul><\/ul><\/div>\n<form action=\"\/index.php?rest_route=%2Fwp%2Fv2%2Fpages%2F10#wpcf7-f48-o1\" method=\"post\" class=\"wpcf7-form init\" aria-label=\"Formulaire de contact\" novalidate=\"novalidate\" data-status=\"init\">\n<div style=\"display: none;\">\n<input type=\"hidden\" name=\"_wpcf7\" value=\"48\" \/>\n<input type=\"hidden\" name=\"_wpcf7_version\" value=\"5.7.3\" \/>\n<input type=\"hidden\" name=\"_wpcf7_locale\" value=\"fr_FR\" \/>\n<input type=\"hidden\" name=\"_wpcf7_unit_tag\" value=\"wpcf7-f48-o1\" \/>\n<input type=\"hidden\" name=\"_wpcf7_container_post\" value=\"0\" \/>\n<input type=\"hidden\" name=\"_wpcf7_posted_data_hash\" value=\"\" \/>\n<\/div>\n<p><label> Votre pr\u00e9nom, votre nom<br \/>\n<span class=\"wpcf7-form-control-wrap\" data-name=\"your-name\"><input size=\"40\" class=\"wpcf7-form-control wpcf7-text wpcf7-validates-as-required\" autocomplete=\"name\" aria-required=\"true\" aria-invalid=\"false\" value=\"\" type=\"text\" name=\"your-name\" \/><\/span> <\/label>\n<\/p>\n<p><label> Votre e-mail<br \/>\n<span class=\"wpcf7-form-control-wrap\" data-name=\"your-email\"><input size=\"40\" class=\"wpcf7-form-control wpcf7-text wpcf7-email wpcf7-validates-as-required wpcf7-validates-as-email\" autocomplete=\"email\" aria-required=\"true\" aria-invalid=\"false\" value=\"\" type=\"email\" name=\"your-email\" \/><\/span> <\/label>\n<\/p>\n<p><label> Objet<br \/>\n<span class=\"wpcf7-form-control-wrap\" data-name=\"your-subject\"><input size=\"40\" class=\"wpcf7-form-control wpcf7-text wpcf7-validates-as-required\" aria-required=\"true\" aria-invalid=\"false\" value=\"\" type=\"text\" name=\"your-subject\" \/><\/span> <\/label>\n<\/p>\n<p><label> Votre message<br \/>\n<span class=\"wpcf7-form-control-wrap\" data-name=\"your-message\"><textarea cols=\"40\" rows=\"10\" class=\"wpcf7-form-control wpcf7-textarea\" aria-invalid=\"false\" name=\"your-message\"><\/textarea><\/span> <\/label>\n<\/p>\n<p><p><span class=\"wpcf7-form-control-wrap\"><input type=\"hidden\" name=\"php_start_time\" value=\"1776375082.186\" \/><input type=\"hidden\" name=\"js_end_time\" class=\"js_end_time\" value=\"\" \/><input type=\"hidden\" name=\"js_start_time\" class=\"js_start_time\" value=\"\" \/><input type=\"hidden\" id=\"Dentella_hash\" name=\"Dentella_hash\" value=\"$2y$10$oPYwo\/Itl4gHQqTM7NsThuoTmX83fnPBH4\/t0QKKKh9Ia2Hj\/GX8y\" \/><div class=\"\" ><label > CAPTCHA\u00a0: <span class=\"captcha-image\"><img decoding=\"async\" src=\"data:image\/png;base64,iVBORw0KGgoAAAANSUhEUgAAAH0AAAAeCAMAAAA2PuHjAAABL1BMVEX\/\/\/\/IyMj4+Pjq6urV1dXOzs7c3Nzx8fHj4+NFZ4mnr7iGl6hngJpxi6Sis8Tn7PBpgpzQ2eFVc5CUpba5xtKKoLV9kqhcepfDx8tzjaantMFwiaOap7SWo7Blf5huh6FbeZZZd5WwvcrL09yfq7i3u8DIyMja2tpFZ4lWc5GxucKirrt2i6CAlaqQobLb3+S0wc5shp\/IyMjY2NjNzc3KysrLzM25wMbZ2dmdqrd3jaNpg53MzMzR0dFFZ4mbrL2er8C8wcV3jKKCmK1\/k6ePoLF8kKVqg5yXqLlkf5qjsLy7v8PP09d7kKWJmquNnq+LnK3IyMhFZ4nV2d3h5epaeJbIyMhFZ4lXdJJ4jaKsuMXAydGInbLGztfIyMjLy8tFZ4m7xMzJzdGrtLyFmrA0xHPAAAAACXBIWXMAAA7EAAAOxAGVKw4bAAAEI0lEQVRIie1Wa5ecNBgGQrjuksKGZekWXHeFk6lsV0f7NW2t12qrxJFYa+dg6\/\/\/Db4Jl067PcdB7QePPh9mSAjv897yJIbxP\/4FsFzkIetdk1jXGVzk2Hit4bxDamSbAOyMDrieXdfY\/mQgth3Hht\/9rTkYLeB2saJWP6b6zHLqASaE7A4Oeev1bNHyHMdzdw1YtrPD5223C9gRUOvlCCt6C9e1IrXQp+s1nhbhOXjUatg7hXK6rnvlynYJuxWEB4cR0Y9Ar8inwO6uzanezuSIC8QIebjFM73Vdbibk4GXsJMbvkakTZsmVHz+1q6C4l6U5imF1I\/suLUHR9u5EZ3OtjtvHPxW2Puzx76fHFGajvQO1ByskzhWI49PyE\/Grrc8e4jSa9vRxFXVIXBgGDzvE2tvduL7oanMUT\/VEwjyHmUMkMcGSnjZ3KcxzXiznlJLojSKdfnHiZ\/lgeGNhbdWfW\/szZ76x6a5O+HUFXBnuXIgdUse1MhC3gOeTAapUEgNpx1LcS6lNNxuKPxxv4Q9809MvDthVysVNSBiLGp4Yeo9z5P10OREiIimQjxs27HSK\/lUUmg8NXzWPzlT7K6xDyDx+HV2HLJ8ipKxz3gIu872HvIj0DxlM84p6MOJEFPT\/SLDZzI1sCr8JindvN8sYLffYGeMTM8p+5yXxRdpDl0HTT5vfmi4UvxoTKE\/MGSmtrxhPO5fGAvYDR8yP9Z96PPbbDW\/pOzLqeezSMndbHQjknao7ZEskJFLgqDwN\/tb4HJ\/sTd77t8EgdGPkep660PWzCpC2Fc8ab6msWr61J3EFgRAiEdtq9ZtZAkZoZJC272AvC9jp\/7pIO6q\/WHHewVr5oYl7BueDL4Rzq8m9kyIjFhD113KMKiwLS8h9oM+qF6+POifhgG29zoTSebfMrVQgOxAwTGwj7qBjJhBxe+OSeKP1ushKyTOYcdprdtIjURKUPp+RrHd4rfSXQ\/eL1Tw8J+qA6diyaC0bl1fsjucfzusy3ig1M7xtAe5iDX7sWx+zTPlwG3cJWdZfnh42J+GAXL3vI6AxibleyD0uZZ5nLEC6El6ZVeMVQkPoBnQd485r2DDx2BYfRSJ+yrzG5noDJNIRlB4\/Yr297bb\/a9C9EwdMu+fu+qKgV3Y5UHtnDP20ccsrEsePmnKErr+e2U7FqVOaSruqK67IYuxGDI3us75C+yGcfFBUJkaSs9SxsoiCEFpm7puxh13ejEs\/UmEKgVCVJD452PoABBb3GnH4v73Zez6KgUYLyzDIQM4Rl5RNj9QGr9KlBBJuRKiUefsHDo0gqSgN2pE0vOl7G+Apjmc6TnLieVh77VX8aE6ZEJ9Gdpczfs6kikaC68uqH+HfDbJ4rfMkvjiekeTKLLGwv9jIH++ZAcWWnKV\/W\/iD2+hoNmIOEhLAAAAAElFTkSuQmCC\"\/><\/span> <a href=\"javascript:void(0);\" class=\"cf7 captcha-reload\" title=\"Recharger le CAPTCHA\"><img decoding=\"async\" style=\"margin-top:5px;\" src=\"https:\/\/thierry-derparseghian.com\/wp-content\/plugins\/captcha-for-contact-form-7\/core\/assets\/reload-icon.png\" alt=\"Recharger\"\/><\/a><\/label ><input class=\"f12c \" data-method = \"image\"  type=\"text\" id=\"Dentella\" name=\"Dentella\" placeholder=\"CAPTCHA\" value = \"\" \/><\/div > <\/span><\/p><input class=\"wpcf7-form-control has-spinner wpcf7-submit\" type=\"submit\" value=\"Envoyer\" \/>\n<\/p><div class=\"wpcf7-response-output\" aria-hidden=\"true\"><\/div>\n<\/form>\n<\/div>\n<\/div>\n\n\n\n<div style=\"height:100px\" aria-hidden=\"true\" class=\"wp-block-spacer\"><\/div>\n","protected":false},"excerpt":{"rendered":"<p>CONTACT<\/p>\n","protected":false},"author":1,"featured_media":0,"parent":0,"menu_order":0,"comment_status":"closed","ping_status":"closed","template":"","meta":{"footnotes":""},"class_list":["post-10","page","type-page","status-publish","hentry"],"yoast_head":"<!-- This site is optimized with the Yoast SEO plugin v20.3 - https:\/\/yoast.com\/wordpress\/plugins\/seo\/ -->\n<title>CONTACT - Thierry DER-PARSEGHIAN<\/title>\n<meta name=\"description\" content=\"Pour contacter Thierry DER-PARSEGHIAN : presse, TV, cin\u00e9ma, interview, s\u00e9ances de d\u00e9dicaces, conf\u00e9rences, etc.\" \/>\n<meta name=\"robots\" content=\"index, follow, max-snippet:-1, max-image-preview:large, max-video-preview:-1\" \/>\n<link rel=\"canonical\" href=\"https:\/\/thierry-derparseghian.com\/?page_id=10\" \/>\n<meta property=\"og:locale\" content=\"fr_FR\" \/>\n<meta property=\"og:type\" content=\"article\" \/>\n<meta property=\"og:title\" content=\"CONTACT - Thierry DER-PARSEGHIAN\" \/>\n<meta property=\"og:description\" content=\"Pour contacter Thierry DER-PARSEGHIAN : presse, TV, cin\u00e9ma, interview, s\u00e9ances de d\u00e9dicaces, conf\u00e9rences, etc.\" \/>\n<meta property=\"og:url\" content=\"https:\/\/thierry-derparseghian.com\/?page_id=10\" \/>\n<meta property=\"og:site_name\" content=\"Thierry DER-PARSEGHIAN\" \/>\n<meta property=\"article:modified_time\" content=\"2024-05-28T11:53:56+00:00\" \/>\n<meta name=\"twitter:card\" content=\"summary_large_image\" \/>\n<meta name=\"twitter:label1\" content=\"Dur\u00e9e de lecture estim\u00e9e\" \/>\n\t<meta name=\"twitter:data1\" content=\"1 minute\" \/>\n<script type=\"application\/ld+json\" class=\"yoast-schema-graph\">{\"@context\":\"https:\/\/schema.org\",\"@graph\":[{\"@type\":\"WebPage\",\"@id\":\"https:\/\/thierry-derparseghian.com\/?page_id=10\",\"url\":\"https:\/\/thierry-derparseghian.com\/?page_id=10\",\"name\":\"CONTACT - Thierry DER-PARSEGHIAN\",\"isPartOf\":{\"@id\":\"https:\/\/thierry-derparseghian.com\/#website\"},\"datePublished\":\"2023-02-08T21:17:40+00:00\",\"dateModified\":\"2024-05-28T11:53:56+00:00\",\"description\":\"Pour contacter Thierry DER-PARSEGHIAN : presse, TV, cin\u00e9ma, interview, s\u00e9ances de d\u00e9dicaces, conf\u00e9rences, etc.\",\"breadcrumb\":{\"@id\":\"https:\/\/thierry-derparseghian.com\/?page_id=10#breadcrumb\"},\"inLanguage\":\"fr-FR\",\"potentialAction\":[{\"@type\":\"ReadAction\",\"target\":[\"https:\/\/thierry-derparseghian.com\/?page_id=10\"]}]},{\"@type\":\"BreadcrumbList\",\"@id\":\"https:\/\/thierry-derparseghian.com\/?page_id=10#breadcrumb\",\"itemListElement\":[{\"@type\":\"ListItem\",\"position\":1,\"name\":\"Accueil\",\"item\":\"https:\/\/thierry-derparseghian.com\/\"},{\"@type\":\"ListItem\",\"position\":2,\"name\":\"CONTACT\"}]},{\"@type\":\"WebSite\",\"@id\":\"https:\/\/thierry-derparseghian.com\/#website\",\"url\":\"https:\/\/thierry-derparseghian.com\/\",\"name\":\"Thierry DER-PARSEGHIAN\",\"description\":\"Auteur, romancier\",\"publisher\":{\"@id\":\"https:\/\/thierry-derparseghian.com\/#\/schema\/person\/bd0e1bb200ca983d4c3359b2aa055508\"},\"inLanguage\":\"fr-FR\"},{\"@type\":[\"Person\",\"Organization\"],\"@id\":\"https:\/\/thierry-derparseghian.com\/#\/schema\/person\/bd0e1bb200ca983d4c3359b2aa055508\",\"name\":\"tdp\",\"image\":{\"@type\":\"ImageObject\",\"inLanguage\":\"fr-FR\",\"@id\":\"https:\/\/thierry-derparseghian.com\/#\/schema\/person\/image\/\",\"url\":\"https:\/\/thierry-derparseghian.com\/wp-content\/uploads\/2023\/03\/thierry_der-parseghian_500.jpg\",\"contentUrl\":\"https:\/\/thierry-derparseghian.com\/wp-content\/uploads\/2023\/03\/thierry_der-parseghian_500.jpg\",\"width\":500,\"height\":613,\"caption\":\"tdp\"},\"logo\":{\"@id\":\"https:\/\/thierry-derparseghian.com\/#\/schema\/person\/image\/\"},\"description\":\"Thierry DER-PARSEGHIAN est un auteur, romancier fran\u00e7ais n\u00e9 \u00e0 Marseille. Il enseigne le marketing, la strat\u00e9gie d'entreprise et le management commercial en \u00e9cole de commerce. Il publie \u00e9galement des ouvrages scolaires destin\u00e9s \u00e0 l'enseignement sup\u00e9rieur, mais aussi, par pure passion pour la gastronomie, des livres de cuisine !\",\"sameAs\":[\"https:\/\/thierry-derparseghian.com\",\"https:\/\/fr.linkedin.com\/in\/thierry-der-parseghian\"]}]}<\/script>\n<!-- \/ Yoast SEO plugin. -->","yoast_head_json":{"title":"CONTACT - Thierry DER-PARSEGHIAN","description":"Pour contacter Thierry DER-PARSEGHIAN : presse, TV, cin\u00e9ma, interview, s\u00e9ances de d\u00e9dicaces, conf\u00e9rences, etc.","robots":{"index":"index","follow":"follow","max-snippet":"max-snippet:-1","max-image-preview":"max-image-preview:large","max-video-preview":"max-video-preview:-1"},"canonical":"https:\/\/thierry-derparseghian.com\/?page_id=10","og_locale":"fr_FR","og_type":"article","og_title":"CONTACT - Thierry DER-PARSEGHIAN","og_description":"Pour contacter Thierry DER-PARSEGHIAN : presse, TV, cin\u00e9ma, interview, s\u00e9ances de d\u00e9dicaces, conf\u00e9rences, etc.","og_url":"https:\/\/thierry-derparseghian.com\/?page_id=10","og_site_name":"Thierry DER-PARSEGHIAN","article_modified_time":"2024-05-28T11:53:56+00:00","twitter_card":"summary_large_image","twitter_misc":{"Dur\u00e9e de lecture estim\u00e9e":"1 minute"},"schema":{"@context":"https:\/\/schema.org","@graph":[{"@type":"WebPage","@id":"https:\/\/thierry-derparseghian.com\/?page_id=10","url":"https:\/\/thierry-derparseghian.com\/?page_id=10","name":"CONTACT - Thierry DER-PARSEGHIAN","isPartOf":{"@id":"https:\/\/thierry-derparseghian.com\/#website"},"datePublished":"2023-02-08T21:17:40+00:00","dateModified":"2024-05-28T11:53:56+00:00","description":"Pour contacter Thierry DER-PARSEGHIAN : presse, TV, cin\u00e9ma, interview, s\u00e9ances de d\u00e9dicaces, conf\u00e9rences, etc.","breadcrumb":{"@id":"https:\/\/thierry-derparseghian.com\/?page_id=10#breadcrumb"},"inLanguage":"fr-FR","potentialAction":[{"@type":"ReadAction","target":["https:\/\/thierry-derparseghian.com\/?page_id=10"]}]},{"@type":"BreadcrumbList","@id":"https:\/\/thierry-derparseghian.com\/?page_id=10#breadcrumb","itemListElement":[{"@type":"ListItem","position":1,"name":"Accueil","item":"https:\/\/thierry-derparseghian.com\/"},{"@type":"ListItem","position":2,"name":"CONTACT"}]},{"@type":"WebSite","@id":"https:\/\/thierry-derparseghian.com\/#website","url":"https:\/\/thierry-derparseghian.com\/","name":"Thierry DER-PARSEGHIAN","description":"Auteur, romancier","publisher":{"@id":"https:\/\/thierry-derparseghian.com\/#\/schema\/person\/bd0e1bb200ca983d4c3359b2aa055508"},"inLanguage":"fr-FR"},{"@type":["Person","Organization"],"@id":"https:\/\/thierry-derparseghian.com\/#\/schema\/person\/bd0e1bb200ca983d4c3359b2aa055508","name":"tdp","image":{"@type":"ImageObject","inLanguage":"fr-FR","@id":"https:\/\/thierry-derparseghian.com\/#\/schema\/person\/image\/","url":"https:\/\/thierry-derparseghian.com\/wp-content\/uploads\/2023\/03\/thierry_der-parseghian_500.jpg","contentUrl":"https:\/\/thierry-derparseghian.com\/wp-content\/uploads\/2023\/03\/thierry_der-parseghian_500.jpg","width":500,"height":613,"caption":"tdp"},"logo":{"@id":"https:\/\/thierry-derparseghian.com\/#\/schema\/person\/image\/"},"description":"Thierry DER-PARSEGHIAN est un auteur, romancier fran\u00e7ais n\u00e9 \u00e0 Marseille. Il enseigne le marketing, la strat\u00e9gie d'entreprise et le management commercial en \u00e9cole de commerce. Il publie \u00e9galement des ouvrages scolaires destin\u00e9s \u00e0 l'enseignement sup\u00e9rieur, mais aussi, par pure passion pour la gastronomie, des livres de cuisine !","sameAs":["https:\/\/thierry-derparseghian.com","https:\/\/fr.linkedin.com\/in\/thierry-der-parseghian"]}]}},"_links":{"self":[{"href":"https:\/\/thierry-derparseghian.com\/index.php?rest_route=\/wp\/v2\/pages\/10","targetHints":{"allow":["GET"]}}],"collection":[{"href":"https:\/\/thierry-derparseghian.com\/index.php?rest_route=\/wp\/v2\/pages"}],"about":[{"href":"https:\/\/thierry-derparseghian.com\/index.php?rest_route=\/wp\/v2\/types\/page"}],"author":[{"embeddable":true,"href":"https:\/\/thierry-derparseghian.com\/index.php?rest_route=\/wp\/v2\/users\/1"}],"replies":[{"embeddable":true,"href":"https:\/\/thierry-derparseghian.com\/index.php?rest_route=%2Fwp%2Fv2%2Fcomments&post=10"}],"version-history":[{"count":9,"href":"https:\/\/thierry-derparseghian.com\/index.php?rest_route=\/wp\/v2\/pages\/10\/revisions"}],"predecessor-version":[{"id":3109,"href":"https:\/\/thierry-derparseghian.com\/index.php?rest_route=\/wp\/v2\/pages\/10\/revisions\/3109"}],"wp:attachment":[{"href":"https:\/\/thierry-derparseghian.com\/index.php?rest_route=%2Fwp%2Fv2%2Fmedia&parent=10"}],"curies":[{"name":"wp","href":"https:\/\/api.w.org\/{rel}","templated":true}]}}