{"id":410,"date":"2023-02-17T09:14:52","date_gmt":"2023-02-17T08:14:52","guid":{"rendered":"https:\/\/thierry-derparseghian.com\/?page_id=410"},"modified":"2024-05-28T13:11:26","modified_gmt":"2024-05-28T11:11:26","slug":"le-diagnostic-strategique-3","status":"publish","type":"page","link":"https:\/\/thierry-derparseghian.com\/?page_id=410","title":{"rendered":"ENSEIGNEMENT"},"content":{"rendered":"\n<div style=\"height:100px\" aria-hidden=\"true\" class=\"wp-block-spacer\"><\/div>\n\n\n\n<div class=\"alignwide\"><div id=\"metaslider-id-695\" style=\"width: 100%; margin: 0 auto;\" class=\"ml-slider-3-28-3 metaslider metaslider-flex metaslider-695 ml-slider\">\n    <div id=\"metaslider_container_695\">\n        <div id=\"metaslider_695\" class=\"flexslider\">\n            <ul aria-live=\"polite\" class=\"slides\">\n                <li style=\"display: block; width: 100%;\" class=\"slide-696 ms-image\"><img decoding=\"async\" src=\"https:\/\/thierry-derparseghian.com\/wp-content\/uploads\/2023\/02\/le-diagnostic-strategique-thierry-derparseghian-0x0.jpg\" alt=\"\" class=\"slider-695 slide-696\" title=\"le-diagnostic-strategique\" \/><\/li>\n            <\/ul>\n        <\/div>\n        \n    <\/div>\n<\/div><\/div>\n\n\n\n<h3 class=\"wp-block-heading has-text-align-center\">LE DIAGNOSTIC STRAT\u00c9GIQUE<\/h3>\n\n\n\n<div class=\"wp-block-media-text alignwide is-stacked-on-mobile\" style=\"grid-template-columns:32% auto\"><figure class=\"wp-block-media-text__media\"><img loading=\"lazy\" decoding=\"async\" width=\"870\" height=\"1024\" src=\"https:\/\/thierry-derparseghian.com\/wp-content\/uploads\/2023\/03\/thierry-derparseghian-le-diagnostic-strategique-870x1024.png\" alt=\"\" class=\"wp-image-1223 size-full\" srcset=\"https:\/\/thierry-derparseghian.com\/wp-content\/uploads\/2023\/03\/thierry-derparseghian-le-diagnostic-strategique-870x1024.png 870w, https:\/\/thierry-derparseghian.com\/wp-content\/uploads\/2023\/03\/thierry-derparseghian-le-diagnostic-strategique-255x300.png 255w, https:\/\/thierry-derparseghian.com\/wp-content\/uploads\/2023\/03\/thierry-derparseghian-le-diagnostic-strategique-768x904.png 768w, https:\/\/thierry-derparseghian.com\/wp-content\/uploads\/2023\/03\/thierry-derparseghian-le-diagnostic-strategique-1304x1536.png 1304w\" sizes=\"auto, (max-width: 870px) 100vw, 870px\" \/><\/figure><div class=\"wp-block-media-text__content\">\n<p class=\"has-medium-gray-color has-text-color\" style=\"text-align: justify;\">Le diagnostic strat\u00e9gique concerne toutes les entreprises et quelle que soit leur taille. Au m\u00eame titre qu\u2019un bilan m\u00e9dical, chaque structure devrait avoir son consultant traitant. Pourquoi ? Parce que rien n\u2019est acquis d\u2019avance. Le marketing n\u2019est pas une science exacte : nous serions sinon tous millionnaires ! Et se lancer sur un march\u00e9 sans d\u00e9tenir un positionnement clair, assorti d\u2019un solide plan de bataille pour r\u00e9ussir, constituerait en soi une grande erreur. Le diagnostic impose la r\u00e9flexion, la prise de recul, l\u2019analyse r\u00e9fl\u00e9chie et objective de l\u2019environnement complexe et instable au sein duquel \u00e9volue l\u2019entreprise : la d\u00e9tection des opportunit\u00e9s et des menaces permet d\u2019anticiper et de pr\u00e9voir pour mieux agir. L\u2019analyse interne de l\u2019organisation assure quant \u00e0 elle, la mise en exergue de ses forces et faiblesses, \u00e9tape n\u00e9cessaire et pr\u00e9alable \u00e0 toute prise de d\u00e9cision strat\u00e9gique qui engage l\u2019entreprise sur le long terme. Encore faut-il le faire dans les r\u00e8gles de l\u2019art en respectant pas-\u00e0-pas la m\u00e9thodologie : \u00e9tudes conjointes des macro, m\u00e9so, micro et e-environnement (PESTEL, secteur d\u2019activit\u00e9, 5 forces concurrentielles, branche, fili\u00e8re, offre et demande, groupes strat\u00e9giques, facteurs cl\u00e9s de succ\u00e8s, implantation, aire d\u2019attraction, clients, concurrents, administrations, partenaires, m\u00e9dias sociaux, influenceurs, avis Google, etc.). Puis, vient l\u2019audit de la bo\u00eete : cha\u00eene de valeur, ressources tangibles et intangibles, capacit\u00e9s, mod\u00e8le VRIO, comp\u00e9tences fondamentales, avantage concurrentiel, matrices SWOT, TOWS, BCG, ADL et McKinsey.<\/p>\n<p class=\"has-medium-gray-color has-text-color\" style=\"text-align: justify;\">En bref, un diagnostic strat\u00e9gique ne s\u2019improvise pas. Il permet de d\u00e9tecter un probl\u00e8me \u00e0 temps et de le r\u00e9soudre en choisissant la meilleure solution possible pour p\u00e9renniser les activit\u00e9s de l\u2019entreprise sur le long terme.<\/p>\n<p class=\"has-medium-gray-color has-text-color\" style=\"text-align: justify;\">Ce livre s\u2019adresse aux \u00e9tudiants, consultants et chefs d\u2019entreprise. Il reprend les outils d\u2019aide \u00e0 la d\u00e9cision d\u00e9velopp\u00e9s par les plus grands auteurs et contient une mine de donn\u00e9es et sources documentaires pour trouver les bonnes infos au bon moment.<\/p>\n<p>&nbsp;<\/p>\n<\/div><\/div>\n\n\n\n<div class=\"wp-block-buttons is-layout-flex wp-block-buttons-is-layout-flex\">\n<div class=\"wp-block-button\"><a class=\"wp-block-button__link wp-element-button\">EXTRAIT GRATUIT !<\/a><\/div>\n<\/div>\n\n\n\n<div class=\"_df_book df-lite\" id=\"df_2025\"  data-title=\"le-diagnostic-strategique\" _slug=\"le-diagnostic-strategique\" wpoptions=\"true\" thumb=\"https:\/\/thierry-derparseghian.com\/wp-content\/uploads\/2023\/03\/thierry-derparseghian-le-diagnostic-strategique.png\" thumbtype=\"bg\" ><\/div><script class=\"df-shortcode-script\" type=\"application\/javascript\">window.option_df_2025 = {\"outline\":[],\"backgroundColor\":\"CCCCCC\",\"forceFit\":\"true\",\"autoEnableOutline\":\"false\",\"autoEnableThumbnail\":\"false\",\"overwritePDFOutline\":\"false\",\"direction\":\"1\",\"pageSize\":\"0\",\"source\":\"https:\\\/\\\/thierry-derparseghian.com\\\/wp-content\\\/uploads\\\/2023\\\/11\\\/LE-DIAGNOSTIC-STRATEGIQUE-Extrait-gratuit.pdf\",\"wpOptions\":\"true\"}; if(window.DFLIP && window.DFLIP.parseBooks){window.DFLIP.parseBooks();}<\/script>\n","protected":false},"excerpt":{"rendered":"<p>LE DIAGNOSTIC STRAT\u00c9GIQUE Le diagnostic strat\u00e9gique concerne toutes les entreprises et quelle que soit leur<\/p>\n<p class=\"more-link\"><a href=\"https:\/\/thierry-derparseghian.com\/?page_id=410\" class=\"readmore\">Continue reading<span class=\"screen-reader-text\">ENSEIGNEMENT<\/span><\/a><\/p>\n","protected":false},"author":1,"featured_media":0,"parent":0,"menu_order":0,"comment_status":"closed","ping_status":"closed","template":"","meta":{"footnotes":""},"class_list":["post-410","page","type-page","status-publish","hentry"],"yoast_head":"<!-- This site is optimized with the Yoast SEO plugin v20.3 - https:\/\/yoast.com\/wordpress\/plugins\/seo\/ -->\n<title>ENSEIGNEMENT - Thierry DER-PARSEGHIAN<\/title>\n<meta name=\"description\" content=\"Le diagnostic strat\u00e9gique concerne toutes les entreprises et quelle que soit leur taille. Au m\u00eame titre qu\u2019un bilan m\u00e9dical, chaque structure devrait avoir son consultant traitant. Pourquoi ? Parce que rien n\u2019est acquis d\u2019avance. Le marketing n\u2019est pas une science exacte : nous serions sinon tous millionnaires ! Et se lancer sur un march\u00e9 sans d\u00e9tenir un positionnement clair, assorti d\u2019un solide plan de bataille pour r\u00e9ussir, constituerait en soi une grande erreur.\" \/>\n<meta name=\"robots\" content=\"index, follow, max-snippet:-1, max-image-preview:large, max-video-preview:-1\" \/>\n<link rel=\"canonical\" href=\"https:\/\/thierry-derparseghian.com\/?page_id=410\" \/>\n<meta property=\"og:locale\" content=\"fr_FR\" \/>\n<meta property=\"og:type\" content=\"article\" \/>\n<meta property=\"og:title\" content=\"ENSEIGNEMENT - Thierry DER-PARSEGHIAN\" \/>\n<meta property=\"og:description\" content=\"Le diagnostic strat\u00e9gique concerne toutes les entreprises et quelle que soit leur taille. Au m\u00eame titre qu\u2019un bilan m\u00e9dical, chaque structure devrait avoir son consultant traitant. Pourquoi ? Parce que rien n\u2019est acquis d\u2019avance. Le marketing n\u2019est pas une science exacte : nous serions sinon tous millionnaires ! Et se lancer sur un march\u00e9 sans d\u00e9tenir un positionnement clair, assorti d\u2019un solide plan de bataille pour r\u00e9ussir, constituerait en soi une grande erreur.\" \/>\n<meta property=\"og:url\" content=\"https:\/\/thierry-derparseghian.com\/?page_id=410\" \/>\n<meta property=\"og:site_name\" content=\"Thierry DER-PARSEGHIAN\" \/>\n<meta property=\"article:modified_time\" content=\"2024-05-28T11:11:26+00:00\" \/>\n<meta property=\"og:image\" content=\"https:\/\/thierry-derparseghian.com\/wp-content\/uploads\/2023\/03\/thierry-derparseghian-le-diagnostic-strategique-870x1024.png\" \/>\n<meta name=\"twitter:card\" content=\"summary_large_image\" \/>\n<meta name=\"twitter:label1\" content=\"Dur\u00e9e de lecture estim\u00e9e\" \/>\n\t<meta name=\"twitter:data1\" content=\"2 minutes\" \/>\n<script type=\"application\/ld+json\" class=\"yoast-schema-graph\">{\"@context\":\"https:\/\/schema.org\",\"@graph\":[{\"@type\":\"WebPage\",\"@id\":\"https:\/\/thierry-derparseghian.com\/?page_id=410\",\"url\":\"https:\/\/thierry-derparseghian.com\/?page_id=410\",\"name\":\"ENSEIGNEMENT - Thierry DER-PARSEGHIAN\",\"isPartOf\":{\"@id\":\"https:\/\/thierry-derparseghian.com\/#website\"},\"datePublished\":\"2023-02-17T08:14:52+00:00\",\"dateModified\":\"2024-05-28T11:11:26+00:00\",\"description\":\"Le diagnostic strat\u00e9gique concerne toutes les entreprises et quelle que soit leur taille. Au m\u00eame titre qu\u2019un bilan m\u00e9dical, chaque structure devrait avoir son consultant traitant. Pourquoi ? Parce que rien n\u2019est acquis d\u2019avance. Le marketing n\u2019est pas une science exacte : nous serions sinon tous millionnaires ! Et se lancer sur un march\u00e9 sans d\u00e9tenir un positionnement clair, assorti d\u2019un solide plan de bataille pour r\u00e9ussir, constituerait en soi une grande erreur.\",\"breadcrumb\":{\"@id\":\"https:\/\/thierry-derparseghian.com\/?page_id=410#breadcrumb\"},\"inLanguage\":\"fr-FR\",\"potentialAction\":[{\"@type\":\"ReadAction\",\"target\":[\"https:\/\/thierry-derparseghian.com\/?page_id=410\"]}]},{\"@type\":\"BreadcrumbList\",\"@id\":\"https:\/\/thierry-derparseghian.com\/?page_id=410#breadcrumb\",\"itemListElement\":[{\"@type\":\"ListItem\",\"position\":1,\"name\":\"Accueil\",\"item\":\"https:\/\/thierry-derparseghian.com\/\"},{\"@type\":\"ListItem\",\"position\":2,\"name\":\"ENSEIGNEMENT\"}]},{\"@type\":\"WebSite\",\"@id\":\"https:\/\/thierry-derparseghian.com\/#website\",\"url\":\"https:\/\/thierry-derparseghian.com\/\",\"name\":\"Thierry DER-PARSEGHIAN\",\"description\":\"Auteur, romancier\",\"publisher\":{\"@id\":\"https:\/\/thierry-derparseghian.com\/#\/schema\/person\/bd0e1bb200ca983d4c3359b2aa055508\"},\"inLanguage\":\"fr-FR\"},{\"@type\":[\"Person\",\"Organization\"],\"@id\":\"https:\/\/thierry-derparseghian.com\/#\/schema\/person\/bd0e1bb200ca983d4c3359b2aa055508\",\"name\":\"tdp\",\"image\":{\"@type\":\"ImageObject\",\"inLanguage\":\"fr-FR\",\"@id\":\"https:\/\/thierry-derparseghian.com\/#\/schema\/person\/image\/\",\"url\":\"https:\/\/thierry-derparseghian.com\/wp-content\/uploads\/2023\/03\/thierry_der-parseghian_500.jpg\",\"contentUrl\":\"https:\/\/thierry-derparseghian.com\/wp-content\/uploads\/2023\/03\/thierry_der-parseghian_500.jpg\",\"width\":500,\"height\":613,\"caption\":\"tdp\"},\"logo\":{\"@id\":\"https:\/\/thierry-derparseghian.com\/#\/schema\/person\/image\/\"},\"description\":\"Thierry DER-PARSEGHIAN est un auteur, romancier fran\u00e7ais n\u00e9 \u00e0 Marseille. Il enseigne le marketing, la strat\u00e9gie d'entreprise et le management commercial en \u00e9cole de commerce. Il publie \u00e9galement des ouvrages scolaires destin\u00e9s \u00e0 l'enseignement sup\u00e9rieur, mais aussi, par pure passion pour la gastronomie, des livres de cuisine !\",\"sameAs\":[\"https:\/\/thierry-derparseghian.com\",\"https:\/\/fr.linkedin.com\/in\/thierry-der-parseghian\"]}]}<\/script>\n<!-- \/ Yoast SEO plugin. -->","yoast_head_json":{"title":"ENSEIGNEMENT - Thierry DER-PARSEGHIAN","description":"Le diagnostic strat\u00e9gique concerne toutes les entreprises et quelle que soit leur taille. Au m\u00eame titre qu\u2019un bilan m\u00e9dical, chaque structure devrait avoir son consultant traitant. Pourquoi ? Parce que rien n\u2019est acquis d\u2019avance. Le marketing n\u2019est pas une science exacte : nous serions sinon tous millionnaires ! Et se lancer sur un march\u00e9 sans d\u00e9tenir un positionnement clair, assorti d\u2019un solide plan de bataille pour r\u00e9ussir, constituerait en soi une grande erreur.","robots":{"index":"index","follow":"follow","max-snippet":"max-snippet:-1","max-image-preview":"max-image-preview:large","max-video-preview":"max-video-preview:-1"},"canonical":"https:\/\/thierry-derparseghian.com\/?page_id=410","og_locale":"fr_FR","og_type":"article","og_title":"ENSEIGNEMENT - Thierry DER-PARSEGHIAN","og_description":"Le diagnostic strat\u00e9gique concerne toutes les entreprises et quelle que soit leur taille. Au m\u00eame titre qu\u2019un bilan m\u00e9dical, chaque structure devrait avoir son consultant traitant. Pourquoi ? Parce que rien n\u2019est acquis d\u2019avance. Le marketing n\u2019est pas une science exacte : nous serions sinon tous millionnaires ! Et se lancer sur un march\u00e9 sans d\u00e9tenir un positionnement clair, assorti d\u2019un solide plan de bataille pour r\u00e9ussir, constituerait en soi une grande erreur.","og_url":"https:\/\/thierry-derparseghian.com\/?page_id=410","og_site_name":"Thierry DER-PARSEGHIAN","article_modified_time":"2024-05-28T11:11:26+00:00","og_image":[{"url":"https:\/\/thierry-derparseghian.com\/wp-content\/uploads\/2023\/03\/thierry-derparseghian-le-diagnostic-strategique-870x1024.png"}],"twitter_card":"summary_large_image","twitter_misc":{"Dur\u00e9e de lecture estim\u00e9e":"2 minutes"},"schema":{"@context":"https:\/\/schema.org","@graph":[{"@type":"WebPage","@id":"https:\/\/thierry-derparseghian.com\/?page_id=410","url":"https:\/\/thierry-derparseghian.com\/?page_id=410","name":"ENSEIGNEMENT - Thierry DER-PARSEGHIAN","isPartOf":{"@id":"https:\/\/thierry-derparseghian.com\/#website"},"datePublished":"2023-02-17T08:14:52+00:00","dateModified":"2024-05-28T11:11:26+00:00","description":"Le diagnostic strat\u00e9gique concerne toutes les entreprises et quelle que soit leur taille. Au m\u00eame titre qu\u2019un bilan m\u00e9dical, chaque structure devrait avoir son consultant traitant. Pourquoi ? Parce que rien n\u2019est acquis d\u2019avance. Le marketing n\u2019est pas une science exacte : nous serions sinon tous millionnaires ! Et se lancer sur un march\u00e9 sans d\u00e9tenir un positionnement clair, assorti d\u2019un solide plan de bataille pour r\u00e9ussir, constituerait en soi une grande erreur.","breadcrumb":{"@id":"https:\/\/thierry-derparseghian.com\/?page_id=410#breadcrumb"},"inLanguage":"fr-FR","potentialAction":[{"@type":"ReadAction","target":["https:\/\/thierry-derparseghian.com\/?page_id=410"]}]},{"@type":"BreadcrumbList","@id":"https:\/\/thierry-derparseghian.com\/?page_id=410#breadcrumb","itemListElement":[{"@type":"ListItem","position":1,"name":"Accueil","item":"https:\/\/thierry-derparseghian.com\/"},{"@type":"ListItem","position":2,"name":"ENSEIGNEMENT"}]},{"@type":"WebSite","@id":"https:\/\/thierry-derparseghian.com\/#website","url":"https:\/\/thierry-derparseghian.com\/","name":"Thierry DER-PARSEGHIAN","description":"Auteur, romancier","publisher":{"@id":"https:\/\/thierry-derparseghian.com\/#\/schema\/person\/bd0e1bb200ca983d4c3359b2aa055508"},"inLanguage":"fr-FR"},{"@type":["Person","Organization"],"@id":"https:\/\/thierry-derparseghian.com\/#\/schema\/person\/bd0e1bb200ca983d4c3359b2aa055508","name":"tdp","image":{"@type":"ImageObject","inLanguage":"fr-FR","@id":"https:\/\/thierry-derparseghian.com\/#\/schema\/person\/image\/","url":"https:\/\/thierry-derparseghian.com\/wp-content\/uploads\/2023\/03\/thierry_der-parseghian_500.jpg","contentUrl":"https:\/\/thierry-derparseghian.com\/wp-content\/uploads\/2023\/03\/thierry_der-parseghian_500.jpg","width":500,"height":613,"caption":"tdp"},"logo":{"@id":"https:\/\/thierry-derparseghian.com\/#\/schema\/person\/image\/"},"description":"Thierry DER-PARSEGHIAN est un auteur, romancier fran\u00e7ais n\u00e9 \u00e0 Marseille. Il enseigne le marketing, la strat\u00e9gie d'entreprise et le management commercial en \u00e9cole de commerce. Il publie \u00e9galement des ouvrages scolaires destin\u00e9s \u00e0 l'enseignement sup\u00e9rieur, mais aussi, par pure passion pour la gastronomie, des livres de cuisine !","sameAs":["https:\/\/thierry-derparseghian.com","https:\/\/fr.linkedin.com\/in\/thierry-der-parseghian"]}]}},"_links":{"self":[{"href":"https:\/\/thierry-derparseghian.com\/index.php?rest_route=\/wp\/v2\/pages\/410","targetHints":{"allow":["GET"]}}],"collection":[{"href":"https:\/\/thierry-derparseghian.com\/index.php?rest_route=\/wp\/v2\/pages"}],"about":[{"href":"https:\/\/thierry-derparseghian.com\/index.php?rest_route=\/wp\/v2\/types\/page"}],"author":[{"embeddable":true,"href":"https:\/\/thierry-derparseghian.com\/index.php?rest_route=\/wp\/v2\/users\/1"}],"replies":[{"embeddable":true,"href":"https:\/\/thierry-derparseghian.com\/index.php?rest_route=%2Fwp%2Fv2%2Fcomments&post=410"}],"version-history":[{"count":29,"href":"https:\/\/thierry-derparseghian.com\/index.php?rest_route=\/wp\/v2\/pages\/410\/revisions"}],"predecessor-version":[{"id":2033,"href":"https:\/\/thierry-derparseghian.com\/index.php?rest_route=\/wp\/v2\/pages\/410\/revisions\/2033"}],"wp:attachment":[{"href":"https:\/\/thierry-derparseghian.com\/index.php?rest_route=%2Fwp%2Fv2%2Fmedia&parent=410"}],"curies":[{"name":"wp","href":"https:\/\/api.w.org\/{rel}","templated":true}]}}