{"id":725,"date":"2023-02-22T14:12:35","date_gmt":"2023-02-22T13:12:35","guid":{"rendered":"https:\/\/thierry-derparseghian.com\/?page_id=725"},"modified":"2023-03-23T11:06:30","modified_gmt":"2023-03-23T10:06:30","slug":"rgdp","status":"publish","type":"page","link":"https:\/\/thierry-derparseghian.com\/?page_id=725","title":{"rendered":"RGDP"},"content":{"rendered":"\n<div style=\"height:100px\" aria-hidden=\"true\" class=\"wp-block-spacer\"><\/div>\n\n\n\n<h3 class=\"has-text-align-center wp-block-heading\">RGDP &#8211; R\u00e8glement g\u00e9n\u00e9ral sur la protection des donn\u00e9es.<\/h3>\n\n\n\n<p class=\"has-text-align-center\"><em>Le r\u00e8glement g\u00e9n\u00e9ral sur la protection des donn\u00e9es (RGPD) impose une information concise, transparente, compr\u00e9hensible et ais\u00e9ment accessible des personnes concern\u00e9es. Cette obligation de transparence est d\u00e9finie aux articles 12, 13 et 14 du RGPD. La CNIL fait le point sur les mesures permettant de respecter cette obligation.<\/em><\/p>\n\n\n\n<p class=\"has-text-align-center\">Le RGPD&nbsp;impose une information compl\u00e8te et pr\u00e9cise. Les modalit\u00e9s de fourniture et de pr\u00e9sentation de cette information doivent \u00eatre adapt\u00e9es au contexte.<\/p>\n\n\n\n<p class=\"has-text-align-center\">La transparence permet aux personnes concern\u00e9es : <\/p>\n\n\n\n<ul class=\"wp-block-list\">\n<li>De conna\u00eetre la raison de la collecte des diff\u00e9rentes donn\u00e9es les concernant&nbsp;;<\/li>\n\n\n\n<li>De comprendre le traitement qui sera fait de leurs donn\u00e9es&nbsp;;<\/li>\n\n\n\n<li>D&rsquo;assurer la ma\u00eetrise de leurs donn\u00e9es, en facilitant l\u2019exercice de leurs droits.<\/li>\n<\/ul>\n\n\n\n<p class=\"has-text-align-center\">Pour les responsables de traitement, elle contribue \u00e0 un traitement loyal des donn\u00e9es et permet d\u2019instaurer une relation de confiance avec les personnes concern\u00e9es.<\/p>\n\n\n\n<p class=\"has-text-align-center\">Les informations recueillies sur le formulaire de contact sont enregistr\u00e9es dans un fichier informatis\u00e9 par&nbsp;<strong>le responsable de la publication&nbsp;du site www.thierry-derparseghian.com<\/strong> pour&nbsp;<strong>garder un historique de la relation client<\/strong>. <\/p>\n\n\n\n<p class=\"has-text-align-center\">Les donn\u00e9es collect\u00e9es seront communiqu\u00e9es aux seuls destinataires suivants :&nbsp;<strong>Le responsable de la publication du site www.thierry-derparseghian.com.<\/strong><\/p>\n\n\n\n<p class=\"has-text-align-center\">Les donn\u00e9es sont conserv\u00e9es pendant un an.<\/p>\n\n\n\n<p class=\"has-text-align-center\">Vous pouvez acc\u00e9der aux donn\u00e9es vous concernant, les rectifier, demander leur effacement ou exercer votre droit \u00e0 la limitation du traitement de vos donn\u00e9es.&nbsp;Vous pouvez retirer \u00e0 tout moment votre consentement au traitement de vos donn\u00e9es. Vous pouvez \u00e9galement vous opposer au traitement de vos donn\u00e9es. Vous pouvez \u00e9galement exercer votre droit \u00e0 la portabilit\u00e9 de vos donn\u00e9es)<\/p>\n\n\n\n<p class=\"has-text-align-center\">Consultez le site&nbsp;cnil.fr pour plus d\u2019informations sur vos droits.<\/p>\n\n\n\n<p class=\"has-text-align-center\">Pour exercer ces droits ou pour toute question sur le traitement de vos donn\u00e9es dans ce dispositif, vous pouvez contacter&nbsp;via le formulaire de contact, le cas \u00e9ch\u00e9ant, notre d\u00e9l\u00e9gu\u00e9 \u00e0 la protection des donn\u00e9es ou le service charg\u00e9 de l\u2019exercice de ces droits).<\/p>\n\n\n\n<p class=\"has-text-align-center\">Si vous estimez, apr\u00e8s nous avoir contact\u00e9s, que vos droits \u00ab&nbsp;Informatique et Libert\u00e9s&nbsp;\u00bb ne sont pas respect\u00e9s, vous pouvez adresser une r\u00e9clamation \u00e0 la CNIL.<\/p>\n\n\n\n<p class=\"has-text-align-center\">Source : www.cnil.fr &#8211; Commission nationale de l&rsquo;informatique et des libert\u00e9s<\/p>\n\n\n\n<p class=\"has-text-align-center\">3, place de Fontenoy &#8211; UNESCO, 75007<\/p>\n\n\n\n<div style=\"height:100px\" aria-hidden=\"true\" class=\"wp-block-spacer\"><\/div>\n","protected":false},"excerpt":{"rendered":"<p>RGDP &#8211; R\u00e8glement g\u00e9n\u00e9ral sur la protection des donn\u00e9es. Le r\u00e8glement g\u00e9n\u00e9ral sur la protection<\/p>\n<p class=\"more-link\"><a href=\"https:\/\/thierry-derparseghian.com\/?page_id=725\" class=\"readmore\">Continue reading<span class=\"screen-reader-text\">RGDP<\/span><\/a><\/p>\n","protected":false},"author":1,"featured_media":0,"parent":0,"menu_order":0,"comment_status":"closed","ping_status":"closed","template":"","meta":{"footnotes":""},"class_list":["post-725","page","type-page","status-publish","hentry"],"yoast_head":"<!-- This site is optimized with the Yoast SEO plugin v20.3 - https:\/\/yoast.com\/wordpress\/plugins\/seo\/ -->\n<title>RGDP - Thierry DER-PARSEGHIAN<\/title>\n<meta name=\"description\" content=\"Le r\u00e8glement g\u00e9n\u00e9ral sur la protection des donn\u00e9es (RGPD) impose une information concise, transparente, compr\u00e9hensible et ais\u00e9ment accessible des personnes concern\u00e9es. Cette obligation de transparence est d\u00e9finie aux articles 12, 13 et 14 du RGPD. La CNIL fait le point sur les mesures permettant de respecter cette obligation.\" \/>\n<meta name=\"robots\" content=\"index, follow, max-snippet:-1, max-image-preview:large, max-video-preview:-1\" \/>\n<link rel=\"canonical\" href=\"https:\/\/thierry-derparseghian.com\/?page_id=725\" \/>\n<meta property=\"og:locale\" content=\"fr_FR\" \/>\n<meta property=\"og:type\" content=\"article\" \/>\n<meta property=\"og:title\" content=\"RGDP - Thierry DER-PARSEGHIAN\" \/>\n<meta property=\"og:description\" content=\"Le r\u00e8glement g\u00e9n\u00e9ral sur la protection des donn\u00e9es (RGPD) impose une information concise, transparente, compr\u00e9hensible et ais\u00e9ment accessible des personnes concern\u00e9es. Cette obligation de transparence est d\u00e9finie aux articles 12, 13 et 14 du RGPD. La CNIL fait le point sur les mesures permettant de respecter cette obligation.\" \/>\n<meta property=\"og:url\" content=\"https:\/\/thierry-derparseghian.com\/?page_id=725\" \/>\n<meta property=\"og:site_name\" content=\"Thierry DER-PARSEGHIAN\" \/>\n<meta property=\"article:modified_time\" content=\"2023-03-23T10:06:30+00:00\" \/>\n<meta name=\"twitter:card\" content=\"summary_large_image\" \/>\n<meta name=\"twitter:label1\" content=\"Dur\u00e9e de lecture estim\u00e9e\" \/>\n\t<meta name=\"twitter:data1\" content=\"2 minutes\" \/>\n<script type=\"application\/ld+json\" class=\"yoast-schema-graph\">{\"@context\":\"https:\/\/schema.org\",\"@graph\":[{\"@type\":\"WebPage\",\"@id\":\"https:\/\/thierry-derparseghian.com\/?page_id=725\",\"url\":\"https:\/\/thierry-derparseghian.com\/?page_id=725\",\"name\":\"RGDP - Thierry DER-PARSEGHIAN\",\"isPartOf\":{\"@id\":\"https:\/\/thierry-derparseghian.com\/#website\"},\"datePublished\":\"2023-02-22T13:12:35+00:00\",\"dateModified\":\"2023-03-23T10:06:30+00:00\",\"description\":\"Le r\u00e8glement g\u00e9n\u00e9ral sur la protection des donn\u00e9es (RGPD) impose une information concise, transparente, compr\u00e9hensible et ais\u00e9ment accessible des personnes concern\u00e9es. Cette obligation de transparence est d\u00e9finie aux articles 12, 13 et 14 du RGPD. La CNIL fait le point sur les mesures permettant de respecter cette obligation.\",\"breadcrumb\":{\"@id\":\"https:\/\/thierry-derparseghian.com\/?page_id=725#breadcrumb\"},\"inLanguage\":\"fr-FR\",\"potentialAction\":[{\"@type\":\"ReadAction\",\"target\":[\"https:\/\/thierry-derparseghian.com\/?page_id=725\"]}]},{\"@type\":\"BreadcrumbList\",\"@id\":\"https:\/\/thierry-derparseghian.com\/?page_id=725#breadcrumb\",\"itemListElement\":[{\"@type\":\"ListItem\",\"position\":1,\"name\":\"Accueil\",\"item\":\"https:\/\/thierry-derparseghian.com\/\"},{\"@type\":\"ListItem\",\"position\":2,\"name\":\"RGDP\"}]},{\"@type\":\"WebSite\",\"@id\":\"https:\/\/thierry-derparseghian.com\/#website\",\"url\":\"https:\/\/thierry-derparseghian.com\/\",\"name\":\"Thierry DER-PARSEGHIAN\",\"description\":\"Auteur, romancier\",\"publisher\":{\"@id\":\"https:\/\/thierry-derparseghian.com\/#\/schema\/person\/bd0e1bb200ca983d4c3359b2aa055508\"},\"inLanguage\":\"fr-FR\"},{\"@type\":[\"Person\",\"Organization\"],\"@id\":\"https:\/\/thierry-derparseghian.com\/#\/schema\/person\/bd0e1bb200ca983d4c3359b2aa055508\",\"name\":\"tdp\",\"image\":{\"@type\":\"ImageObject\",\"inLanguage\":\"fr-FR\",\"@id\":\"https:\/\/thierry-derparseghian.com\/#\/schema\/person\/image\/\",\"url\":\"https:\/\/thierry-derparseghian.com\/wp-content\/uploads\/2023\/03\/thierry_der-parseghian_500.jpg\",\"contentUrl\":\"https:\/\/thierry-derparseghian.com\/wp-content\/uploads\/2023\/03\/thierry_der-parseghian_500.jpg\",\"width\":500,\"height\":613,\"caption\":\"tdp\"},\"logo\":{\"@id\":\"https:\/\/thierry-derparseghian.com\/#\/schema\/person\/image\/\"},\"description\":\"Thierry DER-PARSEGHIAN est un auteur, romancier fran\u00e7ais n\u00e9 \u00e0 Marseille. Il enseigne le marketing, la strat\u00e9gie d'entreprise et le management commercial en \u00e9cole de commerce. Il publie \u00e9galement des ouvrages scolaires destin\u00e9s \u00e0 l'enseignement sup\u00e9rieur, mais aussi, par pure passion pour la gastronomie, des livres de cuisine !\",\"sameAs\":[\"https:\/\/thierry-derparseghian.com\",\"https:\/\/fr.linkedin.com\/in\/thierry-der-parseghian\"]}]}<\/script>\n<!-- \/ Yoast SEO plugin. -->","yoast_head_json":{"title":"RGDP - Thierry DER-PARSEGHIAN","description":"Le r\u00e8glement g\u00e9n\u00e9ral sur la protection des donn\u00e9es (RGPD) impose une information concise, transparente, compr\u00e9hensible et ais\u00e9ment accessible des personnes concern\u00e9es. Cette obligation de transparence est d\u00e9finie aux articles 12, 13 et 14 du RGPD. La CNIL fait le point sur les mesures permettant de respecter cette obligation.","robots":{"index":"index","follow":"follow","max-snippet":"max-snippet:-1","max-image-preview":"max-image-preview:large","max-video-preview":"max-video-preview:-1"},"canonical":"https:\/\/thierry-derparseghian.com\/?page_id=725","og_locale":"fr_FR","og_type":"article","og_title":"RGDP - Thierry DER-PARSEGHIAN","og_description":"Le r\u00e8glement g\u00e9n\u00e9ral sur la protection des donn\u00e9es (RGPD) impose une information concise, transparente, compr\u00e9hensible et ais\u00e9ment accessible des personnes concern\u00e9es. Cette obligation de transparence est d\u00e9finie aux articles 12, 13 et 14 du RGPD. La CNIL fait le point sur les mesures permettant de respecter cette obligation.","og_url":"https:\/\/thierry-derparseghian.com\/?page_id=725","og_site_name":"Thierry DER-PARSEGHIAN","article_modified_time":"2023-03-23T10:06:30+00:00","twitter_card":"summary_large_image","twitter_misc":{"Dur\u00e9e de lecture estim\u00e9e":"2 minutes"},"schema":{"@context":"https:\/\/schema.org","@graph":[{"@type":"WebPage","@id":"https:\/\/thierry-derparseghian.com\/?page_id=725","url":"https:\/\/thierry-derparseghian.com\/?page_id=725","name":"RGDP - Thierry DER-PARSEGHIAN","isPartOf":{"@id":"https:\/\/thierry-derparseghian.com\/#website"},"datePublished":"2023-02-22T13:12:35+00:00","dateModified":"2023-03-23T10:06:30+00:00","description":"Le r\u00e8glement g\u00e9n\u00e9ral sur la protection des donn\u00e9es (RGPD) impose une information concise, transparente, compr\u00e9hensible et ais\u00e9ment accessible des personnes concern\u00e9es. Cette obligation de transparence est d\u00e9finie aux articles 12, 13 et 14 du RGPD. La CNIL fait le point sur les mesures permettant de respecter cette obligation.","breadcrumb":{"@id":"https:\/\/thierry-derparseghian.com\/?page_id=725#breadcrumb"},"inLanguage":"fr-FR","potentialAction":[{"@type":"ReadAction","target":["https:\/\/thierry-derparseghian.com\/?page_id=725"]}]},{"@type":"BreadcrumbList","@id":"https:\/\/thierry-derparseghian.com\/?page_id=725#breadcrumb","itemListElement":[{"@type":"ListItem","position":1,"name":"Accueil","item":"https:\/\/thierry-derparseghian.com\/"},{"@type":"ListItem","position":2,"name":"RGDP"}]},{"@type":"WebSite","@id":"https:\/\/thierry-derparseghian.com\/#website","url":"https:\/\/thierry-derparseghian.com\/","name":"Thierry DER-PARSEGHIAN","description":"Auteur, romancier","publisher":{"@id":"https:\/\/thierry-derparseghian.com\/#\/schema\/person\/bd0e1bb200ca983d4c3359b2aa055508"},"inLanguage":"fr-FR"},{"@type":["Person","Organization"],"@id":"https:\/\/thierry-derparseghian.com\/#\/schema\/person\/bd0e1bb200ca983d4c3359b2aa055508","name":"tdp","image":{"@type":"ImageObject","inLanguage":"fr-FR","@id":"https:\/\/thierry-derparseghian.com\/#\/schema\/person\/image\/","url":"https:\/\/thierry-derparseghian.com\/wp-content\/uploads\/2023\/03\/thierry_der-parseghian_500.jpg","contentUrl":"https:\/\/thierry-derparseghian.com\/wp-content\/uploads\/2023\/03\/thierry_der-parseghian_500.jpg","width":500,"height":613,"caption":"tdp"},"logo":{"@id":"https:\/\/thierry-derparseghian.com\/#\/schema\/person\/image\/"},"description":"Thierry DER-PARSEGHIAN est un auteur, romancier fran\u00e7ais n\u00e9 \u00e0 Marseille. Il enseigne le marketing, la strat\u00e9gie d'entreprise et le management commercial en \u00e9cole de commerce. Il publie \u00e9galement des ouvrages scolaires destin\u00e9s \u00e0 l'enseignement sup\u00e9rieur, mais aussi, par pure passion pour la gastronomie, des livres de cuisine !","sameAs":["https:\/\/thierry-derparseghian.com","https:\/\/fr.linkedin.com\/in\/thierry-der-parseghian"]}]}},"_links":{"self":[{"href":"https:\/\/thierry-derparseghian.com\/index.php?rest_route=\/wp\/v2\/pages\/725","targetHints":{"allow":["GET"]}}],"collection":[{"href":"https:\/\/thierry-derparseghian.com\/index.php?rest_route=\/wp\/v2\/pages"}],"about":[{"href":"https:\/\/thierry-derparseghian.com\/index.php?rest_route=\/wp\/v2\/types\/page"}],"author":[{"embeddable":true,"href":"https:\/\/thierry-derparseghian.com\/index.php?rest_route=\/wp\/v2\/users\/1"}],"replies":[{"embeddable":true,"href":"https:\/\/thierry-derparseghian.com\/index.php?rest_route=%2Fwp%2Fv2%2Fcomments&post=725"}],"version-history":[{"count":4,"href":"https:\/\/thierry-derparseghian.com\/index.php?rest_route=\/wp\/v2\/pages\/725\/revisions"}],"predecessor-version":[{"id":1449,"href":"https:\/\/thierry-derparseghian.com\/index.php?rest_route=\/wp\/v2\/pages\/725\/revisions\/1449"}],"wp:attachment":[{"href":"https:\/\/thierry-derparseghian.com\/index.php?rest_route=%2Fwp%2Fv2%2Fmedia&parent=725"}],"curies":[{"name":"wp","href":"https:\/\/api.w.org\/{rel}","templated":true}]}}