{"id":736,"date":"2023-02-22T16:03:11","date_gmt":"2023-02-22T15:03:11","guid":{"rendered":"https:\/\/thierry-derparseghian.com\/?page_id=736"},"modified":"2024-03-16T10:23:08","modified_gmt":"2024-03-16T09:23:08","slug":"lauteur","status":"publish","type":"page","link":"https:\/\/thierry-derparseghian.com\/?page_id=736","title":{"rendered":"L&rsquo;AUTEUR"},"content":{"rendered":"\n<div style=\"height:100px\" aria-hidden=\"true\" class=\"wp-block-spacer\"><\/div>\n\n\n\n<div class=\"alignwide\"><div id=\"metaslider-id-37\" style=\"max-width: 2000px;\" class=\"ml-slider-3-28-3 metaslider metaslider-flex metaslider-37 ml-slider\">\n    <div id=\"metaslider_container_37\">\n        <div id=\"metaslider_37\">\n            <ul aria-live=\"polite\" class=\"slides\">\n                <li style=\"display: block; width: 100%;\" class=\"slide-1994 ms-image\"><a href=\"https:\/\/thierry-derparseghian.com\/les-desserts-gourmands-de-pierrette\/\" target=\"_self\"><img loading=\"lazy\" decoding=\"async\" src=\"https:\/\/thierry-derparseghian.com\/wp-content\/uploads\/2023\/11\/les-dessert-gourmands-de-pierrette-BANNIERE-site.jpg\" height=\"600\" width=\"2000\" alt=\"\" class=\"slider-37 slide-1994\" title=\"la-cuisine-armenienne-de-pierrette 4\" \/><\/a><\/li>\n                <li style=\"display: none; width: 100%;\" class=\"slide-1946 ms-image\"><a href=\"https:\/\/thierry-derparseghian.com\/la-cuisine-meridionale-de-pierrette\/\" target=\"_self\"><img loading=\"lazy\" decoding=\"async\" src=\"https:\/\/thierry-derparseghian.com\/wp-content\/uploads\/2023\/10\/la-cuisine-meridionale-de-pierrette-ban-23.jpg\" height=\"600\" width=\"2000\" alt=\"\" class=\"slider-37 slide-1946\" title=\"la-cuisine-m\u00e9ridionale-de-pierrette 4\" \/><\/a><\/li>\n                <li style=\"display: none; width: 100%;\" class=\"slide-158 ms-image\"><a href=\"https:\/\/thierry-derparseghian.com\/le-diagnostic-strategique-3\/\" target=\"_self\"><img loading=\"lazy\" decoding=\"async\" src=\"https:\/\/thierry-derparseghian.com\/wp-content\/uploads\/2023\/02\/le-diagnostic-strategique-thierry-derparseghian.jpg\" height=\"600\" width=\"2000\" alt=\"\" class=\"slider-37 slide-158\" title=\"le-diagnostic-strategique\" \/><\/a><\/li>\n                <li style=\"display: none; width: 100%;\" class=\"slide-2217 ms-image\"><a href=\"https:\/\/thierry-derparseghian.com\/la-cuisine-armenienne-de-pierrette-pitch\/\" target=\"_self\"><img loading=\"lazy\" decoding=\"async\" src=\"https:\/\/thierry-derparseghian.com\/wp-content\/uploads\/2023\/11\/la-cuisine-armenienne-de-pierrette.jpg\" height=\"600\" width=\"2000\" alt=\"\" class=\"slider-37 slide-2217\" title=\"la-cuisine-armenienne-de-pierrette 4\" \/><\/a><\/li>\n            <\/ul>\n        <\/div>\n        \n    <\/div>\n<\/div><\/div>\n\n\n\n<h3 class=\"wp-block-heading has-text-align-center\">L&rsquo;AUTEUR<\/h3>\n\n\n\n<div class=\"wp-block-media-text alignwide is-stacked-on-mobile is-vertically-aligned-top\" style=\"grid-template-columns:15% auto\"><figure class=\"wp-block-media-text__media\"><img loading=\"lazy\" decoding=\"async\" width=\"500\" height=\"613\" src=\"https:\/\/thierry-derparseghian.com\/wp-content\/uploads\/2023\/03\/thierry_der-parseghian_500.jpg\" alt=\"\" class=\"wp-image-1364 size-full\" srcset=\"https:\/\/thierry-derparseghian.com\/wp-content\/uploads\/2023\/03\/thierry_der-parseghian_500.jpg 500w, https:\/\/thierry-derparseghian.com\/wp-content\/uploads\/2023\/03\/thierry_der-parseghian_500-245x300.jpg 245w\" sizes=\"auto, (max-width: 500px) 100vw, 500px\" \/><\/figure><div class=\"wp-block-media-text__content\">\n<div>\n<p>&nbsp;<\/p>\n<p class=\"justification\" style=\"text-align: justify; text-indent: 15px;\">Thierry\n DER-PARSEGHIAN est un auteur, romancier fran\u00e7ais originaire de \nMarseille. Il attrape le virus de l\u2019\u00e9criture tr\u00e8s t\u00f4t en observant son \ngrand-p\u00e8re, journaliste-\u00e9crivain, passer des journ\u00e9es enti\u00e8res \u00e0 taper \ndes articles de presse et des recueils de po\u00e9sie sur sa machine \u00e0 taper \nm\u00e9canique Underwood. La musique si caract\u00e9ristique des barres de \ncaract\u00e8res venant frapper le ruban encreur noir et rouge le fascine. \nC\u2019est d\u00e9cid\u00e9, il consacrera une partie de sa vie \u00e0 l\u2019\u00e9criture. D\u00e8s lors,\n tous les pr\u00e9textes sont bons pour griffonner des bouts d\u2019histoire sur \ndes cahiers \u00e0 spirale qu\u2019il cache pr\u00e9cieusement dans le double-fond de \nson bureau. Au coll\u00e8ge, sa professeure de fran\u00e7ais est \u00e9bahie par la \nlongueur de ses r\u00e9dactions et le temps pass\u00e9 pour les corriger&nbsp;! \u00c0 15 \nans, son p\u00e8re lui offre sa premi\u00e8re machine \u00e0 \u00e9crire \u00e9lectrique. Les \nchoses s\u00e9rieuses commencent. Il passe ses journ\u00e9es \u00e0 \u00e9crire et \u00e9crire \nencore&nbsp;: po\u00e8mes, chansons et premi\u00e8res nouvelles.<\/p>\n<p style=\"text-align: justify;\">\u00c0 18 ans, il attrape un second virus, \ncelui du cin\u00e9ma et garde un souvenir ind\u00e9l\u00e9bile et magique de sa \npremi\u00e8re rencontre \u00e0 la fin des ann\u00e9es 80 avec le metteur en sc\u00e8ne Henri\n VERNEUIL lors d\u2019un repas organis\u00e9 en son honneur au sein d\u2019une \nassociation de bienfaisance. Le cin\u00e9aste aux 92 millions d\u2019entr\u00e9es au \nbox-office mondial passera la soir\u00e9e enti\u00e8re \u00e0 expliquer aux invit\u00e9s ses\n secrets de tournage et de cascades en griffonnant sur la nappe des \nesquisses de storyboard.<\/p>\n<p style=\"text-align: justify;\">Depuis\n 2009, Thierry DER-PARSEGHIAN poursuit une carri\u00e8re dans l\u2019enseignement \nsup\u00e9rieur, occupant tour \u00e0 tour les postes de professeur, responsable \ndes \u00e9tudes, directeur p\u00e9dagogique et directeur d\u2019\u00e9tablissement. Il \nenseigne la strat\u00e9gie d\u2019entreprise, le marketing et le \nmanagement commercial en \u00e9cole de commerce.<\/p>\n<p style=\"text-align: justify;\">Il publie des ouvrages scolaires, mais aussi par pure passion pour la \ngastronomie, des livres de cuisine.<\/p>\n<p class=\"justification\" style=\"text-align: justify; text-indent: 15px;\">&nbsp;<\/p>\n<p>&nbsp;<\/p>\n<\/div>\n\n\n<div class=\"wp-block-image\">\n<figure class=\"aligncenter size-large is-resized\"><img loading=\"lazy\" decoding=\"async\" width=\"1024\" height=\"291\" src=\"https:\/\/thierry-derparseghian.com\/wp-content\/uploads\/2023\/03\/la-creation-nest-que-le-fruit-1024x291.png\" alt=\"\" class=\"wp-image-956\" style=\"width:371px;height:105px\" srcset=\"https:\/\/thierry-derparseghian.com\/wp-content\/uploads\/2023\/03\/la-creation-nest-que-le-fruit-1024x291.png 1024w, https:\/\/thierry-derparseghian.com\/wp-content\/uploads\/2023\/03\/la-creation-nest-que-le-fruit-300x85.png 300w, https:\/\/thierry-derparseghian.com\/wp-content\/uploads\/2023\/03\/la-creation-nest-que-le-fruit-768x218.png 768w, https:\/\/thierry-derparseghian.com\/wp-content\/uploads\/2023\/03\/la-creation-nest-que-le-fruit.png 1103w\" sizes=\"auto, (max-width: 1024px) 100vw, 1024px\" \/><\/figure>\n<\/div><\/div><\/div>\n\n\n\n<div style=\"height:100px\" aria-hidden=\"true\" class=\"wp-block-spacer\"><\/div>\n","protected":false},"excerpt":{"rendered":"<p>L&rsquo;AUTEUR<\/p>\n","protected":false},"author":1,"featured_media":0,"parent":0,"menu_order":0,"comment_status":"closed","ping_status":"closed","template":"","meta":{"footnotes":""},"class_list":["post-736","page","type-page","status-publish","hentry"],"yoast_head":"<!-- This site is optimized with the Yoast SEO plugin v20.3 - https:\/\/yoast.com\/wordpress\/plugins\/seo\/ -->\n<title>L&#039;AUTEUR - Thierry DER-PARSEGHIAN<\/title>\n<meta name=\"description\" content=\"Thierry DER-PARSEGHIAN est un auteur, romancier fran\u00e7ais originaire de Marseille. Il attrape le virus de l\u2019\u00e9criture tr\u00e8s t\u00f4t en observant son grand-p\u00e8re, journaliste-\u00e9crivain, passer des journ\u00e9es enti\u00e8res \u00e0 taper des articles de presse et des recueils de po\u00e9sie sur sa machine \u00e0 taper m\u00e9canique Underwood.\" \/>\n<meta name=\"robots\" content=\"index, follow, max-snippet:-1, max-image-preview:large, max-video-preview:-1\" \/>\n<link rel=\"canonical\" href=\"https:\/\/thierry-derparseghian.com\/?page_id=736\" \/>\n<meta property=\"og:locale\" content=\"fr_FR\" \/>\n<meta property=\"og:type\" content=\"article\" \/>\n<meta property=\"og:title\" content=\"L&#039;AUTEUR - Thierry DER-PARSEGHIAN\" \/>\n<meta property=\"og:description\" content=\"Thierry DER-PARSEGHIAN est un auteur, romancier fran\u00e7ais originaire de Marseille. Il attrape le virus de l\u2019\u00e9criture tr\u00e8s t\u00f4t en observant son grand-p\u00e8re, journaliste-\u00e9crivain, passer des journ\u00e9es enti\u00e8res \u00e0 taper des articles de presse et des recueils de po\u00e9sie sur sa machine \u00e0 taper m\u00e9canique Underwood.\" \/>\n<meta property=\"og:url\" content=\"https:\/\/thierry-derparseghian.com\/?page_id=736\" \/>\n<meta property=\"og:site_name\" content=\"Thierry DER-PARSEGHIAN\" \/>\n<meta property=\"article:modified_time\" content=\"2024-03-16T09:23:08+00:00\" \/>\n<meta property=\"og:image\" content=\"https:\/\/thierry-derparseghian.com\/wp-content\/uploads\/2023\/03\/thierry_der-parseghian_500.jpg\" \/>\n<meta name=\"twitter:card\" content=\"summary_large_image\" \/>\n<meta name=\"twitter:label1\" content=\"Dur\u00e9e de lecture estim\u00e9e\" \/>\n\t<meta name=\"twitter:data1\" content=\"2 minutes\" \/>\n<script type=\"application\/ld+json\" class=\"yoast-schema-graph\">{\"@context\":\"https:\/\/schema.org\",\"@graph\":[{\"@type\":\"WebPage\",\"@id\":\"https:\/\/thierry-derparseghian.com\/?page_id=736\",\"url\":\"https:\/\/thierry-derparseghian.com\/?page_id=736\",\"name\":\"L'AUTEUR - Thierry DER-PARSEGHIAN\",\"isPartOf\":{\"@id\":\"https:\/\/thierry-derparseghian.com\/#website\"},\"datePublished\":\"2023-02-22T15:03:11+00:00\",\"dateModified\":\"2024-03-16T09:23:08+00:00\",\"description\":\"Thierry DER-PARSEGHIAN est un auteur, romancier fran\u00e7ais originaire de Marseille. Il attrape le virus de l\u2019\u00e9criture tr\u00e8s t\u00f4t en observant son grand-p\u00e8re, journaliste-\u00e9crivain, passer des journ\u00e9es enti\u00e8res \u00e0 taper des articles de presse et des recueils de po\u00e9sie sur sa machine \u00e0 taper m\u00e9canique Underwood.\",\"breadcrumb\":{\"@id\":\"https:\/\/thierry-derparseghian.com\/?page_id=736#breadcrumb\"},\"inLanguage\":\"fr-FR\",\"potentialAction\":[{\"@type\":\"ReadAction\",\"target\":[\"https:\/\/thierry-derparseghian.com\/?page_id=736\"]}]},{\"@type\":\"BreadcrumbList\",\"@id\":\"https:\/\/thierry-derparseghian.com\/?page_id=736#breadcrumb\",\"itemListElement\":[{\"@type\":\"ListItem\",\"position\":1,\"name\":\"Accueil\",\"item\":\"https:\/\/thierry-derparseghian.com\/\"},{\"@type\":\"ListItem\",\"position\":2,\"name\":\"L&#8217;AUTEUR\"}]},{\"@type\":\"WebSite\",\"@id\":\"https:\/\/thierry-derparseghian.com\/#website\",\"url\":\"https:\/\/thierry-derparseghian.com\/\",\"name\":\"Thierry DER-PARSEGHIAN\",\"description\":\"Auteur, romancier\",\"publisher\":{\"@id\":\"https:\/\/thierry-derparseghian.com\/#\/schema\/person\/bd0e1bb200ca983d4c3359b2aa055508\"},\"inLanguage\":\"fr-FR\"},{\"@type\":[\"Person\",\"Organization\"],\"@id\":\"https:\/\/thierry-derparseghian.com\/#\/schema\/person\/bd0e1bb200ca983d4c3359b2aa055508\",\"name\":\"tdp\",\"image\":{\"@type\":\"ImageObject\",\"inLanguage\":\"fr-FR\",\"@id\":\"https:\/\/thierry-derparseghian.com\/#\/schema\/person\/image\/\",\"url\":\"https:\/\/thierry-derparseghian.com\/wp-content\/uploads\/2023\/03\/thierry_der-parseghian_500.jpg\",\"contentUrl\":\"https:\/\/thierry-derparseghian.com\/wp-content\/uploads\/2023\/03\/thierry_der-parseghian_500.jpg\",\"width\":500,\"height\":613,\"caption\":\"tdp\"},\"logo\":{\"@id\":\"https:\/\/thierry-derparseghian.com\/#\/schema\/person\/image\/\"},\"description\":\"Thierry DER-PARSEGHIAN est un auteur, romancier fran\u00e7ais n\u00e9 \u00e0 Marseille. Il enseigne le marketing, la strat\u00e9gie d'entreprise et le management commercial en \u00e9cole de commerce. Il publie \u00e9galement des ouvrages scolaires destin\u00e9s \u00e0 l'enseignement sup\u00e9rieur, mais aussi, par pure passion pour la gastronomie, des livres de cuisine !\",\"sameAs\":[\"https:\/\/thierry-derparseghian.com\",\"https:\/\/fr.linkedin.com\/in\/thierry-der-parseghian\"]}]}<\/script>\n<!-- \/ Yoast SEO plugin. -->","yoast_head_json":{"title":"L'AUTEUR - Thierry DER-PARSEGHIAN","description":"Thierry DER-PARSEGHIAN est un auteur, romancier fran\u00e7ais originaire de Marseille. Il attrape le virus de l\u2019\u00e9criture tr\u00e8s t\u00f4t en observant son grand-p\u00e8re, journaliste-\u00e9crivain, passer des journ\u00e9es enti\u00e8res \u00e0 taper des articles de presse et des recueils de po\u00e9sie sur sa machine \u00e0 taper m\u00e9canique Underwood.","robots":{"index":"index","follow":"follow","max-snippet":"max-snippet:-1","max-image-preview":"max-image-preview:large","max-video-preview":"max-video-preview:-1"},"canonical":"https:\/\/thierry-derparseghian.com\/?page_id=736","og_locale":"fr_FR","og_type":"article","og_title":"L'AUTEUR - Thierry DER-PARSEGHIAN","og_description":"Thierry DER-PARSEGHIAN est un auteur, romancier fran\u00e7ais originaire de Marseille. Il attrape le virus de l\u2019\u00e9criture tr\u00e8s t\u00f4t en observant son grand-p\u00e8re, journaliste-\u00e9crivain, passer des journ\u00e9es enti\u00e8res \u00e0 taper des articles de presse et des recueils de po\u00e9sie sur sa machine \u00e0 taper m\u00e9canique Underwood.","og_url":"https:\/\/thierry-derparseghian.com\/?page_id=736","og_site_name":"Thierry DER-PARSEGHIAN","article_modified_time":"2024-03-16T09:23:08+00:00","og_image":[{"url":"https:\/\/thierry-derparseghian.com\/wp-content\/uploads\/2023\/03\/thierry_der-parseghian_500.jpg"}],"twitter_card":"summary_large_image","twitter_misc":{"Dur\u00e9e de lecture estim\u00e9e":"2 minutes"},"schema":{"@context":"https:\/\/schema.org","@graph":[{"@type":"WebPage","@id":"https:\/\/thierry-derparseghian.com\/?page_id=736","url":"https:\/\/thierry-derparseghian.com\/?page_id=736","name":"L'AUTEUR - Thierry DER-PARSEGHIAN","isPartOf":{"@id":"https:\/\/thierry-derparseghian.com\/#website"},"datePublished":"2023-02-22T15:03:11+00:00","dateModified":"2024-03-16T09:23:08+00:00","description":"Thierry DER-PARSEGHIAN est un auteur, romancier fran\u00e7ais originaire de Marseille. Il attrape le virus de l\u2019\u00e9criture tr\u00e8s t\u00f4t en observant son grand-p\u00e8re, journaliste-\u00e9crivain, passer des journ\u00e9es enti\u00e8res \u00e0 taper des articles de presse et des recueils de po\u00e9sie sur sa machine \u00e0 taper m\u00e9canique Underwood.","breadcrumb":{"@id":"https:\/\/thierry-derparseghian.com\/?page_id=736#breadcrumb"},"inLanguage":"fr-FR","potentialAction":[{"@type":"ReadAction","target":["https:\/\/thierry-derparseghian.com\/?page_id=736"]}]},{"@type":"BreadcrumbList","@id":"https:\/\/thierry-derparseghian.com\/?page_id=736#breadcrumb","itemListElement":[{"@type":"ListItem","position":1,"name":"Accueil","item":"https:\/\/thierry-derparseghian.com\/"},{"@type":"ListItem","position":2,"name":"L&#8217;AUTEUR"}]},{"@type":"WebSite","@id":"https:\/\/thierry-derparseghian.com\/#website","url":"https:\/\/thierry-derparseghian.com\/","name":"Thierry DER-PARSEGHIAN","description":"Auteur, romancier","publisher":{"@id":"https:\/\/thierry-derparseghian.com\/#\/schema\/person\/bd0e1bb200ca983d4c3359b2aa055508"},"inLanguage":"fr-FR"},{"@type":["Person","Organization"],"@id":"https:\/\/thierry-derparseghian.com\/#\/schema\/person\/bd0e1bb200ca983d4c3359b2aa055508","name":"tdp","image":{"@type":"ImageObject","inLanguage":"fr-FR","@id":"https:\/\/thierry-derparseghian.com\/#\/schema\/person\/image\/","url":"https:\/\/thierry-derparseghian.com\/wp-content\/uploads\/2023\/03\/thierry_der-parseghian_500.jpg","contentUrl":"https:\/\/thierry-derparseghian.com\/wp-content\/uploads\/2023\/03\/thierry_der-parseghian_500.jpg","width":500,"height":613,"caption":"tdp"},"logo":{"@id":"https:\/\/thierry-derparseghian.com\/#\/schema\/person\/image\/"},"description":"Thierry DER-PARSEGHIAN est un auteur, romancier fran\u00e7ais n\u00e9 \u00e0 Marseille. Il enseigne le marketing, la strat\u00e9gie d'entreprise et le management commercial en \u00e9cole de commerce. Il publie \u00e9galement des ouvrages scolaires destin\u00e9s \u00e0 l'enseignement sup\u00e9rieur, mais aussi, par pure passion pour la gastronomie, des livres de cuisine !","sameAs":["https:\/\/thierry-derparseghian.com","https:\/\/fr.linkedin.com\/in\/thierry-der-parseghian"]}]}},"_links":{"self":[{"href":"https:\/\/thierry-derparseghian.com\/index.php?rest_route=\/wp\/v2\/pages\/736","targetHints":{"allow":["GET"]}}],"collection":[{"href":"https:\/\/thierry-derparseghian.com\/index.php?rest_route=\/wp\/v2\/pages"}],"about":[{"href":"https:\/\/thierry-derparseghian.com\/index.php?rest_route=\/wp\/v2\/types\/page"}],"author":[{"embeddable":true,"href":"https:\/\/thierry-derparseghian.com\/index.php?rest_route=\/wp\/v2\/users\/1"}],"replies":[{"embeddable":true,"href":"https:\/\/thierry-derparseghian.com\/index.php?rest_route=%2Fwp%2Fv2%2Fcomments&post=736"}],"version-history":[{"count":53,"href":"https:\/\/thierry-derparseghian.com\/index.php?rest_route=\/wp\/v2\/pages\/736\/revisions"}],"predecessor-version":[{"id":2979,"href":"https:\/\/thierry-derparseghian.com\/index.php?rest_route=\/wp\/v2\/pages\/736\/revisions\/2979"}],"wp:attachment":[{"href":"https:\/\/thierry-derparseghian.com\/index.php?rest_route=%2Fwp%2Fv2%2Fmedia&parent=736"}],"curies":[{"name":"wp","href":"https:\/\/api.w.org\/{rel}","templated":true}]}}