{"id":922,"date":"2023-02-28T16:37:33","date_gmt":"2023-02-28T15:37:33","guid":{"rendered":"https:\/\/thierry-derparseghian.com\/?page_id=922"},"modified":"2023-11-29T08:53:46","modified_gmt":"2023-11-29T07:53:46","slug":"contact-2","status":"publish","type":"page","link":"https:\/\/thierry-derparseghian.com\/?page_id=922&lang=en","title":{"rendered":"CONTACT"},"content":{"rendered":"\n<div style=\"height:100px\" aria-hidden=\"true\" class=\"wp-block-spacer\"><\/div>\n\n\n\n<div class=\"alignwide\"><div id=\"metaslider-id-2241\" style=\"width: 100%;\" class=\"ml-slider-3-28-3 metaslider metaslider-flex metaslider-2241 ml-slider\">\n    <div id=\"metaslider_container_2241\">\n        <div id=\"metaslider_2241\">\n            <ul aria-live=\"polite\" class=\"slides\">\n                <li style=\"display: block; width: 100%;\" class=\"slide-2357 ms-image\"><img loading=\"lazy\" decoding=\"async\" src=\"https:\/\/thierry-derparseghian.com\/wp-content\/uploads\/2023\/11\/armenian-cuisine-by-pierrette-recipe-baklavas-sari-burma.jpg\" height=\"600\" width=\"2000\" alt=\"\" class=\"slider-2241 slide-2357\" title=\"la-cuisine-armenienne-de-pierrette 4\" \/><\/li>\n                <li style=\"display: none; width: 100%;\" class=\"slide-2359 ms-image\"><img loading=\"lazy\" decoding=\"async\" src=\"https:\/\/thierry-derparseghian.com\/wp-content\/uploads\/2023\/11\/armenian-cuisine-by-pierrette-recipe-bortch-bozbach.jpg\" height=\"600\" width=\"2000\" alt=\"\" class=\"slider-2241 slide-2359\" title=\"la-cuisine-armenienne-de-pierrette 4\" \/><\/li>\n                <li style=\"display: none; width: 100%;\" class=\"slide-2361 ms-image\"><img loading=\"lazy\" decoding=\"async\" src=\"https:\/\/thierry-derparseghian.com\/wp-content\/uploads\/2023\/11\/armenian-cuisine-by-pierrette-recipe-anouch-abour-Pistachio-halva.jpg\" height=\"600\" width=\"2000\" alt=\"\" class=\"slider-2241 slide-2361\" title=\"la-cuisine-armenienne-de-pierrette 4\" \/><\/li>\n                <li style=\"display: none; width: 100%;\" class=\"slide-2363 ms-image\"><img loading=\"lazy\" decoding=\"async\" src=\"https:\/\/thierry-derparseghian.com\/wp-content\/uploads\/2023\/11\/armenian-cuisine-by-pierrette-recipe-boreks-su-boreks.jpg\" height=\"600\" width=\"2000\" alt=\"\" class=\"slider-2241 slide-2363\" title=\"la-cuisine-armenienne-de-pierrette 4\" \/><\/li>\n                <li style=\"display: none; width: 100%;\" class=\"slide-2365 ms-image\"><img loading=\"lazy\" decoding=\"async\" src=\"https:\/\/thierry-derparseghian.com\/wp-content\/uploads\/2023\/11\/armenian-cuisine-by-pierrette-Rice-stuffed-vine-leaf-dolmas.jpg\" height=\"600\" width=\"2000\" alt=\"\" class=\"slider-2241 slide-2365\" title=\"la-cuisine-armenienne-de-pierrette 4\" \/><\/li>\n                <li style=\"display: none; width: 100%;\" class=\"slide-2367 ms-image\"><img loading=\"lazy\" decoding=\"async\" src=\"https:\/\/thierry-derparseghian.com\/wp-content\/uploads\/2023\/11\/armenian-cuisine-by-pierrette-recipe-eggplant-salad.jpg\" height=\"600\" width=\"2000\" alt=\"\" class=\"slider-2241 slide-2367\" title=\"la-cuisine-armenienne-de-pierrette 4\" \/><\/li>\n                <li style=\"display: none; width: 100%;\" class=\"slide-2369 ms-image\"><img loading=\"lazy\" decoding=\"async\" src=\"https:\/\/thierry-derparseghian.com\/wp-content\/uploads\/2023\/11\/armenian-cuisine-by-pierrette-recipe-manti-madnacash.jpg\" height=\"600\" width=\"2000\" alt=\"\" class=\"slider-2241 slide-2369\" title=\"la-cuisine-armenienne-de-pierrette 4\" \/><\/li>\n                <li style=\"display: none; width: 100%;\" class=\"slide-2371 ms-image\"><img loading=\"lazy\" decoding=\"async\" src=\"https:\/\/thierry-derparseghian.com\/wp-content\/uploads\/2023\/11\/armenian-cuisine-by-pierrette-recipe-tcheureks-khourabies.jpg\" height=\"600\" width=\"2000\" alt=\"\" class=\"slider-2241 slide-2371\" title=\"la-cuisine-armenienne-de-pierrette 4\" \/><\/li>\n                <li style=\"display: none; width: 100%;\" class=\"slide-2373 ms-image\"><img loading=\"lazy\" decoding=\"async\" src=\"https:\/\/thierry-derparseghian.com\/wp-content\/uploads\/2023\/11\/armenian-cuisine-by-pierrette-recipe-tchi-koftes-Lahmajoun.jpg\" height=\"600\" width=\"2000\" alt=\"\" class=\"slider-2241 slide-2373\" title=\"la-cuisine-armenienne-de-pierrette 4\" \/><\/li>\n                <li style=\"display: none; width: 100%;\" class=\"slide-2375 ms-image\"><img loading=\"lazy\" decoding=\"async\" src=\"https:\/\/thierry-derparseghian.com\/wp-content\/uploads\/2023\/11\/armenian-cuisine-by-pierrette-recipe-Cabbage-dolmas.jpg\" height=\"600\" width=\"2000\" alt=\"\" class=\"slider-2241 slide-2375\" title=\"la-cuisine-armenienne-de-pierrette 4\" \/><\/li>\n                <li style=\"display: none; width: 100%;\" class=\"slide-2377 ms-image\"><img loading=\"lazy\" decoding=\"async\" src=\"https:\/\/thierry-derparseghian.com\/wp-content\/uploads\/2023\/11\/armenian-cuisine-by-pierrette-recipe-itch-salad.jpg\" height=\"600\" width=\"2000\" alt=\"\" class=\"slider-2241 slide-2377\" title=\"la-cuisine-armenienne-de-pierrette 4\" \/><\/li>\n                <li style=\"display: none; width: 100%;\" class=\"slide-2379 ms-image\"><img loading=\"lazy\" decoding=\"async\" src=\"https:\/\/thierry-derparseghian.com\/wp-content\/uploads\/2023\/11\/armenian-cuisine-by-pierrette-recipe-roe-petal-jam.jpg\" height=\"600\" width=\"2000\" alt=\"\" class=\"slider-2241 slide-2379\" title=\"la-cuisine-armenienne-de-pierrette 4\" \/><\/li>\n            <\/ul>\n        <\/div>\n        \n    <\/div>\n<\/div><\/div>\n\n\n\n<h3 class=\"wp-block-heading has-text-align-center\">CONTACT<\/h3>\n\n\n\n<div class=\"wp-block-contact-form-7-contact-form-selector\">\n<div class=\"wpcf7 no-js\" id=\"wpcf7-f1417-o1\" lang=\"fr-FR\" dir=\"ltr\">\n<div class=\"screen-reader-response\"><p role=\"status\" aria-live=\"polite\" aria-atomic=\"true\"><\/p> <ul><\/ul><\/div>\n<form action=\"\/index.php?rest_route=%2Fwp%2Fv2%2Fpages%2F922#wpcf7-f1417-o1\" method=\"post\" class=\"wpcf7-form init\" aria-label=\"Formulaire de contact\" novalidate=\"novalidate\" data-status=\"init\">\n<div style=\"display: none;\">\n<input type=\"hidden\" name=\"_wpcf7\" value=\"1417\" \/>\n<input type=\"hidden\" name=\"_wpcf7_version\" value=\"5.7.3\" \/>\n<input type=\"hidden\" name=\"_wpcf7_locale\" value=\"fr_FR\" \/>\n<input type=\"hidden\" name=\"_wpcf7_unit_tag\" value=\"wpcf7-f1417-o1\" \/>\n<input type=\"hidden\" name=\"_wpcf7_container_post\" value=\"0\" \/>\n<input type=\"hidden\" name=\"_wpcf7_posted_data_hash\" value=\"\" \/>\n<\/div>\n<p><label> Your name and surname<br \/>\n<span class=\"wpcf7-form-control-wrap\" data-name=\"your-name\"><input size=\"40\" class=\"wpcf7-form-control wpcf7-text wpcf7-validates-as-required\" autocomplete=\"name\" aria-required=\"true\" aria-invalid=\"false\" value=\"\" type=\"text\" name=\"your-name\" \/><\/span> <\/label>\n<\/p>\n<p><label> Your e-mail<br \/>\n<span class=\"wpcf7-form-control-wrap\" data-name=\"your-email\"><input size=\"40\" class=\"wpcf7-form-control wpcf7-text wpcf7-email wpcf7-validates-as-required wpcf7-validates-as-email\" autocomplete=\"email\" aria-required=\"true\" aria-invalid=\"false\" value=\"\" type=\"email\" name=\"your-email\" \/><\/span> <\/label>\n<\/p>\n<p><label> Subject<br \/>\n<span class=\"wpcf7-form-control-wrap\" data-name=\"your-subject\"><input size=\"40\" class=\"wpcf7-form-control wpcf7-text wpcf7-validates-as-required\" aria-required=\"true\" aria-invalid=\"false\" value=\"\" type=\"text\" name=\"your-subject\" \/><\/span> <\/label>\n<\/p>\n<p><label> Your message<br \/>\n<span class=\"wpcf7-form-control-wrap\" data-name=\"your-message\"><textarea cols=\"40\" rows=\"10\" class=\"wpcf7-form-control wpcf7-textarea\" aria-invalid=\"false\" name=\"your-message\"><\/textarea><\/span> <\/label>\n<\/p>\n<p><p><span class=\"wpcf7-form-control-wrap\"><input type=\"hidden\" name=\"php_start_time\" value=\"1776380351.6511\" \/><input type=\"hidden\" name=\"js_end_time\" class=\"js_end_time\" value=\"\" \/><input type=\"hidden\" name=\"js_start_time\" class=\"js_start_time\" value=\"\" \/><input type=\"hidden\" id=\"Dentella_hash\" name=\"Dentella_hash\" value=\"$2y$10$9g\/Hm8xR3Kq4OlABTAhVJuNmF7E21vB66\/XqtjHIdoH2H8MnME6lC\" \/><div class=\"\" ><label > CAPTCHA\u00a0: <span class=\"captcha-image\"><img decoding=\"async\" src=\"data:image\/png;base64,iVBORw0KGgoAAAANSUhEUgAAAH0AAAAeCAMAAAA2PuHjAAAA51BMVEX\/\/\/\/IyMj4+Pjx8fHj4+PV1dXq6urc3NzOzs5FZ4m3u8C5xtKis8Tn7PCXqLlwiaOwvcplf5hzjabQ2eG0wc5cepdVc5Db3+R2i6CKoLXAydG2vsenr7hXdZOWo7BXdJJYdpSGl6hngJpuh6GFmrDh5eqer8DIyMhFZ4map7TP09eJmqtqhJ2brL1xi6R9kqjL09yntMG8wcV7kKWxucJpgpxZd5Vshp\/V2d3IyMhFZ4lbeZZWc5GjsLzIyMhFZ4mAlarJzdGrtLyInbJaeJbIyMhFZ4nDx8vIyMhFZ4mNnq+fq7iQobInvxAGAAAACXBIWXMAAA7EAAAOxAGVKw4bAAAENklEQVRIie2WbXubNhSGZSQhyUBdQyCmpTTOy9DSZGuT9cVKKnVt7Ylu\/\/\/37Ehgx07SjeS6uk87H4JRQDfP0XOOhND\/8cMCE\/bYV4MgeMjTOGSU3Bpklj+OTXjTNBTffMrmPyEh4Q43JIwufTil25\/M7aO0BxTYjt\/j6WIjgiwWO4J6MKfwAwfc0q3\/WbvznUODNhzew7zhnRS2IYYA31kRxikJ3UeyJXW53gJiazF6eOBedNA04S79DnwTAUiHv3ZrqUNrHwFHrOnzh3sSWyzW8MV9cpIsPqv9O8TajffIUNMFwAkIpcTjeHPLvaSj4\/vgWVzmK4hZlyZu7To5dKjp6IiEIx+O2yU+wBsS0LPMwx0C67UdWIhWPibvVlU3hm39Ikb9h9wuwe8EG1EA45CPRmFHB8uNq59PN\/Qr9Zp3cIS09lesNUV5XkZ\/aLIq1mZn4\/bK\/wAP7OfpEDoB1bhLwigAehg2zSsJcZb0dKUA7rTEcUa1F0W09gsbaH2+qtc6A1u0SZcF+6WNh9DD8YhFcZSgwOWeN6zh51L+8mshD9xM4aJS1wtHz3KlIqK9UK61dukONf+6Gt8s06x96q\/2om2HwNETMZ4IiBjEU+R6zWuZA5dOZezptZoBffFEqTSBlM8TJ5lz7ZhUn66my5vJPreX7sLst2HS0VMxFWmcCpHBGkDFNSyVTjSu5LGnz9ScBVWhriL3uDYTJ5kxvwQu8fOtHhe2hfMFtQOloz0h9uASiRysH8Cin8oURVGGmvqNp0\/VcxQrNbvwj1NzBNr00SfNfAmUq2q7uN627jE7HygdZaLwBZOLfaBDr3sj0xxMl1\/40sdgOrfiHxcLTyHmDJZ9bswYbPe7JvlquV1cey14cOO+f49EdM2iFM8g82C7SylTaCOyGPsKHysfUV902BzCmAE62O662F8Vy+39JGlnNsD1UOmOzjr6c3AdIk0hS3c\/kXPnK1w7dKTSoO92xRSRqckN2O7cvErAdDs9ML+2jAyWjpAoRi71qah8t+NSnrjh3+Rbdwlm6gimylXWbzMvp\/iz+VIapk9NQe7Q47ayf7Z\/DYWjF6LmGFz3cuQbCJYFd62vkhNPn6pnblKVug0HknMwZYVJSkP0panwHXrWfoNV\/zCYfiDEdH4oRN21PPROjqHood\/5tQuUcj03Ae8h3\/K+FnPzEZUGV2bG0R06ao+rdj58cz8Sc9dtoKi7+1K+Z5R9yGXm7k5U4T3txPuNLjUGaro0SWHGBOi7roPX8\/cPkI6ORXUS7Z1s7pNc5mUpO++hSB16uheP4SwDdNjTSpOa2rW7DN86ckTtYMO7+ElUu4lKXLn3cJTEUa9JdSOpOYbHS2Mm5N5dNCnLwYb39Pr2CTCLojszgPhuLHMXoD+E8f2IxHzQUSBbZ8G\/lD4kvf8062E98CDyQ8Kdkv7T+BtkiIA3ZPtPQwAAAABJRU5ErkJggg==\"\/><\/span> <a href=\"javascript:void(0);\" class=\"cf7 captcha-reload\" title=\"Recharger le CAPTCHA\"><img decoding=\"async\" style=\"margin-top:5px;\" src=\"https:\/\/thierry-derparseghian.com\/wp-content\/plugins\/captcha-for-contact-form-7\/core\/assets\/reload-icon.png\" alt=\"Recharger\"\/><\/a><\/label ><input class=\"f12c \" data-method = \"image\"  type=\"text\" id=\"Dentella\" name=\"Dentella\" placeholder=\"CAPTCHA\" value = \"\" \/><\/div > <\/span><\/p><input class=\"wpcf7-form-control has-spinner wpcf7-submit\" type=\"submit\" value=\"Send\" \/>\n<\/p><div class=\"wpcf7-response-output\" aria-hidden=\"true\"><\/div>\n<\/form>\n<\/div>\n<\/div>\n\n\n\n<div style=\"height:100px\" aria-hidden=\"true\" class=\"wp-block-spacer\"><\/div>\n","protected":false},"excerpt":{"rendered":"<p>CONTACT<\/p>\n","protected":false},"author":1,"featured_media":0,"parent":0,"menu_order":0,"comment_status":"closed","ping_status":"closed","template":"","meta":{"footnotes":""},"class_list":["post-922","page","type-page","status-publish","hentry"],"yoast_head":"<!-- This site is optimized with the Yoast SEO plugin v20.3 - https:\/\/yoast.com\/wordpress\/plugins\/seo\/ -->\n<title>CONTACT - Thierry DER-PARSEGHIAN<\/title>\n<meta name=\"robots\" content=\"index, follow, max-snippet:-1, max-image-preview:large, max-video-preview:-1\" \/>\n<link rel=\"canonical\" href=\"https:\/\/thierry-derparseghian.com\/?page_id=922&lang=en\" \/>\n<meta property=\"og:locale\" content=\"fr_FR\" \/>\n<meta property=\"og:type\" content=\"article\" \/>\n<meta property=\"og:title\" content=\"CONTACT - Thierry DER-PARSEGHIAN\" \/>\n<meta property=\"og:description\" content=\"CONTACT\" \/>\n<meta property=\"og:url\" content=\"https:\/\/thierry-derparseghian.com\/?page_id=922&amp;lang=en\" \/>\n<meta property=\"og:site_name\" content=\"Thierry DER-PARSEGHIAN\" \/>\n<meta property=\"article:modified_time\" content=\"2023-11-29T07:53:46+00:00\" \/>\n<meta name=\"twitter:card\" content=\"summary_large_image\" \/>\n<meta name=\"twitter:label1\" content=\"Dur\u00e9e de lecture estim\u00e9e\" \/>\n\t<meta name=\"twitter:data1\" content=\"1 minute\" \/>\n<script type=\"application\/ld+json\" class=\"yoast-schema-graph\">{\"@context\":\"https:\/\/schema.org\",\"@graph\":[{\"@type\":\"WebPage\",\"@id\":\"https:\/\/thierry-derparseghian.com\/?page_id=922&lang=en\",\"url\":\"https:\/\/thierry-derparseghian.com\/?page_id=922&lang=en\",\"name\":\"CONTACT - Thierry DER-PARSEGHIAN\",\"isPartOf\":{\"@id\":\"https:\/\/thierry-derparseghian.com\/#website\"},\"datePublished\":\"2023-02-28T15:37:33+00:00\",\"dateModified\":\"2023-11-29T07:53:46+00:00\",\"breadcrumb\":{\"@id\":\"https:\/\/thierry-derparseghian.com\/?page_id=922&lang=en#breadcrumb\"},\"inLanguage\":\"fr-FR\",\"potentialAction\":[{\"@type\":\"ReadAction\",\"target\":[\"https:\/\/thierry-derparseghian.com\/?page_id=922&lang=en\"]}]},{\"@type\":\"BreadcrumbList\",\"@id\":\"https:\/\/thierry-derparseghian.com\/?page_id=922&lang=en#breadcrumb\",\"itemListElement\":[{\"@type\":\"ListItem\",\"position\":1,\"name\":\"Accueil\",\"item\":\"https:\/\/thierry-derparseghian.com\/\"},{\"@type\":\"ListItem\",\"position\":2,\"name\":\"CONTACT\"}]},{\"@type\":\"WebSite\",\"@id\":\"https:\/\/thierry-derparseghian.com\/#website\",\"url\":\"https:\/\/thierry-derparseghian.com\/\",\"name\":\"Thierry DER-PARSEGHIAN\",\"description\":\"Auteur, romancier\",\"publisher\":{\"@id\":\"https:\/\/thierry-derparseghian.com\/#\/schema\/person\/bd0e1bb200ca983d4c3359b2aa055508\"},\"inLanguage\":\"fr-FR\"},{\"@type\":[\"Person\",\"Organization\"],\"@id\":\"https:\/\/thierry-derparseghian.com\/#\/schema\/person\/bd0e1bb200ca983d4c3359b2aa055508\",\"name\":\"tdp\",\"image\":{\"@type\":\"ImageObject\",\"inLanguage\":\"fr-FR\",\"@id\":\"https:\/\/thierry-derparseghian.com\/#\/schema\/person\/image\/\",\"url\":\"https:\/\/thierry-derparseghian.com\/wp-content\/uploads\/2023\/03\/thierry_der-parseghian_500.jpg\",\"contentUrl\":\"https:\/\/thierry-derparseghian.com\/wp-content\/uploads\/2023\/03\/thierry_der-parseghian_500.jpg\",\"width\":500,\"height\":613,\"caption\":\"tdp\"},\"logo\":{\"@id\":\"https:\/\/thierry-derparseghian.com\/#\/schema\/person\/image\/\"},\"description\":\"Thierry DER-PARSEGHIAN est un auteur, romancier fran\u00e7ais n\u00e9 \u00e0 Marseille. Il enseigne le marketing, la strat\u00e9gie d'entreprise et le management commercial en \u00e9cole de commerce. Il publie \u00e9galement des ouvrages scolaires destin\u00e9s \u00e0 l'enseignement sup\u00e9rieur, mais aussi, par pure passion pour la gastronomie, des livres de cuisine !\",\"sameAs\":[\"https:\/\/thierry-derparseghian.com\",\"https:\/\/fr.linkedin.com\/in\/thierry-der-parseghian\"]}]}<\/script>\n<!-- \/ Yoast SEO plugin. -->","yoast_head_json":{"title":"CONTACT - Thierry DER-PARSEGHIAN","robots":{"index":"index","follow":"follow","max-snippet":"max-snippet:-1","max-image-preview":"max-image-preview:large","max-video-preview":"max-video-preview:-1"},"canonical":"https:\/\/thierry-derparseghian.com\/?page_id=922&lang=en","og_locale":"fr_FR","og_type":"article","og_title":"CONTACT - Thierry DER-PARSEGHIAN","og_description":"CONTACT","og_url":"https:\/\/thierry-derparseghian.com\/?page_id=922&lang=en","og_site_name":"Thierry DER-PARSEGHIAN","article_modified_time":"2023-11-29T07:53:46+00:00","twitter_card":"summary_large_image","twitter_misc":{"Dur\u00e9e de lecture estim\u00e9e":"1 minute"},"schema":{"@context":"https:\/\/schema.org","@graph":[{"@type":"WebPage","@id":"https:\/\/thierry-derparseghian.com\/?page_id=922&lang=en","url":"https:\/\/thierry-derparseghian.com\/?page_id=922&lang=en","name":"CONTACT - Thierry DER-PARSEGHIAN","isPartOf":{"@id":"https:\/\/thierry-derparseghian.com\/#website"},"datePublished":"2023-02-28T15:37:33+00:00","dateModified":"2023-11-29T07:53:46+00:00","breadcrumb":{"@id":"https:\/\/thierry-derparseghian.com\/?page_id=922&lang=en#breadcrumb"},"inLanguage":"fr-FR","potentialAction":[{"@type":"ReadAction","target":["https:\/\/thierry-derparseghian.com\/?page_id=922&lang=en"]}]},{"@type":"BreadcrumbList","@id":"https:\/\/thierry-derparseghian.com\/?page_id=922&lang=en#breadcrumb","itemListElement":[{"@type":"ListItem","position":1,"name":"Accueil","item":"https:\/\/thierry-derparseghian.com\/"},{"@type":"ListItem","position":2,"name":"CONTACT"}]},{"@type":"WebSite","@id":"https:\/\/thierry-derparseghian.com\/#website","url":"https:\/\/thierry-derparseghian.com\/","name":"Thierry DER-PARSEGHIAN","description":"Auteur, romancier","publisher":{"@id":"https:\/\/thierry-derparseghian.com\/#\/schema\/person\/bd0e1bb200ca983d4c3359b2aa055508"},"inLanguage":"fr-FR"},{"@type":["Person","Organization"],"@id":"https:\/\/thierry-derparseghian.com\/#\/schema\/person\/bd0e1bb200ca983d4c3359b2aa055508","name":"tdp","image":{"@type":"ImageObject","inLanguage":"fr-FR","@id":"https:\/\/thierry-derparseghian.com\/#\/schema\/person\/image\/","url":"https:\/\/thierry-derparseghian.com\/wp-content\/uploads\/2023\/03\/thierry_der-parseghian_500.jpg","contentUrl":"https:\/\/thierry-derparseghian.com\/wp-content\/uploads\/2023\/03\/thierry_der-parseghian_500.jpg","width":500,"height":613,"caption":"tdp"},"logo":{"@id":"https:\/\/thierry-derparseghian.com\/#\/schema\/person\/image\/"},"description":"Thierry DER-PARSEGHIAN est un auteur, romancier fran\u00e7ais n\u00e9 \u00e0 Marseille. Il enseigne le marketing, la strat\u00e9gie d'entreprise et le management commercial en \u00e9cole de commerce. Il publie \u00e9galement des ouvrages scolaires destin\u00e9s \u00e0 l'enseignement sup\u00e9rieur, mais aussi, par pure passion pour la gastronomie, des livres de cuisine !","sameAs":["https:\/\/thierry-derparseghian.com","https:\/\/fr.linkedin.com\/in\/thierry-der-parseghian"]}]}},"_links":{"self":[{"href":"https:\/\/thierry-derparseghian.com\/index.php?rest_route=\/wp\/v2\/pages\/922","targetHints":{"allow":["GET"]}}],"collection":[{"href":"https:\/\/thierry-derparseghian.com\/index.php?rest_route=\/wp\/v2\/pages"}],"about":[{"href":"https:\/\/thierry-derparseghian.com\/index.php?rest_route=\/wp\/v2\/types\/page"}],"author":[{"embeddable":true,"href":"https:\/\/thierry-derparseghian.com\/index.php?rest_route=\/wp\/v2\/users\/1"}],"replies":[{"embeddable":true,"href":"https:\/\/thierry-derparseghian.com\/index.php?rest_route=%2Fwp%2Fv2%2Fcomments&post=922"}],"version-history":[{"count":8,"href":"https:\/\/thierry-derparseghian.com\/index.php?rest_route=\/wp\/v2\/pages\/922\/revisions"}],"predecessor-version":[{"id":2386,"href":"https:\/\/thierry-derparseghian.com\/index.php?rest_route=\/wp\/v2\/pages\/922\/revisions\/2386"}],"wp:attachment":[{"href":"https:\/\/thierry-derparseghian.com\/index.php?rest_route=%2Fwp%2Fv2%2Fmedia&parent=922"}],"curies":[{"name":"wp","href":"https:\/\/api.w.org\/{rel}","templated":true}]}}