{"id":924,"date":"2023-02-28T16:38:08","date_gmt":"2023-02-28T15:38:08","guid":{"rendered":"https:\/\/thierry-derparseghian.com\/?page_id=924"},"modified":"2023-03-03T16:45:19","modified_gmt":"2023-03-03T15:45:19","slug":"credits-2","status":"publish","type":"page","link":"https:\/\/thierry-derparseghian.com\/?page_id=924&lang=en","title":{"rendered":"CREDITS"},"content":{"rendered":"\n<p><\/p>\n\n\n\n<h3 class=\"has-text-align-center wp-block-heading\">PHOTOS CREDITS<\/h3>\n\n\n\n<p class=\"has-text-align-center\">Photo clapperboard, director&rsquo;s chair: \u00a9 Gee \u2013 Fotolia 157432324 \u2013 XL License<\/p>\n\n\n\n<p class=\"has-text-align-center\">Photo Cap Canaille: \u00a9 Ian de Parges<\/p>\n\n\n\n<p class=\"has-text-align-center\">Photo Eiffel Tower: \u00a9 skeeze by Pixabay<\/p>\n\n\n\n<p class=\"has-text-align-center\">Etretat cliffs photo: \u00a9 Pixabay 453169<\/p>\n\n\n\n<p class=\"has-text-align-center\">Photo red armchairs: \u00a9 Teddy rawpixel.com<\/p>\n\n\n\n<p class=\"has-text-align-center\">Theater Photo: \u00a9 TravelCoffeeBook by Pixabay<\/p>\n\n\n\n<p class=\"has-text-align-center\">Photo Coline Fournier: \u00a9 xusenru by Pixabay<\/p>\n\n\n\n<p class=\"has-text-align-center\">Photo Jean-Claude P\u00e9z\u00e9venc: \u00a9 dilsileimonteiro de Pixabay<\/p>\n\n\n\n<p class=\"has-text-align-center\">Photo Gaston Kakoudor: \u00a9 Pixabay<\/p>\n\n\n\n<p class=\"has-text-align-center\">Photo Gab Adzavel: \u00a9 Pixabay<\/p>\n\n\n\n<p class=\"has-text-align-center\">Photo Pierre-Emmanuel Tcheup: \u00a9 Eddy_Blondey from Pixabay<\/p>\n\n\n\n<p class=\"has-text-align-center\">Photo Lo\u00efc Pocha \/ Erwan Dangualard: \u00a9 Clard by Pixabay<\/p>\n\n\n\n<p class=\"has-text-align-center\">Photo slots: \u00a9 djedj from Pixabay<\/p>\n\n\n\n<p class=\"has-text-align-center\">Casino game table photo: \u00a9 Kaysha by Pixabay<\/p>\n\n\n\n<p class=\"has-text-align-center\">Photo camera shooting: \u00a9 L\u00ea Minh from Pixabay<\/p>\n\n\n\n<p class=\"has-text-align-center\">Photo Alice de Caulincourt: \u00a9 Cottonbro from Pexels<\/p>\n\n\n\n<p class=\"has-text-align-center\">Photo Marjorie Levasseur: \u00a9 Maria Orlova from Pexels<\/p>\n\n\n\n<p class=\"has-text-align-center\">Photo Paris la D\u00e9fense: \u00a9 cocoparisienne by Pixaba<\/p>\n\n\n\n<p class=\"has-text-align-center\">Photo Guillaume Verkleven: \u00a9 cookie_studio by Freepick<\/p>\n\n\n\n<p class=\"has-text-align-center\">Droits d&rsquo;auteur :<br>Toute reproduction int\u00e9grale ou partielle faite par quelque proc\u00e9d\u00e9 que ce soit, sans le consentement de l&rsquo;auteur ou de son ayant droit ou ayant cause, est illicite et constitue une contrefa\u00e7on, aux termes des articles L.335-2 et suivants du Code de la propri\u00e9t\u00e9 intellectuelle. Tous droits de reproduction, d&rsquo;adaptation et de traduction, r\u00e9serv\u00e9s pour tous pays.<\/p>\n\n\n\n<p class=\"has-text-align-center\">Le Code de la propri\u00e9t\u00e9 intellectuelle et artistique n&rsquo;autorisant, aux termes des alin\u00e9as 2 et 3 de l&rsquo;article L.122-5, d&rsquo;une part, que les \u00ab copies ou reproductions strictement r\u00e9serv\u00e9es \u00e0 l&rsquo;usage priv\u00e9 du copiste et non destin\u00e9 \u00e0 une utilisation collective \u00bb et, d&rsquo;autre part, que les analyses et les courtes citations dans un but d&rsquo;exemple et d&rsquo;illustration, \u00ab toute repr\u00e9sentation ou reproduction int\u00e9grale, ou partielle, faite sans le consentement de l&rsquo;auteur ou de ses ayants droit ou ayants cause, est illicite \u00bb (alin\u00e9a 1er de l&rsquo;article L. 122-4). Cette repr\u00e9sentation ou reproduction, par quelque proc\u00e9d\u00e9 que ce soit, constituerait donc une contrefa\u00e7on sanctionn\u00e9e par les articles 425 et suivants du Code p\u00e9nal.<\/p>\n","protected":false},"excerpt":{"rendered":"<p>PHOTOS CREDITS Photo clapperboard, director&rsquo;s chair: \u00a9 Gee \u2013 Fotolia 157432324 \u2013 XL License Photo<\/p>\n<p class=\"more-link\"><a href=\"https:\/\/thierry-derparseghian.com\/?page_id=924&#038;lang=en\" class=\"readmore\">Continue reading<span class=\"screen-reader-text\">CREDITS<\/span><\/a><\/p>\n","protected":false},"author":1,"featured_media":0,"parent":0,"menu_order":0,"comment_status":"closed","ping_status":"closed","template":"","meta":{"footnotes":""},"class_list":["post-924","page","type-page","status-publish","hentry"],"yoast_head":"<!-- This site is optimized with the Yoast SEO plugin v20.3 - https:\/\/yoast.com\/wordpress\/plugins\/seo\/ -->\n<title>CREDITS - Thierry DER-PARSEGHIAN<\/title>\n<meta name=\"robots\" content=\"index, follow, max-snippet:-1, max-image-preview:large, max-video-preview:-1\" \/>\n<link rel=\"canonical\" href=\"https:\/\/thierry-derparseghian.com\/?page_id=924&lang=en\" \/>\n<meta property=\"og:locale\" content=\"fr_FR\" \/>\n<meta property=\"og:type\" content=\"article\" \/>\n<meta property=\"og:title\" content=\"CREDITS - Thierry DER-PARSEGHIAN\" \/>\n<meta property=\"og:description\" content=\"PHOTOS CREDITS Photo clapperboard, director&rsquo;s chair: \u00a9 Gee \u2013 Fotolia 157432324 \u2013 XL License PhotoContinue readingCREDITS\" \/>\n<meta property=\"og:url\" content=\"https:\/\/thierry-derparseghian.com\/?page_id=924&amp;lang=en\" \/>\n<meta property=\"og:site_name\" content=\"Thierry DER-PARSEGHIAN\" \/>\n<meta property=\"article:modified_time\" content=\"2023-03-03T15:45:19+00:00\" \/>\n<meta name=\"twitter:card\" content=\"summary_large_image\" \/>\n<meta name=\"twitter:label1\" content=\"Dur\u00e9e de lecture estim\u00e9e\" \/>\n\t<meta name=\"twitter:data1\" content=\"2 minutes\" \/>\n<script type=\"application\/ld+json\" class=\"yoast-schema-graph\">{\"@context\":\"https:\/\/schema.org\",\"@graph\":[{\"@type\":\"WebPage\",\"@id\":\"https:\/\/thierry-derparseghian.com\/?page_id=924&lang=en\",\"url\":\"https:\/\/thierry-derparseghian.com\/?page_id=924&lang=en\",\"name\":\"CREDITS - Thierry DER-PARSEGHIAN\",\"isPartOf\":{\"@id\":\"https:\/\/thierry-derparseghian.com\/#website\"},\"datePublished\":\"2023-02-28T15:38:08+00:00\",\"dateModified\":\"2023-03-03T15:45:19+00:00\",\"breadcrumb\":{\"@id\":\"https:\/\/thierry-derparseghian.com\/?page_id=924&lang=en#breadcrumb\"},\"inLanguage\":\"fr-FR\",\"potentialAction\":[{\"@type\":\"ReadAction\",\"target\":[\"https:\/\/thierry-derparseghian.com\/?page_id=924&lang=en\"]}]},{\"@type\":\"BreadcrumbList\",\"@id\":\"https:\/\/thierry-derparseghian.com\/?page_id=924&lang=en#breadcrumb\",\"itemListElement\":[{\"@type\":\"ListItem\",\"position\":1,\"name\":\"Accueil\",\"item\":\"https:\/\/thierry-derparseghian.com\/\"},{\"@type\":\"ListItem\",\"position\":2,\"name\":\"CREDITS\"}]},{\"@type\":\"WebSite\",\"@id\":\"https:\/\/thierry-derparseghian.com\/#website\",\"url\":\"https:\/\/thierry-derparseghian.com\/\",\"name\":\"Thierry DER-PARSEGHIAN\",\"description\":\"Auteur, romancier\",\"publisher\":{\"@id\":\"https:\/\/thierry-derparseghian.com\/#\/schema\/person\/bd0e1bb200ca983d4c3359b2aa055508\"},\"inLanguage\":\"fr-FR\"},{\"@type\":[\"Person\",\"Organization\"],\"@id\":\"https:\/\/thierry-derparseghian.com\/#\/schema\/person\/bd0e1bb200ca983d4c3359b2aa055508\",\"name\":\"tdp\",\"image\":{\"@type\":\"ImageObject\",\"inLanguage\":\"fr-FR\",\"@id\":\"https:\/\/thierry-derparseghian.com\/#\/schema\/person\/image\/\",\"url\":\"https:\/\/thierry-derparseghian.com\/wp-content\/uploads\/2023\/03\/thierry_der-parseghian_500.jpg\",\"contentUrl\":\"https:\/\/thierry-derparseghian.com\/wp-content\/uploads\/2023\/03\/thierry_der-parseghian_500.jpg\",\"width\":500,\"height\":613,\"caption\":\"tdp\"},\"logo\":{\"@id\":\"https:\/\/thierry-derparseghian.com\/#\/schema\/person\/image\/\"},\"description\":\"Thierry DER-PARSEGHIAN est un auteur, romancier fran\u00e7ais n\u00e9 \u00e0 Marseille. Il enseigne le marketing, la strat\u00e9gie d'entreprise et le management commercial en \u00e9cole de commerce. Il publie \u00e9galement des ouvrages scolaires destin\u00e9s \u00e0 l'enseignement sup\u00e9rieur, mais aussi, par pure passion pour la gastronomie, des livres de cuisine !\",\"sameAs\":[\"https:\/\/thierry-derparseghian.com\",\"https:\/\/fr.linkedin.com\/in\/thierry-der-parseghian\"]}]}<\/script>\n<!-- \/ Yoast SEO plugin. -->","yoast_head_json":{"title":"CREDITS - Thierry DER-PARSEGHIAN","robots":{"index":"index","follow":"follow","max-snippet":"max-snippet:-1","max-image-preview":"max-image-preview:large","max-video-preview":"max-video-preview:-1"},"canonical":"https:\/\/thierry-derparseghian.com\/?page_id=924&lang=en","og_locale":"fr_FR","og_type":"article","og_title":"CREDITS - Thierry DER-PARSEGHIAN","og_description":"PHOTOS CREDITS Photo clapperboard, director&rsquo;s chair: \u00a9 Gee \u2013 Fotolia 157432324 \u2013 XL License PhotoContinue readingCREDITS","og_url":"https:\/\/thierry-derparseghian.com\/?page_id=924&lang=en","og_site_name":"Thierry DER-PARSEGHIAN","article_modified_time":"2023-03-03T15:45:19+00:00","twitter_card":"summary_large_image","twitter_misc":{"Dur\u00e9e de lecture estim\u00e9e":"2 minutes"},"schema":{"@context":"https:\/\/schema.org","@graph":[{"@type":"WebPage","@id":"https:\/\/thierry-derparseghian.com\/?page_id=924&lang=en","url":"https:\/\/thierry-derparseghian.com\/?page_id=924&lang=en","name":"CREDITS - Thierry DER-PARSEGHIAN","isPartOf":{"@id":"https:\/\/thierry-derparseghian.com\/#website"},"datePublished":"2023-02-28T15:38:08+00:00","dateModified":"2023-03-03T15:45:19+00:00","breadcrumb":{"@id":"https:\/\/thierry-derparseghian.com\/?page_id=924&lang=en#breadcrumb"},"inLanguage":"fr-FR","potentialAction":[{"@type":"ReadAction","target":["https:\/\/thierry-derparseghian.com\/?page_id=924&lang=en"]}]},{"@type":"BreadcrumbList","@id":"https:\/\/thierry-derparseghian.com\/?page_id=924&lang=en#breadcrumb","itemListElement":[{"@type":"ListItem","position":1,"name":"Accueil","item":"https:\/\/thierry-derparseghian.com\/"},{"@type":"ListItem","position":2,"name":"CREDITS"}]},{"@type":"WebSite","@id":"https:\/\/thierry-derparseghian.com\/#website","url":"https:\/\/thierry-derparseghian.com\/","name":"Thierry DER-PARSEGHIAN","description":"Auteur, romancier","publisher":{"@id":"https:\/\/thierry-derparseghian.com\/#\/schema\/person\/bd0e1bb200ca983d4c3359b2aa055508"},"inLanguage":"fr-FR"},{"@type":["Person","Organization"],"@id":"https:\/\/thierry-derparseghian.com\/#\/schema\/person\/bd0e1bb200ca983d4c3359b2aa055508","name":"tdp","image":{"@type":"ImageObject","inLanguage":"fr-FR","@id":"https:\/\/thierry-derparseghian.com\/#\/schema\/person\/image\/","url":"https:\/\/thierry-derparseghian.com\/wp-content\/uploads\/2023\/03\/thierry_der-parseghian_500.jpg","contentUrl":"https:\/\/thierry-derparseghian.com\/wp-content\/uploads\/2023\/03\/thierry_der-parseghian_500.jpg","width":500,"height":613,"caption":"tdp"},"logo":{"@id":"https:\/\/thierry-derparseghian.com\/#\/schema\/person\/image\/"},"description":"Thierry DER-PARSEGHIAN est un auteur, romancier fran\u00e7ais n\u00e9 \u00e0 Marseille. Il enseigne le marketing, la strat\u00e9gie d'entreprise et le management commercial en \u00e9cole de commerce. Il publie \u00e9galement des ouvrages scolaires destin\u00e9s \u00e0 l'enseignement sup\u00e9rieur, mais aussi, par pure passion pour la gastronomie, des livres de cuisine !","sameAs":["https:\/\/thierry-derparseghian.com","https:\/\/fr.linkedin.com\/in\/thierry-der-parseghian"]}]}},"_links":{"self":[{"href":"https:\/\/thierry-derparseghian.com\/index.php?rest_route=\/wp\/v2\/pages\/924","targetHints":{"allow":["GET"]}}],"collection":[{"href":"https:\/\/thierry-derparseghian.com\/index.php?rest_route=\/wp\/v2\/pages"}],"about":[{"href":"https:\/\/thierry-derparseghian.com\/index.php?rest_route=\/wp\/v2\/types\/page"}],"author":[{"embeddable":true,"href":"https:\/\/thierry-derparseghian.com\/index.php?rest_route=\/wp\/v2\/users\/1"}],"replies":[{"embeddable":true,"href":"https:\/\/thierry-derparseghian.com\/index.php?rest_route=%2Fwp%2Fv2%2Fcomments&post=924"}],"version-history":[{"count":4,"href":"https:\/\/thierry-derparseghian.com\/index.php?rest_route=\/wp\/v2\/pages\/924\/revisions"}],"predecessor-version":[{"id":1317,"href":"https:\/\/thierry-derparseghian.com\/index.php?rest_route=\/wp\/v2\/pages\/924\/revisions\/1317"}],"wp:attachment":[{"href":"https:\/\/thierry-derparseghian.com\/index.php?rest_route=%2Fwp%2Fv2%2Fmedia&parent=924"}],"curies":[{"name":"wp","href":"https:\/\/api.w.org\/{rel}","templated":true}]}}