{"id":934,"date":"2023-02-28T16:42:01","date_gmt":"2023-02-28T15:42:01","guid":{"rendered":"https:\/\/thierry-derparseghian.com\/?page_id=934"},"modified":"2023-03-03T16:43:03","modified_gmt":"2023-03-03T15:43:03","slug":"legal-notices","status":"publish","type":"page","link":"https:\/\/thierry-derparseghian.com\/?page_id=934&lang=en","title":{"rendered":"LEGAL NOTICES"},"content":{"rendered":"\n<div style=\"height:100px\" aria-hidden=\"true\" class=\"wp-block-spacer\"><\/div>\n\n\n\n<h3 class=\"has-text-align-center wp-block-heading\">LEGAL NOTICES<\/h3>\n\n\n\n<p class=\"has-text-align-center\">In accordance with the provisions of Articles 6-III and 19 of Law No. 2004-575 of June 21, 2004 for Confidence in the Digital Economy, known as L.C.E.N., it is brought to the attention of users and visitors, hereinafter the \u00a0\u00bb User\u00a0\u00bb, of the site www.thierry.derparseghian.com, hereinafter the \u00ab\u00a0Site\u00a0\u00bb, these legal notices. The connection and navigation on the Site by the User implies full and unreserved acceptance of these legal notices. These are accessible on the Site under the heading \u201cLegal notices\u201d.<\/p>\n\n\n\n<h5 class=\"has-text-align-center wp-block-heading\">ARTICLE 1 &#8211; THE EDITOR<\/h5>\n\n\n\n<p>Editing and management of the publication of the Site is provided by Thierry DER-PARSEGHIAN. <\/p>\n\n\n\n<p>Hereinafter the \u00ab\u00a0Editor\u00a0\u00bb.<\/p>\n\n\n\n<h5 class=\"has-text-align-center wp-block-heading\">ARTICLE 2 &#8211; HOST<\/h5>\n\n\n\n<p class=\"has-text-align-center\">The host of the Site is the company OVH \u2013 SAS with a capital of \u20ac10,069,020, whose registered office is located at RCS Lille M\u00e9tropole 424 761 419 00045 59100 Roubaix \u2013 France<\/p>\n\n\n\n<h5 class=\"has-text-align-center wp-block-heading\">ARTICLE 3 &#8211; WEBSITE ACCESS<\/h5>\n\n\n\n<p>The Site is accessible anywhere, 7 days a week, 24 hours a day, except in cases of force majeure, scheduled or unscheduled interruption and possibly resulting from a need for maintenance.<\/p>\n\n\n\n<p>In the event of modification, interruption or suspension of the Site, the Publisher cannot be held responsible.<\/p>\n\n\n\n<h5 class=\"has-text-align-center wp-block-heading\">ARTICLE 4 &#8211; DATA COLLECT<\/h5>\n\n\n\n<p>The Site provides the User with the collection and processing of personal information with respect for privacy in accordance with Law No. 78-17 of January 6, 1978 relating to data processing, files and freedoms.<\/p>\n\n\n\n<p>Under the Data Protection Act, dated January 6, 1978, the User has the right to access, rectify, delete and oppose his personal data. The User exercises this right via a contact form.<\/p>\n\n\n\n<p>Any use, reproduction, distribution, marketing, modification of all or part of the Site without the Publisher&rsquo;s authorization is prohibited and may result in legal action and prosecution as provided for in particular by the Intellectual Property Code and the Civil Code.<\/p>\n","protected":false},"excerpt":{"rendered":"<p>LEGAL NOTICES In accordance with the provisions of Articles 6-III and 19 of Law No.<\/p>\n<p class=\"more-link\"><a href=\"https:\/\/thierry-derparseghian.com\/?page_id=934&#038;lang=en\" class=\"readmore\">Continue reading<span class=\"screen-reader-text\">LEGAL NOTICES<\/span><\/a><\/p>\n","protected":false},"author":1,"featured_media":0,"parent":0,"menu_order":0,"comment_status":"closed","ping_status":"closed","template":"","meta":{"footnotes":""},"class_list":["post-934","page","type-page","status-publish","hentry"],"yoast_head":"<!-- This site is optimized with the Yoast SEO plugin v20.3 - https:\/\/yoast.com\/wordpress\/plugins\/seo\/ -->\n<title>LEGAL NOTICES - Thierry DER-PARSEGHIAN<\/title>\n<meta name=\"robots\" content=\"index, follow, max-snippet:-1, max-image-preview:large, max-video-preview:-1\" \/>\n<link rel=\"canonical\" href=\"https:\/\/thierry-derparseghian.com\/?page_id=934&lang=en\" \/>\n<meta property=\"og:locale\" content=\"fr_FR\" \/>\n<meta property=\"og:type\" content=\"article\" \/>\n<meta property=\"og:title\" content=\"LEGAL NOTICES - Thierry DER-PARSEGHIAN\" \/>\n<meta property=\"og:description\" content=\"LEGAL NOTICES In accordance with the provisions of Articles 6-III and 19 of Law No.Continue readingLEGAL NOTICES\" \/>\n<meta property=\"og:url\" content=\"https:\/\/thierry-derparseghian.com\/?page_id=934&amp;lang=en\" \/>\n<meta property=\"og:site_name\" content=\"Thierry DER-PARSEGHIAN\" \/>\n<meta property=\"article:modified_time\" content=\"2023-03-03T15:43:03+00:00\" \/>\n<meta name=\"twitter:card\" content=\"summary_large_image\" \/>\n<meta name=\"twitter:label1\" content=\"Dur\u00e9e de lecture estim\u00e9e\" \/>\n\t<meta name=\"twitter:data1\" content=\"1 minute\" \/>\n<script type=\"application\/ld+json\" class=\"yoast-schema-graph\">{\"@context\":\"https:\/\/schema.org\",\"@graph\":[{\"@type\":\"WebPage\",\"@id\":\"https:\/\/thierry-derparseghian.com\/?page_id=934&lang=en\",\"url\":\"https:\/\/thierry-derparseghian.com\/?page_id=934&lang=en\",\"name\":\"LEGAL NOTICES - Thierry DER-PARSEGHIAN\",\"isPartOf\":{\"@id\":\"https:\/\/thierry-derparseghian.com\/#website\"},\"datePublished\":\"2023-02-28T15:42:01+00:00\",\"dateModified\":\"2023-03-03T15:43:03+00:00\",\"breadcrumb\":{\"@id\":\"https:\/\/thierry-derparseghian.com\/?page_id=934&lang=en#breadcrumb\"},\"inLanguage\":\"fr-FR\",\"potentialAction\":[{\"@type\":\"ReadAction\",\"target\":[\"https:\/\/thierry-derparseghian.com\/?page_id=934&lang=en\"]}]},{\"@type\":\"BreadcrumbList\",\"@id\":\"https:\/\/thierry-derparseghian.com\/?page_id=934&lang=en#breadcrumb\",\"itemListElement\":[{\"@type\":\"ListItem\",\"position\":1,\"name\":\"Accueil\",\"item\":\"https:\/\/thierry-derparseghian.com\/\"},{\"@type\":\"ListItem\",\"position\":2,\"name\":\"LEGAL NOTICES\"}]},{\"@type\":\"WebSite\",\"@id\":\"https:\/\/thierry-derparseghian.com\/#website\",\"url\":\"https:\/\/thierry-derparseghian.com\/\",\"name\":\"Thierry DER-PARSEGHIAN\",\"description\":\"Auteur, romancier\",\"publisher\":{\"@id\":\"https:\/\/thierry-derparseghian.com\/#\/schema\/person\/bd0e1bb200ca983d4c3359b2aa055508\"},\"inLanguage\":\"fr-FR\"},{\"@type\":[\"Person\",\"Organization\"],\"@id\":\"https:\/\/thierry-derparseghian.com\/#\/schema\/person\/bd0e1bb200ca983d4c3359b2aa055508\",\"name\":\"tdp\",\"image\":{\"@type\":\"ImageObject\",\"inLanguage\":\"fr-FR\",\"@id\":\"https:\/\/thierry-derparseghian.com\/#\/schema\/person\/image\/\",\"url\":\"https:\/\/thierry-derparseghian.com\/wp-content\/uploads\/2023\/03\/thierry_der-parseghian_500.jpg\",\"contentUrl\":\"https:\/\/thierry-derparseghian.com\/wp-content\/uploads\/2023\/03\/thierry_der-parseghian_500.jpg\",\"width\":500,\"height\":613,\"caption\":\"tdp\"},\"logo\":{\"@id\":\"https:\/\/thierry-derparseghian.com\/#\/schema\/person\/image\/\"},\"description\":\"Thierry DER-PARSEGHIAN est un auteur, romancier fran\u00e7ais n\u00e9 \u00e0 Marseille. Il enseigne le marketing, la strat\u00e9gie d'entreprise et le management commercial en \u00e9cole de commerce. Il publie \u00e9galement des ouvrages scolaires destin\u00e9s \u00e0 l'enseignement sup\u00e9rieur, mais aussi, par pure passion pour la gastronomie, des livres de cuisine !\",\"sameAs\":[\"https:\/\/thierry-derparseghian.com\",\"https:\/\/fr.linkedin.com\/in\/thierry-der-parseghian\"]}]}<\/script>\n<!-- \/ Yoast SEO plugin. -->","yoast_head_json":{"title":"LEGAL NOTICES - Thierry DER-PARSEGHIAN","robots":{"index":"index","follow":"follow","max-snippet":"max-snippet:-1","max-image-preview":"max-image-preview:large","max-video-preview":"max-video-preview:-1"},"canonical":"https:\/\/thierry-derparseghian.com\/?page_id=934&lang=en","og_locale":"fr_FR","og_type":"article","og_title":"LEGAL NOTICES - Thierry DER-PARSEGHIAN","og_description":"LEGAL NOTICES In accordance with the provisions of Articles 6-III and 19 of Law No.Continue readingLEGAL NOTICES","og_url":"https:\/\/thierry-derparseghian.com\/?page_id=934&lang=en","og_site_name":"Thierry DER-PARSEGHIAN","article_modified_time":"2023-03-03T15:43:03+00:00","twitter_card":"summary_large_image","twitter_misc":{"Dur\u00e9e de lecture estim\u00e9e":"1 minute"},"schema":{"@context":"https:\/\/schema.org","@graph":[{"@type":"WebPage","@id":"https:\/\/thierry-derparseghian.com\/?page_id=934&lang=en","url":"https:\/\/thierry-derparseghian.com\/?page_id=934&lang=en","name":"LEGAL NOTICES - Thierry DER-PARSEGHIAN","isPartOf":{"@id":"https:\/\/thierry-derparseghian.com\/#website"},"datePublished":"2023-02-28T15:42:01+00:00","dateModified":"2023-03-03T15:43:03+00:00","breadcrumb":{"@id":"https:\/\/thierry-derparseghian.com\/?page_id=934&lang=en#breadcrumb"},"inLanguage":"fr-FR","potentialAction":[{"@type":"ReadAction","target":["https:\/\/thierry-derparseghian.com\/?page_id=934&lang=en"]}]},{"@type":"BreadcrumbList","@id":"https:\/\/thierry-derparseghian.com\/?page_id=934&lang=en#breadcrumb","itemListElement":[{"@type":"ListItem","position":1,"name":"Accueil","item":"https:\/\/thierry-derparseghian.com\/"},{"@type":"ListItem","position":2,"name":"LEGAL NOTICES"}]},{"@type":"WebSite","@id":"https:\/\/thierry-derparseghian.com\/#website","url":"https:\/\/thierry-derparseghian.com\/","name":"Thierry DER-PARSEGHIAN","description":"Auteur, romancier","publisher":{"@id":"https:\/\/thierry-derparseghian.com\/#\/schema\/person\/bd0e1bb200ca983d4c3359b2aa055508"},"inLanguage":"fr-FR"},{"@type":["Person","Organization"],"@id":"https:\/\/thierry-derparseghian.com\/#\/schema\/person\/bd0e1bb200ca983d4c3359b2aa055508","name":"tdp","image":{"@type":"ImageObject","inLanguage":"fr-FR","@id":"https:\/\/thierry-derparseghian.com\/#\/schema\/person\/image\/","url":"https:\/\/thierry-derparseghian.com\/wp-content\/uploads\/2023\/03\/thierry_der-parseghian_500.jpg","contentUrl":"https:\/\/thierry-derparseghian.com\/wp-content\/uploads\/2023\/03\/thierry_der-parseghian_500.jpg","width":500,"height":613,"caption":"tdp"},"logo":{"@id":"https:\/\/thierry-derparseghian.com\/#\/schema\/person\/image\/"},"description":"Thierry DER-PARSEGHIAN est un auteur, romancier fran\u00e7ais n\u00e9 \u00e0 Marseille. Il enseigne le marketing, la strat\u00e9gie d'entreprise et le management commercial en \u00e9cole de commerce. Il publie \u00e9galement des ouvrages scolaires destin\u00e9s \u00e0 l'enseignement sup\u00e9rieur, mais aussi, par pure passion pour la gastronomie, des livres de cuisine !","sameAs":["https:\/\/thierry-derparseghian.com","https:\/\/fr.linkedin.com\/in\/thierry-der-parseghian"]}]}},"_links":{"self":[{"href":"https:\/\/thierry-derparseghian.com\/index.php?rest_route=\/wp\/v2\/pages\/934","targetHints":{"allow":["GET"]}}],"collection":[{"href":"https:\/\/thierry-derparseghian.com\/index.php?rest_route=\/wp\/v2\/pages"}],"about":[{"href":"https:\/\/thierry-derparseghian.com\/index.php?rest_route=\/wp\/v2\/types\/page"}],"author":[{"embeddable":true,"href":"https:\/\/thierry-derparseghian.com\/index.php?rest_route=\/wp\/v2\/users\/1"}],"replies":[{"embeddable":true,"href":"https:\/\/thierry-derparseghian.com\/index.php?rest_route=%2Fwp%2Fv2%2Fcomments&post=934"}],"version-history":[{"count":3,"href":"https:\/\/thierry-derparseghian.com\/index.php?rest_route=\/wp\/v2\/pages\/934\/revisions"}],"predecessor-version":[{"id":1315,"href":"https:\/\/thierry-derparseghian.com\/index.php?rest_route=\/wp\/v2\/pages\/934\/revisions\/1315"}],"wp:attachment":[{"href":"https:\/\/thierry-derparseghian.com\/index.php?rest_route=%2Fwp%2Fv2%2Fmedia&parent=934"}],"curies":[{"name":"wp","href":"https:\/\/api.w.org\/{rel}","templated":true}]}}