{"id":936,"date":"2023-02-28T16:43:05","date_gmt":"2023-02-28T15:43:05","guid":{"rendered":"https:\/\/thierry-derparseghian.com\/?page_id=936"},"modified":"2023-03-03T16:38:24","modified_gmt":"2023-03-03T15:38:24","slug":"privacy-policy","status":"publish","type":"page","link":"https:\/\/thierry-derparseghian.com\/?page_id=936&lang=en","title":{"rendered":"PRIVACY POLICY"},"content":{"rendered":"\n<div style=\"height:100px\" aria-hidden=\"true\" class=\"wp-block-spacer\"><\/div>\n\n\n\n<h3 class=\"has-text-align-center wp-block-heading\">PRIVACY POLICY<\/h3>\n\n\n\n<h5 class=\"has-text-align-center wp-block-heading\"><strong>1. <\/strong>Information collection.<\/h5>\n\n\n\n<pre class=\"wp-block-preformatted has-normal-font-size\">We collect information when you register on our site, log into your account, make a purchase, enter a contest, and\/or log out. Information collected includes your name, email address, phone number, and\/or credit card information. In addition, we automatically receive and store information from your computer and browser, including your IP address, software and hardware, and the page you request.<\/pre>\n\n\n\n<h5 class=\"has-text-align-center wp-block-heading\"><strong>2. <\/strong>Use of Information.<\/h5>\n\n\n\n<pre class=\"wp-block-preformatted has-normal-font-size\">All information we collect from you may be used to: \n- Customize your experience and meet your individual needs \n- Provide personalized advertising content \n- Improve our site - Improve customer service and your support needs \n- Contact you by e-mail \n- Administer a contest, promotion, or survey\t<\/pre>\n\n\n\n<h5 class=\"has-text-align-center wp-block-heading\"><strong>3. <\/strong>E-commerce privacy.<\/h5>\n\n\n\n<pre class=\"wp-block-preformatted has-normal-font-size\">We are the sole owners of the information collected on this site. Your personal information will not be sold, exchanged, transferred, or given to another company for any reason, without your consent, other than as necessary to fulfill a request and\/or a transaction, for example to ship an order.\t<\/pre>\n\n\n\n<h5 class=\"has-text-align-center wp-block-heading\"><strong>4. Disclosure to Third Parties.<\/strong><\/h5>\n\n\n\n<pre class=\"wp-block-preformatted has-normal-font-size\">We do not sell, trade or transfer your personally identifiable information to third parties. This does not include trusted third parties who assist us in operating our website or conducting our business, so long as those parties agree to keep this information confidential. We believe it is necessary to share information in order to investigate, prevent, or take action regarding illegal activities, suspected fraud, situations involving potential threats to the physical safety of any person, violations of our terms of use, or when required by law. Non-private information, however, may be provided to other parties for marketing, advertising, or other uses.\t<\/pre>\n\n\n\n<h5 class=\"has-text-align-center wp-block-heading\"><strong>5. <\/strong>Protection of information.<\/h5>\n\n\n\n<pre class=\"wp-block-preformatted has-normal-font-size\">We implement a variety of security measures to maintain the safety of your personal information. We use state-of-the-art encryption to protect sensitive information transmitted online. We also protect your information offline. Only employees who need to perform a specific job (for example, billing or customer service) have access to personally identifiable information. The computers and servers used to store personally identifiable information are kept in a secure environment.<\/pre>\n\n\n\n<h5 class=\"has-text-align-center wp-block-heading\">6. Use of cookies.<\/h5>\n\n\n\n<pre class=\"wp-block-preformatted has-normal-font-size\">Our cookies improve access to our site and identify repeat visitors. In addition, our cookies improve the user experience by tracking and targeting their interests. However, this use of cookies is in no way linked to any personally identifiable information on our site.<\/pre>\n\n\n\n<h5 class=\"has-text-align-center wp-block-heading\"><strong>7.  Unsubscribe.<\/strong><\/h5>\n\n\n\n<pre class=\"wp-block-preformatted has-normal-font-size\">We use the email address you provide to send you order information and updates, occasional company news, related product information, and more. If at any time you would like to unsubscribe from receiving further emails, detailed unsubscribe instructions are included at the bottom of each email.<\/pre>\n\n\n\n<h5 class=\"has-text-align-center wp-block-heading\"><strong>8. <\/strong>Consent.<\/h5>\n\n\n\n<pre class=\"wp-block-preformatted has-normal-font-size\">By using our site, you consent to our privacy policy.<\/pre>\n","protected":false},"excerpt":{"rendered":"<p>PRIVACY POLICY 1. Information collection. We collect information when you register on our site, log<\/p>\n<p class=\"more-link\"><a href=\"https:\/\/thierry-derparseghian.com\/?page_id=936&#038;lang=en\" class=\"readmore\">Continue reading<span class=\"screen-reader-text\">PRIVACY POLICY<\/span><\/a><\/p>\n","protected":false},"author":1,"featured_media":0,"parent":0,"menu_order":0,"comment_status":"closed","ping_status":"closed","template":"","meta":{"footnotes":""},"class_list":["post-936","page","type-page","status-publish","hentry"],"yoast_head":"<!-- This site is optimized with the Yoast SEO plugin v20.3 - https:\/\/yoast.com\/wordpress\/plugins\/seo\/ -->\n<title>PRIVACY POLICY - Thierry DER-PARSEGHIAN<\/title>\n<meta name=\"robots\" content=\"index, follow, max-snippet:-1, max-image-preview:large, max-video-preview:-1\" \/>\n<link rel=\"canonical\" href=\"https:\/\/thierry-derparseghian.com\/?page_id=936&lang=en\" \/>\n<meta property=\"og:locale\" content=\"fr_FR\" \/>\n<meta property=\"og:type\" content=\"article\" \/>\n<meta property=\"og:title\" content=\"PRIVACY POLICY - Thierry DER-PARSEGHIAN\" \/>\n<meta property=\"og:description\" content=\"PRIVACY POLICY 1. Information collection. We collect information when you register on our site, logContinue readingPRIVACY POLICY\" \/>\n<meta property=\"og:url\" content=\"https:\/\/thierry-derparseghian.com\/?page_id=936&amp;lang=en\" \/>\n<meta property=\"og:site_name\" content=\"Thierry DER-PARSEGHIAN\" \/>\n<meta property=\"article:modified_time\" content=\"2023-03-03T15:38:24+00:00\" \/>\n<meta name=\"twitter:card\" content=\"summary_large_image\" \/>\n<meta name=\"twitter:label1\" content=\"Dur\u00e9e de lecture estim\u00e9e\" \/>\n\t<meta name=\"twitter:data1\" content=\"2 minutes\" \/>\n<script type=\"application\/ld+json\" class=\"yoast-schema-graph\">{\"@context\":\"https:\/\/schema.org\",\"@graph\":[{\"@type\":\"WebPage\",\"@id\":\"https:\/\/thierry-derparseghian.com\/?page_id=936&lang=en\",\"url\":\"https:\/\/thierry-derparseghian.com\/?page_id=936&lang=en\",\"name\":\"PRIVACY POLICY - Thierry DER-PARSEGHIAN\",\"isPartOf\":{\"@id\":\"https:\/\/thierry-derparseghian.com\/#website\"},\"datePublished\":\"2023-02-28T15:43:05+00:00\",\"dateModified\":\"2023-03-03T15:38:24+00:00\",\"breadcrumb\":{\"@id\":\"https:\/\/thierry-derparseghian.com\/?page_id=936&lang=en#breadcrumb\"},\"inLanguage\":\"fr-FR\",\"potentialAction\":[{\"@type\":\"ReadAction\",\"target\":[\"https:\/\/thierry-derparseghian.com\/?page_id=936&lang=en\"]}]},{\"@type\":\"BreadcrumbList\",\"@id\":\"https:\/\/thierry-derparseghian.com\/?page_id=936&lang=en#breadcrumb\",\"itemListElement\":[{\"@type\":\"ListItem\",\"position\":1,\"name\":\"Accueil\",\"item\":\"https:\/\/thierry-derparseghian.com\/\"},{\"@type\":\"ListItem\",\"position\":2,\"name\":\"PRIVACY POLICY\"}]},{\"@type\":\"WebSite\",\"@id\":\"https:\/\/thierry-derparseghian.com\/#website\",\"url\":\"https:\/\/thierry-derparseghian.com\/\",\"name\":\"Thierry DER-PARSEGHIAN\",\"description\":\"Auteur, romancier\",\"publisher\":{\"@id\":\"https:\/\/thierry-derparseghian.com\/#\/schema\/person\/bd0e1bb200ca983d4c3359b2aa055508\"},\"inLanguage\":\"fr-FR\"},{\"@type\":[\"Person\",\"Organization\"],\"@id\":\"https:\/\/thierry-derparseghian.com\/#\/schema\/person\/bd0e1bb200ca983d4c3359b2aa055508\",\"name\":\"tdp\",\"image\":{\"@type\":\"ImageObject\",\"inLanguage\":\"fr-FR\",\"@id\":\"https:\/\/thierry-derparseghian.com\/#\/schema\/person\/image\/\",\"url\":\"https:\/\/thierry-derparseghian.com\/wp-content\/uploads\/2023\/03\/thierry_der-parseghian_500.jpg\",\"contentUrl\":\"https:\/\/thierry-derparseghian.com\/wp-content\/uploads\/2023\/03\/thierry_der-parseghian_500.jpg\",\"width\":500,\"height\":613,\"caption\":\"tdp\"},\"logo\":{\"@id\":\"https:\/\/thierry-derparseghian.com\/#\/schema\/person\/image\/\"},\"description\":\"Thierry DER-PARSEGHIAN est un auteur, romancier fran\u00e7ais n\u00e9 \u00e0 Marseille. Il enseigne le marketing, la strat\u00e9gie d'entreprise et le management commercial en \u00e9cole de commerce. Il publie \u00e9galement des ouvrages scolaires destin\u00e9s \u00e0 l'enseignement sup\u00e9rieur, mais aussi, par pure passion pour la gastronomie, des livres de cuisine !\",\"sameAs\":[\"https:\/\/thierry-derparseghian.com\",\"https:\/\/fr.linkedin.com\/in\/thierry-der-parseghian\"]}]}<\/script>\n<!-- \/ Yoast SEO plugin. -->","yoast_head_json":{"title":"PRIVACY POLICY - Thierry DER-PARSEGHIAN","robots":{"index":"index","follow":"follow","max-snippet":"max-snippet:-1","max-image-preview":"max-image-preview:large","max-video-preview":"max-video-preview:-1"},"canonical":"https:\/\/thierry-derparseghian.com\/?page_id=936&lang=en","og_locale":"fr_FR","og_type":"article","og_title":"PRIVACY POLICY - Thierry DER-PARSEGHIAN","og_description":"PRIVACY POLICY 1. Information collection. We collect information when you register on our site, logContinue readingPRIVACY POLICY","og_url":"https:\/\/thierry-derparseghian.com\/?page_id=936&lang=en","og_site_name":"Thierry DER-PARSEGHIAN","article_modified_time":"2023-03-03T15:38:24+00:00","twitter_card":"summary_large_image","twitter_misc":{"Dur\u00e9e de lecture estim\u00e9e":"2 minutes"},"schema":{"@context":"https:\/\/schema.org","@graph":[{"@type":"WebPage","@id":"https:\/\/thierry-derparseghian.com\/?page_id=936&lang=en","url":"https:\/\/thierry-derparseghian.com\/?page_id=936&lang=en","name":"PRIVACY POLICY - Thierry DER-PARSEGHIAN","isPartOf":{"@id":"https:\/\/thierry-derparseghian.com\/#website"},"datePublished":"2023-02-28T15:43:05+00:00","dateModified":"2023-03-03T15:38:24+00:00","breadcrumb":{"@id":"https:\/\/thierry-derparseghian.com\/?page_id=936&lang=en#breadcrumb"},"inLanguage":"fr-FR","potentialAction":[{"@type":"ReadAction","target":["https:\/\/thierry-derparseghian.com\/?page_id=936&lang=en"]}]},{"@type":"BreadcrumbList","@id":"https:\/\/thierry-derparseghian.com\/?page_id=936&lang=en#breadcrumb","itemListElement":[{"@type":"ListItem","position":1,"name":"Accueil","item":"https:\/\/thierry-derparseghian.com\/"},{"@type":"ListItem","position":2,"name":"PRIVACY POLICY"}]},{"@type":"WebSite","@id":"https:\/\/thierry-derparseghian.com\/#website","url":"https:\/\/thierry-derparseghian.com\/","name":"Thierry DER-PARSEGHIAN","description":"Auteur, romancier","publisher":{"@id":"https:\/\/thierry-derparseghian.com\/#\/schema\/person\/bd0e1bb200ca983d4c3359b2aa055508"},"inLanguage":"fr-FR"},{"@type":["Person","Organization"],"@id":"https:\/\/thierry-derparseghian.com\/#\/schema\/person\/bd0e1bb200ca983d4c3359b2aa055508","name":"tdp","image":{"@type":"ImageObject","inLanguage":"fr-FR","@id":"https:\/\/thierry-derparseghian.com\/#\/schema\/person\/image\/","url":"https:\/\/thierry-derparseghian.com\/wp-content\/uploads\/2023\/03\/thierry_der-parseghian_500.jpg","contentUrl":"https:\/\/thierry-derparseghian.com\/wp-content\/uploads\/2023\/03\/thierry_der-parseghian_500.jpg","width":500,"height":613,"caption":"tdp"},"logo":{"@id":"https:\/\/thierry-derparseghian.com\/#\/schema\/person\/image\/"},"description":"Thierry DER-PARSEGHIAN est un auteur, romancier fran\u00e7ais n\u00e9 \u00e0 Marseille. Il enseigne le marketing, la strat\u00e9gie d'entreprise et le management commercial en \u00e9cole de commerce. Il publie \u00e9galement des ouvrages scolaires destin\u00e9s \u00e0 l'enseignement sup\u00e9rieur, mais aussi, par pure passion pour la gastronomie, des livres de cuisine !","sameAs":["https:\/\/thierry-derparseghian.com","https:\/\/fr.linkedin.com\/in\/thierry-der-parseghian"]}]}},"_links":{"self":[{"href":"https:\/\/thierry-derparseghian.com\/index.php?rest_route=\/wp\/v2\/pages\/936","targetHints":{"allow":["GET"]}}],"collection":[{"href":"https:\/\/thierry-derparseghian.com\/index.php?rest_route=\/wp\/v2\/pages"}],"about":[{"href":"https:\/\/thierry-derparseghian.com\/index.php?rest_route=\/wp\/v2\/types\/page"}],"author":[{"embeddable":true,"href":"https:\/\/thierry-derparseghian.com\/index.php?rest_route=\/wp\/v2\/users\/1"}],"replies":[{"embeddable":true,"href":"https:\/\/thierry-derparseghian.com\/index.php?rest_route=%2Fwp%2Fv2%2Fcomments&post=936"}],"version-history":[{"count":4,"href":"https:\/\/thierry-derparseghian.com\/index.php?rest_route=\/wp\/v2\/pages\/936\/revisions"}],"predecessor-version":[{"id":1313,"href":"https:\/\/thierry-derparseghian.com\/index.php?rest_route=\/wp\/v2\/pages\/936\/revisions\/1313"}],"wp:attachment":[{"href":"https:\/\/thierry-derparseghian.com\/index.php?rest_route=%2Fwp%2Fv2%2Fmedia&parent=936"}],"curies":[{"name":"wp","href":"https:\/\/api.w.org\/{rel}","templated":true}]}}