{"id":942,"date":"2023-02-28T16:45:39","date_gmt":"2023-02-28T15:45:39","guid":{"rendered":"https:\/\/thierry-derparseghian.com\/?page_id=942"},"modified":"2023-03-03T16:20:36","modified_gmt":"2023-03-03T15:20:36","slug":"gdrp","status":"publish","type":"page","link":"https:\/\/thierry-derparseghian.com\/?page_id=942&lang=en","title":{"rendered":"GDRP"},"content":{"rendered":"\n<h3 class=\"has-text-align-center wp-block-heading\">GDPR &#8211; General Data Protection Regulation.<\/h3>\n\n\n\n<p class=\"has-text-align-center\"><em>The General Data Protection Regulation (GDPR) requires concise, transparent, understandable and easily accessible information for the persons concerned. This obligation of transparency is defined in Articles 12, 13 and 14 of the GDPR. The CNIL takes stock of the measures to comply with this obligation.<\/em><\/p>\n\n\n\n<p class=\"has-text-align-center\">GDPR mandates complete and accurate information. The methods of providing and presenting this information must be adapted to the context. Transparency allows data subjects:<\/p>\n\n\n\n<p>-To know the reason for the collection of the various data concerning them;<\/p>\n\n\n\n<p>-Understand how their data will be processed;<\/p>\n\n\n\n<p>-To ensure control of their data, by facilitating the exercise of their rights.<\/p>\n\n\n\n<p class=\"has-text-align-center\">For data controllers, it contributes to the fair processing of data and helps to establish a relationship of trust with the data subjects.<\/p>\n\n\n\n<p class=\"has-text-align-center\">The information collected on the contact form is recorded in a file computerized by the person in charge of the publication of the site www.thierry-derparseghian.com to keep a history of the customer relationship.<\/p>\n\n\n\n<p class=\"has-text-align-center\">The data collected will be communicated to the following recipients only: The person in charge of the publication of the site www.thierry-derparseghian.com.<\/p>\n\n\n\n<p class=\"has-text-align-center\">The data is kept for one year.<\/p>\n\n\n\n<p class=\"has-text-align-center\">You can access the data concerning you, rectify it, request its deletion or exercise your right to limit the processing of your data. You can withdraw your consent to the processing of your data at any time. You can also object to the processing of your data. You can also exercise your right to the portability of your data)<\/p>\n\n\n\n<p class=\"has-text-align-center\">Visit cnil.fr for more information on your rights.<\/p>\n\n\n\n<p class=\"has-text-align-center\">To exercise these rights or for any questions about the processing of your data in this device, you can contact via the contact form, if necessary, our data protection officer or the department responsible for exercising these rights) .<\/p>\n\n\n\n<p class=\"has-text-align-center\">If you believe, after contacting us, that your \u00ab\u00a0Computer and Freedoms\u00a0\u00bb rights are not respected, you can file a complaint with the CNIL.<\/p>\n\n\n\n<p class=\"has-text-align-center\">Source: www.cnil.fr &#8211; National Commission for Computing and Liberties<\/p>\n\n\n\n<p class=\"has-text-align-center\">3, place de Fontenoy &#8211; UNESCO, 75007<\/p>\n","protected":false},"excerpt":{"rendered":"<p>GDPR &#8211; General Data Protection Regulation. The General Data Protection Regulation (GDPR) requires concise, transparent,<\/p>\n<p class=\"more-link\"><a href=\"https:\/\/thierry-derparseghian.com\/?page_id=942&#038;lang=en\" class=\"readmore\">Continue reading<span class=\"screen-reader-text\">GDRP<\/span><\/a><\/p>\n","protected":false},"author":1,"featured_media":0,"parent":0,"menu_order":0,"comment_status":"closed","ping_status":"closed","template":"","meta":{"footnotes":""},"class_list":["post-942","page","type-page","status-publish","hentry"],"yoast_head":"<!-- This site is optimized with the Yoast SEO plugin v20.3 - https:\/\/yoast.com\/wordpress\/plugins\/seo\/ -->\n<title>GDRP - Thierry DER-PARSEGHIAN<\/title>\n<meta name=\"robots\" content=\"index, follow, max-snippet:-1, max-image-preview:large, max-video-preview:-1\" \/>\n<link rel=\"canonical\" href=\"https:\/\/thierry-derparseghian.com\/?page_id=942&lang=en\" \/>\n<meta property=\"og:locale\" content=\"fr_FR\" \/>\n<meta property=\"og:type\" content=\"article\" \/>\n<meta property=\"og:title\" content=\"GDRP - Thierry DER-PARSEGHIAN\" \/>\n<meta property=\"og:description\" content=\"GDPR &#8211; General Data Protection Regulation. The General Data Protection Regulation (GDPR) requires concise, transparent,Continue readingGDRP\" \/>\n<meta property=\"og:url\" content=\"https:\/\/thierry-derparseghian.com\/?page_id=942&amp;lang=en\" \/>\n<meta property=\"og:site_name\" content=\"Thierry DER-PARSEGHIAN\" \/>\n<meta property=\"article:modified_time\" content=\"2023-03-03T15:20:36+00:00\" \/>\n<meta name=\"twitter:card\" content=\"summary_large_image\" \/>\n<meta name=\"twitter:label1\" content=\"Dur\u00e9e de lecture estim\u00e9e\" \/>\n\t<meta name=\"twitter:data1\" content=\"2 minutes\" \/>\n<script type=\"application\/ld+json\" class=\"yoast-schema-graph\">{\"@context\":\"https:\/\/schema.org\",\"@graph\":[{\"@type\":\"WebPage\",\"@id\":\"https:\/\/thierry-derparseghian.com\/?page_id=942&lang=en\",\"url\":\"https:\/\/thierry-derparseghian.com\/?page_id=942&lang=en\",\"name\":\"GDRP - Thierry DER-PARSEGHIAN\",\"isPartOf\":{\"@id\":\"https:\/\/thierry-derparseghian.com\/#website\"},\"datePublished\":\"2023-02-28T15:45:39+00:00\",\"dateModified\":\"2023-03-03T15:20:36+00:00\",\"breadcrumb\":{\"@id\":\"https:\/\/thierry-derparseghian.com\/?page_id=942&lang=en#breadcrumb\"},\"inLanguage\":\"fr-FR\",\"potentialAction\":[{\"@type\":\"ReadAction\",\"target\":[\"https:\/\/thierry-derparseghian.com\/?page_id=942&lang=en\"]}]},{\"@type\":\"BreadcrumbList\",\"@id\":\"https:\/\/thierry-derparseghian.com\/?page_id=942&lang=en#breadcrumb\",\"itemListElement\":[{\"@type\":\"ListItem\",\"position\":1,\"name\":\"Accueil\",\"item\":\"https:\/\/thierry-derparseghian.com\/\"},{\"@type\":\"ListItem\",\"position\":2,\"name\":\"GDRP\"}]},{\"@type\":\"WebSite\",\"@id\":\"https:\/\/thierry-derparseghian.com\/#website\",\"url\":\"https:\/\/thierry-derparseghian.com\/\",\"name\":\"Thierry DER-PARSEGHIAN\",\"description\":\"Auteur, romancier\",\"publisher\":{\"@id\":\"https:\/\/thierry-derparseghian.com\/#\/schema\/person\/bd0e1bb200ca983d4c3359b2aa055508\"},\"inLanguage\":\"fr-FR\"},{\"@type\":[\"Person\",\"Organization\"],\"@id\":\"https:\/\/thierry-derparseghian.com\/#\/schema\/person\/bd0e1bb200ca983d4c3359b2aa055508\",\"name\":\"tdp\",\"image\":{\"@type\":\"ImageObject\",\"inLanguage\":\"fr-FR\",\"@id\":\"https:\/\/thierry-derparseghian.com\/#\/schema\/person\/image\/\",\"url\":\"https:\/\/thierry-derparseghian.com\/wp-content\/uploads\/2023\/03\/thierry_der-parseghian_500.jpg\",\"contentUrl\":\"https:\/\/thierry-derparseghian.com\/wp-content\/uploads\/2023\/03\/thierry_der-parseghian_500.jpg\",\"width\":500,\"height\":613,\"caption\":\"tdp\"},\"logo\":{\"@id\":\"https:\/\/thierry-derparseghian.com\/#\/schema\/person\/image\/\"},\"description\":\"Thierry DER-PARSEGHIAN est un auteur, romancier fran\u00e7ais n\u00e9 \u00e0 Marseille. Il enseigne le marketing, la strat\u00e9gie d'entreprise et le management commercial en \u00e9cole de commerce. Il publie \u00e9galement des ouvrages scolaires destin\u00e9s \u00e0 l'enseignement sup\u00e9rieur, mais aussi, par pure passion pour la gastronomie, des livres de cuisine !\",\"sameAs\":[\"https:\/\/thierry-derparseghian.com\",\"https:\/\/fr.linkedin.com\/in\/thierry-der-parseghian\"]}]}<\/script>\n<!-- \/ Yoast SEO plugin. -->","yoast_head_json":{"title":"GDRP - Thierry DER-PARSEGHIAN","robots":{"index":"index","follow":"follow","max-snippet":"max-snippet:-1","max-image-preview":"max-image-preview:large","max-video-preview":"max-video-preview:-1"},"canonical":"https:\/\/thierry-derparseghian.com\/?page_id=942&lang=en","og_locale":"fr_FR","og_type":"article","og_title":"GDRP - Thierry DER-PARSEGHIAN","og_description":"GDPR &#8211; General Data Protection Regulation. The General Data Protection Regulation (GDPR) requires concise, transparent,Continue readingGDRP","og_url":"https:\/\/thierry-derparseghian.com\/?page_id=942&lang=en","og_site_name":"Thierry DER-PARSEGHIAN","article_modified_time":"2023-03-03T15:20:36+00:00","twitter_card":"summary_large_image","twitter_misc":{"Dur\u00e9e de lecture estim\u00e9e":"2 minutes"},"schema":{"@context":"https:\/\/schema.org","@graph":[{"@type":"WebPage","@id":"https:\/\/thierry-derparseghian.com\/?page_id=942&lang=en","url":"https:\/\/thierry-derparseghian.com\/?page_id=942&lang=en","name":"GDRP - Thierry DER-PARSEGHIAN","isPartOf":{"@id":"https:\/\/thierry-derparseghian.com\/#website"},"datePublished":"2023-02-28T15:45:39+00:00","dateModified":"2023-03-03T15:20:36+00:00","breadcrumb":{"@id":"https:\/\/thierry-derparseghian.com\/?page_id=942&lang=en#breadcrumb"},"inLanguage":"fr-FR","potentialAction":[{"@type":"ReadAction","target":["https:\/\/thierry-derparseghian.com\/?page_id=942&lang=en"]}]},{"@type":"BreadcrumbList","@id":"https:\/\/thierry-derparseghian.com\/?page_id=942&lang=en#breadcrumb","itemListElement":[{"@type":"ListItem","position":1,"name":"Accueil","item":"https:\/\/thierry-derparseghian.com\/"},{"@type":"ListItem","position":2,"name":"GDRP"}]},{"@type":"WebSite","@id":"https:\/\/thierry-derparseghian.com\/#website","url":"https:\/\/thierry-derparseghian.com\/","name":"Thierry DER-PARSEGHIAN","description":"Auteur, romancier","publisher":{"@id":"https:\/\/thierry-derparseghian.com\/#\/schema\/person\/bd0e1bb200ca983d4c3359b2aa055508"},"inLanguage":"fr-FR"},{"@type":["Person","Organization"],"@id":"https:\/\/thierry-derparseghian.com\/#\/schema\/person\/bd0e1bb200ca983d4c3359b2aa055508","name":"tdp","image":{"@type":"ImageObject","inLanguage":"fr-FR","@id":"https:\/\/thierry-derparseghian.com\/#\/schema\/person\/image\/","url":"https:\/\/thierry-derparseghian.com\/wp-content\/uploads\/2023\/03\/thierry_der-parseghian_500.jpg","contentUrl":"https:\/\/thierry-derparseghian.com\/wp-content\/uploads\/2023\/03\/thierry_der-parseghian_500.jpg","width":500,"height":613,"caption":"tdp"},"logo":{"@id":"https:\/\/thierry-derparseghian.com\/#\/schema\/person\/image\/"},"description":"Thierry DER-PARSEGHIAN est un auteur, romancier fran\u00e7ais n\u00e9 \u00e0 Marseille. Il enseigne le marketing, la strat\u00e9gie d'entreprise et le management commercial en \u00e9cole de commerce. Il publie \u00e9galement des ouvrages scolaires destin\u00e9s \u00e0 l'enseignement sup\u00e9rieur, mais aussi, par pure passion pour la gastronomie, des livres de cuisine !","sameAs":["https:\/\/thierry-derparseghian.com","https:\/\/fr.linkedin.com\/in\/thierry-der-parseghian"]}]}},"_links":{"self":[{"href":"https:\/\/thierry-derparseghian.com\/index.php?rest_route=\/wp\/v2\/pages\/942","targetHints":{"allow":["GET"]}}],"collection":[{"href":"https:\/\/thierry-derparseghian.com\/index.php?rest_route=\/wp\/v2\/pages"}],"about":[{"href":"https:\/\/thierry-derparseghian.com\/index.php?rest_route=\/wp\/v2\/types\/page"}],"author":[{"embeddable":true,"href":"https:\/\/thierry-derparseghian.com\/index.php?rest_route=\/wp\/v2\/users\/1"}],"replies":[{"embeddable":true,"href":"https:\/\/thierry-derparseghian.com\/index.php?rest_route=%2Fwp%2Fv2%2Fcomments&post=942"}],"version-history":[{"count":3,"href":"https:\/\/thierry-derparseghian.com\/index.php?rest_route=\/wp\/v2\/pages\/942\/revisions"}],"predecessor-version":[{"id":1309,"href":"https:\/\/thierry-derparseghian.com\/index.php?rest_route=\/wp\/v2\/pages\/942\/revisions\/1309"}],"wp:attachment":[{"href":"https:\/\/thierry-derparseghian.com\/index.php?rest_route=%2Fwp%2Fv2%2Fmedia&parent=942"}],"curies":[{"name":"wp","href":"https:\/\/api.w.org\/{rel}","templated":true}]}}