{"id":961,"date":"2023-03-01T13:11:56","date_gmt":"2023-03-01T12:11:56","guid":{"rendered":"https:\/\/thierry-derparseghian.com\/english\/"},"modified":"2024-05-28T13:49:21","modified_gmt":"2024-05-28T11:49:21","slug":"english","status":"publish","type":"page","link":"https:\/\/thierry-derparseghian.com\/?page_id=961&lang=en","title":{"rendered":""},"content":{"rendered":"\n<div style=\"height:100px\" aria-hidden=\"true\" class=\"wp-block-spacer\"><\/div>\n\n\n\n<div class=\"alignwide\"><div id=\"metaslider-id-2241\" style=\"width: 100%;\" class=\"ml-slider-3-28-3 metaslider metaslider-flex metaslider-2241 ml-slider\">\n    <div id=\"metaslider_container_2241\">\n        <div id=\"metaslider_2241\">\n            <ul aria-live=\"polite\" class=\"slides\">\n                <li style=\"display: block; width: 100%;\" class=\"slide-2357 ms-image\"><img loading=\"lazy\" decoding=\"async\" src=\"https:\/\/thierry-derparseghian.com\/wp-content\/uploads\/2023\/11\/armenian-cuisine-by-pierrette-recipe-baklavas-sari-burma.jpg\" height=\"600\" width=\"2000\" alt=\"\" class=\"slider-2241 slide-2357\" title=\"la-cuisine-armenienne-de-pierrette 4\" \/><\/li>\n                <li style=\"display: none; width: 100%;\" class=\"slide-2359 ms-image\"><img loading=\"lazy\" decoding=\"async\" src=\"https:\/\/thierry-derparseghian.com\/wp-content\/uploads\/2023\/11\/armenian-cuisine-by-pierrette-recipe-bortch-bozbach.jpg\" height=\"600\" width=\"2000\" alt=\"\" class=\"slider-2241 slide-2359\" title=\"la-cuisine-armenienne-de-pierrette 4\" \/><\/li>\n                <li style=\"display: none; width: 100%;\" class=\"slide-2361 ms-image\"><img loading=\"lazy\" decoding=\"async\" src=\"https:\/\/thierry-derparseghian.com\/wp-content\/uploads\/2023\/11\/armenian-cuisine-by-pierrette-recipe-anouch-abour-Pistachio-halva.jpg\" height=\"600\" width=\"2000\" alt=\"\" class=\"slider-2241 slide-2361\" title=\"la-cuisine-armenienne-de-pierrette 4\" \/><\/li>\n                <li style=\"display: none; width: 100%;\" class=\"slide-2363 ms-image\"><img loading=\"lazy\" decoding=\"async\" src=\"https:\/\/thierry-derparseghian.com\/wp-content\/uploads\/2023\/11\/armenian-cuisine-by-pierrette-recipe-boreks-su-boreks.jpg\" height=\"600\" width=\"2000\" alt=\"\" class=\"slider-2241 slide-2363\" title=\"la-cuisine-armenienne-de-pierrette 4\" \/><\/li>\n                <li style=\"display: none; width: 100%;\" class=\"slide-2365 ms-image\"><img loading=\"lazy\" decoding=\"async\" src=\"https:\/\/thierry-derparseghian.com\/wp-content\/uploads\/2023\/11\/armenian-cuisine-by-pierrette-Rice-stuffed-vine-leaf-dolmas.jpg\" height=\"600\" width=\"2000\" alt=\"\" class=\"slider-2241 slide-2365\" title=\"la-cuisine-armenienne-de-pierrette 4\" \/><\/li>\n                <li style=\"display: none; width: 100%;\" class=\"slide-2367 ms-image\"><img loading=\"lazy\" decoding=\"async\" src=\"https:\/\/thierry-derparseghian.com\/wp-content\/uploads\/2023\/11\/armenian-cuisine-by-pierrette-recipe-eggplant-salad.jpg\" height=\"600\" width=\"2000\" alt=\"\" class=\"slider-2241 slide-2367\" title=\"la-cuisine-armenienne-de-pierrette 4\" \/><\/li>\n                <li style=\"display: none; width: 100%;\" class=\"slide-2369 ms-image\"><img loading=\"lazy\" decoding=\"async\" src=\"https:\/\/thierry-derparseghian.com\/wp-content\/uploads\/2023\/11\/armenian-cuisine-by-pierrette-recipe-manti-madnacash.jpg\" height=\"600\" width=\"2000\" alt=\"\" class=\"slider-2241 slide-2369\" title=\"la-cuisine-armenienne-de-pierrette 4\" \/><\/li>\n                <li style=\"display: none; width: 100%;\" class=\"slide-2371 ms-image\"><img loading=\"lazy\" decoding=\"async\" src=\"https:\/\/thierry-derparseghian.com\/wp-content\/uploads\/2023\/11\/armenian-cuisine-by-pierrette-recipe-tcheureks-khourabies.jpg\" height=\"600\" width=\"2000\" alt=\"\" class=\"slider-2241 slide-2371\" title=\"la-cuisine-armenienne-de-pierrette 4\" \/><\/li>\n                <li style=\"display: none; width: 100%;\" class=\"slide-2373 ms-image\"><img loading=\"lazy\" decoding=\"async\" src=\"https:\/\/thierry-derparseghian.com\/wp-content\/uploads\/2023\/11\/armenian-cuisine-by-pierrette-recipe-tchi-koftes-Lahmajoun.jpg\" height=\"600\" width=\"2000\" alt=\"\" class=\"slider-2241 slide-2373\" title=\"la-cuisine-armenienne-de-pierrette 4\" \/><\/li>\n                <li style=\"display: none; width: 100%;\" class=\"slide-2375 ms-image\"><img loading=\"lazy\" decoding=\"async\" src=\"https:\/\/thierry-derparseghian.com\/wp-content\/uploads\/2023\/11\/armenian-cuisine-by-pierrette-recipe-Cabbage-dolmas.jpg\" height=\"600\" width=\"2000\" alt=\"\" class=\"slider-2241 slide-2375\" title=\"la-cuisine-armenienne-de-pierrette 4\" \/><\/li>\n                <li style=\"display: none; width: 100%;\" class=\"slide-2377 ms-image\"><img loading=\"lazy\" decoding=\"async\" src=\"https:\/\/thierry-derparseghian.com\/wp-content\/uploads\/2023\/11\/armenian-cuisine-by-pierrette-recipe-itch-salad.jpg\" height=\"600\" width=\"2000\" alt=\"\" class=\"slider-2241 slide-2377\" title=\"la-cuisine-armenienne-de-pierrette 4\" \/><\/li>\n                <li style=\"display: none; width: 100%;\" class=\"slide-2379 ms-image\"><img loading=\"lazy\" decoding=\"async\" src=\"https:\/\/thierry-derparseghian.com\/wp-content\/uploads\/2023\/11\/armenian-cuisine-by-pierrette-recipe-roe-petal-jam.jpg\" height=\"600\" width=\"2000\" alt=\"\" class=\"slider-2241 slide-2379\" title=\"la-cuisine-armenienne-de-pierrette 4\" \/><\/li>\n            <\/ul>\n        <\/div>\n        \n    <\/div>\n<\/div><\/div>\n\n\n\n<div class=\"wp-block-media-text alignwide is-stacked-on-mobile\" style=\"grid-template-columns:23% auto\"><figure class=\"wp-block-media-text__media\"><img loading=\"lazy\" decoding=\"async\" width=\"861\" height=\"1024\" src=\"https:\/\/thierry-derparseghian.com\/wp-content\/uploads\/2023\/11\/lcadp-simple-EN-1-861x1024.png\" alt=\"\" class=\"wp-image-2233 size-full\" srcset=\"https:\/\/thierry-derparseghian.com\/wp-content\/uploads\/2023\/11\/lcadp-simple-EN-1-861x1024.png 861w, https:\/\/thierry-derparseghian.com\/wp-content\/uploads\/2023\/11\/lcadp-simple-EN-1-252x300.png 252w, https:\/\/thierry-derparseghian.com\/wp-content\/uploads\/2023\/11\/lcadp-simple-EN-1-768x913.png 768w, https:\/\/thierry-derparseghian.com\/wp-content\/uploads\/2023\/11\/lcadp-simple-EN-1.png 1000w\" sizes=\"auto, (max-width: 861px) 100vw, 861px\" \/><\/figure><div class=\"wp-block-media-text__content\">\n<blockquote class=\"wp-block-quote is-layout-flow wp-block-quote-is-layout-flow\">\n<p class=\"has-text-align-center\">Armenian cuisine is good, it is eaten quickly, but it takes a very long time to prepare! <\/p>\n<cite>Pierrette DER-PARSEGHIAN<\/cite><\/blockquote>\n\n\n\n<p class=\"has-text-align-center\">The most popular dishes of Armenian Cuisine in 101 recipes: from mezzes to starters and dishes, side dishes and desserts. Pierrette gives you all her little secrets: Vine leaf dolma, hummus, soudjouk, basturma, baba ganoush, borek, djajik, tabbouleh, beetroot salad, yoghurt soup, bortsh, plaki, itch, jingalov hats, bomba, bamia, gomgush, bozbash, kechkek, khashlama, patcha, stuffed eggplant, manti, midia, vegetable dolma, Armenian pizza, khorovadz, kofta, tchi kofta, soulou kofta, topig, blinchik, ghapama, bulgur, pilaf rice, lavash bread, matnakash, simit, baklava, tcheurek, sari burma , kataifi, halva, negri-zhpit, khourabi\u00e9, gata nazook, anouch abour, ice cream and jams\u2026 Pari akhorjak (enjoy your meal)!<\/p>\n<\/div><\/div>\n","protected":false},"excerpt":{"rendered":"","protected":false},"author":1,"featured_media":0,"parent":0,"menu_order":0,"comment_status":"closed","ping_status":"closed","template":"","meta":{"footnotes":""},"class_list":["post-961","page","type-page","status-publish","hentry"],"yoast_head":"<!-- This site is optimized with the Yoast SEO plugin v20.3 - https:\/\/yoast.com\/wordpress\/plugins\/seo\/ -->\n<title>- Thierry DER-PARSEGHIAN<\/title>\n<meta name=\"robots\" content=\"index, follow, max-snippet:-1, max-image-preview:large, max-video-preview:-1\" \/>\n<link rel=\"canonical\" href=\"https:\/\/thierry-derparseghian.com\/?page_id=961&lang=en\" \/>\n<meta property=\"og:locale\" content=\"fr_FR\" \/>\n<meta property=\"og:type\" content=\"article\" \/>\n<meta property=\"og:title\" content=\"- Thierry DER-PARSEGHIAN\" \/>\n<meta property=\"og:url\" content=\"https:\/\/thierry-derparseghian.com\/?page_id=961&amp;lang=en\" \/>\n<meta property=\"og:site_name\" content=\"Thierry DER-PARSEGHIAN\" \/>\n<meta property=\"article:modified_time\" content=\"2024-05-28T11:49:21+00:00\" \/>\n<meta property=\"og:image\" content=\"https:\/\/thierry-derparseghian.com\/wp-content\/uploads\/2023\/11\/lcadp-simple-EN-1-861x1024.png\" \/>\n<meta name=\"twitter:card\" content=\"summary_large_image\" \/>\n<meta name=\"twitter:label1\" content=\"Dur\u00e9e de lecture estim\u00e9e\" \/>\n\t<meta name=\"twitter:data1\" content=\"1 minute\" \/>\n<script type=\"application\/ld+json\" class=\"yoast-schema-graph\">{\"@context\":\"https:\/\/schema.org\",\"@graph\":[{\"@type\":\"WebPage\",\"@id\":\"https:\/\/thierry-derparseghian.com\/?page_id=961&lang=en\",\"url\":\"https:\/\/thierry-derparseghian.com\/?page_id=961&lang=en\",\"name\":\"- Thierry DER-PARSEGHIAN\",\"isPartOf\":{\"@id\":\"https:\/\/thierry-derparseghian.com\/#website\"},\"datePublished\":\"2023-03-01T12:11:56+00:00\",\"dateModified\":\"2024-05-28T11:49:21+00:00\",\"inLanguage\":\"fr-FR\",\"potentialAction\":[{\"@type\":\"ReadAction\",\"target\":[\"https:\/\/thierry-derparseghian.com\/?page_id=961&lang=en\"]}]},{\"@type\":\"WebSite\",\"@id\":\"https:\/\/thierry-derparseghian.com\/#website\",\"url\":\"https:\/\/thierry-derparseghian.com\/\",\"name\":\"Thierry DER-PARSEGHIAN\",\"description\":\"Auteur, romancier\",\"publisher\":{\"@id\":\"https:\/\/thierry-derparseghian.com\/#\/schema\/person\/bd0e1bb200ca983d4c3359b2aa055508\"},\"inLanguage\":\"fr-FR\"},{\"@type\":[\"Person\",\"Organization\"],\"@id\":\"https:\/\/thierry-derparseghian.com\/#\/schema\/person\/bd0e1bb200ca983d4c3359b2aa055508\",\"name\":\"tdp\",\"image\":{\"@type\":\"ImageObject\",\"inLanguage\":\"fr-FR\",\"@id\":\"https:\/\/thierry-derparseghian.com\/#\/schema\/person\/image\/\",\"url\":\"https:\/\/thierry-derparseghian.com\/wp-content\/uploads\/2023\/03\/thierry_der-parseghian_500.jpg\",\"contentUrl\":\"https:\/\/thierry-derparseghian.com\/wp-content\/uploads\/2023\/03\/thierry_der-parseghian_500.jpg\",\"width\":500,\"height\":613,\"caption\":\"tdp\"},\"logo\":{\"@id\":\"https:\/\/thierry-derparseghian.com\/#\/schema\/person\/image\/\"},\"description\":\"Thierry DER-PARSEGHIAN est un auteur, romancier fran\u00e7ais n\u00e9 \u00e0 Marseille. Il enseigne le marketing, la strat\u00e9gie d'entreprise et le management commercial en \u00e9cole de commerce. Il publie \u00e9galement des ouvrages scolaires destin\u00e9s \u00e0 l'enseignement sup\u00e9rieur, mais aussi, par pure passion pour la gastronomie, des livres de cuisine !\",\"sameAs\":[\"https:\/\/thierry-derparseghian.com\",\"https:\/\/fr.linkedin.com\/in\/thierry-der-parseghian\"]}]}<\/script>\n<!-- \/ Yoast SEO plugin. -->","yoast_head_json":{"title":"- Thierry DER-PARSEGHIAN","robots":{"index":"index","follow":"follow","max-snippet":"max-snippet:-1","max-image-preview":"max-image-preview:large","max-video-preview":"max-video-preview:-1"},"canonical":"https:\/\/thierry-derparseghian.com\/?page_id=961&lang=en","og_locale":"fr_FR","og_type":"article","og_title":"- Thierry DER-PARSEGHIAN","og_url":"https:\/\/thierry-derparseghian.com\/?page_id=961&lang=en","og_site_name":"Thierry DER-PARSEGHIAN","article_modified_time":"2024-05-28T11:49:21+00:00","og_image":[{"url":"https:\/\/thierry-derparseghian.com\/wp-content\/uploads\/2023\/11\/lcadp-simple-EN-1-861x1024.png"}],"twitter_card":"summary_large_image","twitter_misc":{"Dur\u00e9e de lecture estim\u00e9e":"1 minute"},"schema":{"@context":"https:\/\/schema.org","@graph":[{"@type":"WebPage","@id":"https:\/\/thierry-derparseghian.com\/?page_id=961&lang=en","url":"https:\/\/thierry-derparseghian.com\/?page_id=961&lang=en","name":"- Thierry DER-PARSEGHIAN","isPartOf":{"@id":"https:\/\/thierry-derparseghian.com\/#website"},"datePublished":"2023-03-01T12:11:56+00:00","dateModified":"2024-05-28T11:49:21+00:00","inLanguage":"fr-FR","potentialAction":[{"@type":"ReadAction","target":["https:\/\/thierry-derparseghian.com\/?page_id=961&lang=en"]}]},{"@type":"WebSite","@id":"https:\/\/thierry-derparseghian.com\/#website","url":"https:\/\/thierry-derparseghian.com\/","name":"Thierry DER-PARSEGHIAN","description":"Auteur, romancier","publisher":{"@id":"https:\/\/thierry-derparseghian.com\/#\/schema\/person\/bd0e1bb200ca983d4c3359b2aa055508"},"inLanguage":"fr-FR"},{"@type":["Person","Organization"],"@id":"https:\/\/thierry-derparseghian.com\/#\/schema\/person\/bd0e1bb200ca983d4c3359b2aa055508","name":"tdp","image":{"@type":"ImageObject","inLanguage":"fr-FR","@id":"https:\/\/thierry-derparseghian.com\/#\/schema\/person\/image\/","url":"https:\/\/thierry-derparseghian.com\/wp-content\/uploads\/2023\/03\/thierry_der-parseghian_500.jpg","contentUrl":"https:\/\/thierry-derparseghian.com\/wp-content\/uploads\/2023\/03\/thierry_der-parseghian_500.jpg","width":500,"height":613,"caption":"tdp"},"logo":{"@id":"https:\/\/thierry-derparseghian.com\/#\/schema\/person\/image\/"},"description":"Thierry DER-PARSEGHIAN est un auteur, romancier fran\u00e7ais n\u00e9 \u00e0 Marseille. Il enseigne le marketing, la strat\u00e9gie d'entreprise et le management commercial en \u00e9cole de commerce. Il publie \u00e9galement des ouvrages scolaires destin\u00e9s \u00e0 l'enseignement sup\u00e9rieur, mais aussi, par pure passion pour la gastronomie, des livres de cuisine !","sameAs":["https:\/\/thierry-derparseghian.com","https:\/\/fr.linkedin.com\/in\/thierry-der-parseghian"]}]}},"_links":{"self":[{"href":"https:\/\/thierry-derparseghian.com\/index.php?rest_route=\/wp\/v2\/pages\/961","targetHints":{"allow":["GET"]}}],"collection":[{"href":"https:\/\/thierry-derparseghian.com\/index.php?rest_route=\/wp\/v2\/pages"}],"about":[{"href":"https:\/\/thierry-derparseghian.com\/index.php?rest_route=\/wp\/v2\/types\/page"}],"author":[{"embeddable":true,"href":"https:\/\/thierry-derparseghian.com\/index.php?rest_route=\/wp\/v2\/users\/1"}],"replies":[{"embeddable":true,"href":"https:\/\/thierry-derparseghian.com\/index.php?rest_route=%2Fwp%2Fv2%2Fcomments&post=961"}],"version-history":[{"count":12,"href":"https:\/\/thierry-derparseghian.com\/index.php?rest_route=\/wp\/v2\/pages\/961\/revisions"}],"predecessor-version":[{"id":2506,"href":"https:\/\/thierry-derparseghian.com\/index.php?rest_route=\/wp\/v2\/pages\/961\/revisions\/2506"}],"wp:attachment":[{"href":"https:\/\/thierry-derparseghian.com\/index.php?rest_route=%2Fwp%2Fv2%2Fmedia&parent=961"}],"curies":[{"name":"wp","href":"https:\/\/api.w.org\/{rel}","templated":true}]}}