{"id":984,"date":"2023-03-01T14:15:02","date_gmt":"2023-03-01T13:15:02","guid":{"rendered":"https:\/\/thierry-derparseghian.com\/?page_id=984"},"modified":"2024-05-28T13:53:23","modified_gmt":"2024-05-28T11:53:23","slug":"the-author","status":"publish","type":"page","link":"https:\/\/thierry-derparseghian.com\/?page_id=984&lang=en","title":{"rendered":"THE AUTHOR"},"content":{"rendered":"\n<div style=\"height:100px\" aria-hidden=\"true\" class=\"wp-block-spacer\"><\/div>\n\n\n\n<div class=\"alignwide\"><div id=\"metaslider-id-2241\" style=\"width: 100%;\" class=\"ml-slider-3-28-3 metaslider metaslider-flex metaslider-2241 ml-slider\">\n    <div id=\"metaslider_container_2241\">\n        <div id=\"metaslider_2241\">\n            <ul aria-live=\"polite\" class=\"slides\">\n                <li style=\"display: block; width: 100%;\" class=\"slide-2357 ms-image\"><img loading=\"lazy\" decoding=\"async\" src=\"https:\/\/thierry-derparseghian.com\/wp-content\/uploads\/2023\/11\/armenian-cuisine-by-pierrette-recipe-baklavas-sari-burma.jpg\" height=\"600\" width=\"2000\" alt=\"\" class=\"slider-2241 slide-2357\" title=\"la-cuisine-armenienne-de-pierrette 4\" \/><\/li>\n                <li style=\"display: none; width: 100%;\" class=\"slide-2359 ms-image\"><img loading=\"lazy\" decoding=\"async\" src=\"https:\/\/thierry-derparseghian.com\/wp-content\/uploads\/2023\/11\/armenian-cuisine-by-pierrette-recipe-bortch-bozbach.jpg\" height=\"600\" width=\"2000\" alt=\"\" class=\"slider-2241 slide-2359\" title=\"la-cuisine-armenienne-de-pierrette 4\" \/><\/li>\n                <li style=\"display: none; width: 100%;\" class=\"slide-2361 ms-image\"><img loading=\"lazy\" decoding=\"async\" src=\"https:\/\/thierry-derparseghian.com\/wp-content\/uploads\/2023\/11\/armenian-cuisine-by-pierrette-recipe-anouch-abour-Pistachio-halva.jpg\" height=\"600\" width=\"2000\" alt=\"\" class=\"slider-2241 slide-2361\" title=\"la-cuisine-armenienne-de-pierrette 4\" \/><\/li>\n                <li style=\"display: none; width: 100%;\" class=\"slide-2363 ms-image\"><img loading=\"lazy\" decoding=\"async\" src=\"https:\/\/thierry-derparseghian.com\/wp-content\/uploads\/2023\/11\/armenian-cuisine-by-pierrette-recipe-boreks-su-boreks.jpg\" height=\"600\" width=\"2000\" alt=\"\" class=\"slider-2241 slide-2363\" title=\"la-cuisine-armenienne-de-pierrette 4\" \/><\/li>\n                <li style=\"display: none; width: 100%;\" class=\"slide-2365 ms-image\"><img loading=\"lazy\" decoding=\"async\" src=\"https:\/\/thierry-derparseghian.com\/wp-content\/uploads\/2023\/11\/armenian-cuisine-by-pierrette-Rice-stuffed-vine-leaf-dolmas.jpg\" height=\"600\" width=\"2000\" alt=\"\" class=\"slider-2241 slide-2365\" title=\"la-cuisine-armenienne-de-pierrette 4\" \/><\/li>\n                <li style=\"display: none; width: 100%;\" class=\"slide-2367 ms-image\"><img loading=\"lazy\" decoding=\"async\" src=\"https:\/\/thierry-derparseghian.com\/wp-content\/uploads\/2023\/11\/armenian-cuisine-by-pierrette-recipe-eggplant-salad.jpg\" height=\"600\" width=\"2000\" alt=\"\" class=\"slider-2241 slide-2367\" title=\"la-cuisine-armenienne-de-pierrette 4\" \/><\/li>\n                <li style=\"display: none; width: 100%;\" class=\"slide-2369 ms-image\"><img loading=\"lazy\" decoding=\"async\" src=\"https:\/\/thierry-derparseghian.com\/wp-content\/uploads\/2023\/11\/armenian-cuisine-by-pierrette-recipe-manti-madnacash.jpg\" height=\"600\" width=\"2000\" alt=\"\" class=\"slider-2241 slide-2369\" title=\"la-cuisine-armenienne-de-pierrette 4\" \/><\/li>\n                <li style=\"display: none; width: 100%;\" class=\"slide-2371 ms-image\"><img loading=\"lazy\" decoding=\"async\" src=\"https:\/\/thierry-derparseghian.com\/wp-content\/uploads\/2023\/11\/armenian-cuisine-by-pierrette-recipe-tcheureks-khourabies.jpg\" height=\"600\" width=\"2000\" alt=\"\" class=\"slider-2241 slide-2371\" title=\"la-cuisine-armenienne-de-pierrette 4\" \/><\/li>\n                <li style=\"display: none; width: 100%;\" class=\"slide-2373 ms-image\"><img loading=\"lazy\" decoding=\"async\" src=\"https:\/\/thierry-derparseghian.com\/wp-content\/uploads\/2023\/11\/armenian-cuisine-by-pierrette-recipe-tchi-koftes-Lahmajoun.jpg\" height=\"600\" width=\"2000\" alt=\"\" class=\"slider-2241 slide-2373\" title=\"la-cuisine-armenienne-de-pierrette 4\" \/><\/li>\n                <li style=\"display: none; width: 100%;\" class=\"slide-2375 ms-image\"><img loading=\"lazy\" decoding=\"async\" src=\"https:\/\/thierry-derparseghian.com\/wp-content\/uploads\/2023\/11\/armenian-cuisine-by-pierrette-recipe-Cabbage-dolmas.jpg\" height=\"600\" width=\"2000\" alt=\"\" class=\"slider-2241 slide-2375\" title=\"la-cuisine-armenienne-de-pierrette 4\" \/><\/li>\n                <li style=\"display: none; width: 100%;\" class=\"slide-2377 ms-image\"><img loading=\"lazy\" decoding=\"async\" src=\"https:\/\/thierry-derparseghian.com\/wp-content\/uploads\/2023\/11\/armenian-cuisine-by-pierrette-recipe-itch-salad.jpg\" height=\"600\" width=\"2000\" alt=\"\" class=\"slider-2241 slide-2377\" title=\"la-cuisine-armenienne-de-pierrette 4\" \/><\/li>\n                <li style=\"display: none; width: 100%;\" class=\"slide-2379 ms-image\"><img loading=\"lazy\" decoding=\"async\" src=\"https:\/\/thierry-derparseghian.com\/wp-content\/uploads\/2023\/11\/armenian-cuisine-by-pierrette-recipe-roe-petal-jam.jpg\" height=\"600\" width=\"2000\" alt=\"\" class=\"slider-2241 slide-2379\" title=\"la-cuisine-armenienne-de-pierrette 4\" \/><\/li>\n            <\/ul>\n        <\/div>\n        \n    <\/div>\n<\/div><\/div>\n\n\n\n<h3 class=\"wp-block-heading has-text-align-center\">THE AUTHOR<\/h3>\n\n\n\n<div class=\"wp-block-media-text alignwide is-stacked-on-mobile is-vertically-aligned-top\" style=\"grid-template-columns:15% auto\"><figure class=\"wp-block-media-text__media\"><img loading=\"lazy\" decoding=\"async\" width=\"500\" height=\"613\" src=\"https:\/\/thierry-derparseghian.com\/wp-content\/uploads\/2023\/03\/thierry_der-parseghian_500-1.jpg\" alt=\"\" class=\"wp-image-1408 size-full\" srcset=\"https:\/\/thierry-derparseghian.com\/wp-content\/uploads\/2023\/03\/thierry_der-parseghian_500-1.jpg 500w, https:\/\/thierry-derparseghian.com\/wp-content\/uploads\/2023\/03\/thierry_der-parseghian_500-1-245x300.jpg 245w\" sizes=\"auto, (max-width: 500px) 100vw, 500px\" \/><\/figure><div class=\"wp-block-media-text__content\">\n<p>Thierry DER-PARSEGHIAN is a French author and novelist born in Marseille. He caught the writing bug at an early age watching his grandfather, a journalist-writer, spend entire days typing newspaper articles and collections of poetry on his mechanical Underwood typewriter. The characteristic music of the character bars striking the black and red ink ribbon fascinates him. It&rsquo;s decided, he will devote part of his life to writing. From then on, all the excuses are good to scribble bits of history on spiral notebooks that he carefully hides in the false bottom of his desk. In middle school, her French teacher is amazed by the length of her essays and the time taken to correct them! When he was 15, his father gave him his first electric typewriter. Serious things begin. He spends his days writing and writing again: poems, songs and first short stories.<\/p>\n\n\n\n<p>At the age of 20, he caught a second virus, that of the cinema and keeps an indelible and magical memory of his first meeting at the end of the 80s with the famous director Henri VERNEUIL during a meal organized in his honor within a charitable association. The filmmaker with 92 million admissions at the worldwide box office will spend the entire evening explaining his shooting secrets to guests by scribbling storyboard sketches on the tablecloth. <\/p>\n\n\n\n<p>Thierry DER-PARSEGHIAN has been pursuing since 2009 a career in higher education, occupying in turn the positions of professor, head of studies, educational director and school director. He also teaches business strategy, marketing and sales management in a business school.<\/p>\n\n\n\n<p>He publishes school books intended for higher education, but also, out of pure passion for gastronomy, cookbooks! <\/p>\n\n\n<div class=\"wp-block-image\">\n<figure class=\"aligncenter size-large is-resized\"><img loading=\"lazy\" decoding=\"async\" width=\"1024\" height=\"291\" src=\"https:\/\/thierry-derparseghian.com\/wp-content\/uploads\/2023\/03\/la-creation-nest-que-le-fruit-1024x291.png\" alt=\"\" class=\"wp-image-956\" style=\"width:393px;height:112px\" srcset=\"https:\/\/thierry-derparseghian.com\/wp-content\/uploads\/2023\/03\/la-creation-nest-que-le-fruit-1024x291.png 1024w, https:\/\/thierry-derparseghian.com\/wp-content\/uploads\/2023\/03\/la-creation-nest-que-le-fruit-300x85.png 300w, https:\/\/thierry-derparseghian.com\/wp-content\/uploads\/2023\/03\/la-creation-nest-que-le-fruit-768x218.png 768w, https:\/\/thierry-derparseghian.com\/wp-content\/uploads\/2023\/03\/la-creation-nest-que-le-fruit.png 1103w\" sizes=\"auto, (max-width: 1024px) 100vw, 1024px\" \/><\/figure>\n<\/div><\/div><\/div>\n\n\n\n<div style=\"height:100px\" aria-hidden=\"true\" class=\"wp-block-spacer\"><\/div>\n","protected":false},"excerpt":{"rendered":"<p>THE AUTHOR<\/p>\n","protected":false},"author":1,"featured_media":0,"parent":0,"menu_order":0,"comment_status":"closed","ping_status":"closed","template":"","meta":{"footnotes":""},"class_list":["post-984","page","type-page","status-publish","hentry"],"yoast_head":"<!-- This site is optimized with the Yoast SEO plugin v20.3 - https:\/\/yoast.com\/wordpress\/plugins\/seo\/ -->\n<title>THE AUTHOR - Thierry DER-PARSEGHIAN<\/title>\n<meta name=\"robots\" content=\"index, follow, max-snippet:-1, max-image-preview:large, max-video-preview:-1\" \/>\n<link rel=\"canonical\" href=\"https:\/\/thierry-derparseghian.com\/?page_id=984&lang=en\" \/>\n<meta property=\"og:locale\" content=\"fr_FR\" \/>\n<meta property=\"og:type\" content=\"article\" \/>\n<meta property=\"og:title\" content=\"THE AUTHOR - Thierry DER-PARSEGHIAN\" \/>\n<meta property=\"og:description\" content=\"THE AUTHOR\" \/>\n<meta property=\"og:url\" content=\"https:\/\/thierry-derparseghian.com\/?page_id=984&amp;lang=en\" \/>\n<meta property=\"og:site_name\" content=\"Thierry DER-PARSEGHIAN\" \/>\n<meta property=\"article:modified_time\" content=\"2024-05-28T11:53:23+00:00\" \/>\n<meta property=\"og:image\" content=\"https:\/\/thierry-derparseghian.com\/wp-content\/uploads\/2023\/03\/thierry_der-parseghian_500-1.jpg\" \/>\n<meta name=\"twitter:card\" content=\"summary_large_image\" \/>\n<meta name=\"twitter:label1\" content=\"Dur\u00e9e de lecture estim\u00e9e\" \/>\n\t<meta name=\"twitter:data1\" content=\"2 minutes\" \/>\n<script type=\"application\/ld+json\" class=\"yoast-schema-graph\">{\"@context\":\"https:\/\/schema.org\",\"@graph\":[{\"@type\":\"WebPage\",\"@id\":\"https:\/\/thierry-derparseghian.com\/?page_id=984&lang=en\",\"url\":\"https:\/\/thierry-derparseghian.com\/?page_id=984&lang=en\",\"name\":\"THE AUTHOR - Thierry DER-PARSEGHIAN\",\"isPartOf\":{\"@id\":\"https:\/\/thierry-derparseghian.com\/#website\"},\"datePublished\":\"2023-03-01T13:15:02+00:00\",\"dateModified\":\"2024-05-28T11:53:23+00:00\",\"breadcrumb\":{\"@id\":\"https:\/\/thierry-derparseghian.com\/?page_id=984&lang=en#breadcrumb\"},\"inLanguage\":\"fr-FR\",\"potentialAction\":[{\"@type\":\"ReadAction\",\"target\":[\"https:\/\/thierry-derparseghian.com\/?page_id=984&lang=en\"]}]},{\"@type\":\"BreadcrumbList\",\"@id\":\"https:\/\/thierry-derparseghian.com\/?page_id=984&lang=en#breadcrumb\",\"itemListElement\":[{\"@type\":\"ListItem\",\"position\":1,\"name\":\"Accueil\",\"item\":\"https:\/\/thierry-derparseghian.com\/\"},{\"@type\":\"ListItem\",\"position\":2,\"name\":\"THE AUTHOR\"}]},{\"@type\":\"WebSite\",\"@id\":\"https:\/\/thierry-derparseghian.com\/#website\",\"url\":\"https:\/\/thierry-derparseghian.com\/\",\"name\":\"Thierry DER-PARSEGHIAN\",\"description\":\"Auteur, romancier\",\"publisher\":{\"@id\":\"https:\/\/thierry-derparseghian.com\/#\/schema\/person\/bd0e1bb200ca983d4c3359b2aa055508\"},\"inLanguage\":\"fr-FR\"},{\"@type\":[\"Person\",\"Organization\"],\"@id\":\"https:\/\/thierry-derparseghian.com\/#\/schema\/person\/bd0e1bb200ca983d4c3359b2aa055508\",\"name\":\"tdp\",\"image\":{\"@type\":\"ImageObject\",\"inLanguage\":\"fr-FR\",\"@id\":\"https:\/\/thierry-derparseghian.com\/#\/schema\/person\/image\/\",\"url\":\"https:\/\/thierry-derparseghian.com\/wp-content\/uploads\/2023\/03\/thierry_der-parseghian_500.jpg\",\"contentUrl\":\"https:\/\/thierry-derparseghian.com\/wp-content\/uploads\/2023\/03\/thierry_der-parseghian_500.jpg\",\"width\":500,\"height\":613,\"caption\":\"tdp\"},\"logo\":{\"@id\":\"https:\/\/thierry-derparseghian.com\/#\/schema\/person\/image\/\"},\"description\":\"Thierry DER-PARSEGHIAN est un auteur, romancier fran\u00e7ais n\u00e9 \u00e0 Marseille. Il enseigne le marketing, la strat\u00e9gie d'entreprise et le management commercial en \u00e9cole de commerce. Il publie \u00e9galement des ouvrages scolaires destin\u00e9s \u00e0 l'enseignement sup\u00e9rieur, mais aussi, par pure passion pour la gastronomie, des livres de cuisine !\",\"sameAs\":[\"https:\/\/thierry-derparseghian.com\",\"https:\/\/fr.linkedin.com\/in\/thierry-der-parseghian\"]}]}<\/script>\n<!-- \/ Yoast SEO plugin. -->","yoast_head_json":{"title":"THE AUTHOR - Thierry DER-PARSEGHIAN","robots":{"index":"index","follow":"follow","max-snippet":"max-snippet:-1","max-image-preview":"max-image-preview:large","max-video-preview":"max-video-preview:-1"},"canonical":"https:\/\/thierry-derparseghian.com\/?page_id=984&lang=en","og_locale":"fr_FR","og_type":"article","og_title":"THE AUTHOR - Thierry DER-PARSEGHIAN","og_description":"THE AUTHOR","og_url":"https:\/\/thierry-derparseghian.com\/?page_id=984&lang=en","og_site_name":"Thierry DER-PARSEGHIAN","article_modified_time":"2024-05-28T11:53:23+00:00","og_image":[{"url":"https:\/\/thierry-derparseghian.com\/wp-content\/uploads\/2023\/03\/thierry_der-parseghian_500-1.jpg"}],"twitter_card":"summary_large_image","twitter_misc":{"Dur\u00e9e de lecture estim\u00e9e":"2 minutes"},"schema":{"@context":"https:\/\/schema.org","@graph":[{"@type":"WebPage","@id":"https:\/\/thierry-derparseghian.com\/?page_id=984&lang=en","url":"https:\/\/thierry-derparseghian.com\/?page_id=984&lang=en","name":"THE AUTHOR - Thierry DER-PARSEGHIAN","isPartOf":{"@id":"https:\/\/thierry-derparseghian.com\/#website"},"datePublished":"2023-03-01T13:15:02+00:00","dateModified":"2024-05-28T11:53:23+00:00","breadcrumb":{"@id":"https:\/\/thierry-derparseghian.com\/?page_id=984&lang=en#breadcrumb"},"inLanguage":"fr-FR","potentialAction":[{"@type":"ReadAction","target":["https:\/\/thierry-derparseghian.com\/?page_id=984&lang=en"]}]},{"@type":"BreadcrumbList","@id":"https:\/\/thierry-derparseghian.com\/?page_id=984&lang=en#breadcrumb","itemListElement":[{"@type":"ListItem","position":1,"name":"Accueil","item":"https:\/\/thierry-derparseghian.com\/"},{"@type":"ListItem","position":2,"name":"THE AUTHOR"}]},{"@type":"WebSite","@id":"https:\/\/thierry-derparseghian.com\/#website","url":"https:\/\/thierry-derparseghian.com\/","name":"Thierry DER-PARSEGHIAN","description":"Auteur, romancier","publisher":{"@id":"https:\/\/thierry-derparseghian.com\/#\/schema\/person\/bd0e1bb200ca983d4c3359b2aa055508"},"inLanguage":"fr-FR"},{"@type":["Person","Organization"],"@id":"https:\/\/thierry-derparseghian.com\/#\/schema\/person\/bd0e1bb200ca983d4c3359b2aa055508","name":"tdp","image":{"@type":"ImageObject","inLanguage":"fr-FR","@id":"https:\/\/thierry-derparseghian.com\/#\/schema\/person\/image\/","url":"https:\/\/thierry-derparseghian.com\/wp-content\/uploads\/2023\/03\/thierry_der-parseghian_500.jpg","contentUrl":"https:\/\/thierry-derparseghian.com\/wp-content\/uploads\/2023\/03\/thierry_der-parseghian_500.jpg","width":500,"height":613,"caption":"tdp"},"logo":{"@id":"https:\/\/thierry-derparseghian.com\/#\/schema\/person\/image\/"},"description":"Thierry DER-PARSEGHIAN est un auteur, romancier fran\u00e7ais n\u00e9 \u00e0 Marseille. Il enseigne le marketing, la strat\u00e9gie d'entreprise et le management commercial en \u00e9cole de commerce. Il publie \u00e9galement des ouvrages scolaires destin\u00e9s \u00e0 l'enseignement sup\u00e9rieur, mais aussi, par pure passion pour la gastronomie, des livres de cuisine !","sameAs":["https:\/\/thierry-derparseghian.com","https:\/\/fr.linkedin.com\/in\/thierry-der-parseghian"]}]}},"_links":{"self":[{"href":"https:\/\/thierry-derparseghian.com\/index.php?rest_route=\/wp\/v2\/pages\/984","targetHints":{"allow":["GET"]}}],"collection":[{"href":"https:\/\/thierry-derparseghian.com\/index.php?rest_route=\/wp\/v2\/pages"}],"about":[{"href":"https:\/\/thierry-derparseghian.com\/index.php?rest_route=\/wp\/v2\/types\/page"}],"author":[{"embeddable":true,"href":"https:\/\/thierry-derparseghian.com\/index.php?rest_route=\/wp\/v2\/users\/1"}],"replies":[{"embeddable":true,"href":"https:\/\/thierry-derparseghian.com\/index.php?rest_route=%2Fwp%2Fv2%2Fcomments&post=984"}],"version-history":[{"count":16,"href":"https:\/\/thierry-derparseghian.com\/index.php?rest_route=\/wp\/v2\/pages\/984\/revisions"}],"predecessor-version":[{"id":3108,"href":"https:\/\/thierry-derparseghian.com\/index.php?rest_route=\/wp\/v2\/pages\/984\/revisions\/3108"}],"wp:attachment":[{"href":"https:\/\/thierry-derparseghian.com\/index.php?rest_route=%2Fwp%2Fv2%2Fmedia&parent=984"}],"curies":[{"name":"wp","href":"https:\/\/api.w.org\/{rel}","templated":true}]}}